{"id":12006,"date":"2023-09-08T10:46:34","date_gmt":"2023-09-08T08:46:34","guid":{"rendered":"https:\/\/iicbuenosaires.esteri.it\/news\/rassegna-stampa\/"},"modified":"2025-01-08T17:25:30","modified_gmt":"2025-01-08T16:25:30","slug":"rassegna-stampa","status":"publish","type":"page","link":"https:\/\/iicbuenosaires.esteri.it\/es\/news\/rassegna-stampa\/","title":{"rendered":"Rassegna Stampa"},"content":{"rendered":"<header class=\"entry-header\"><\/header>\n<div class=\"entry-content\">\n<p><img loading=\"lazy\" decoding=\"async\" class=\"alignnone size-medium wp-image-126 img-fluid\" src=\"https:\/\/iicbuenosaires.esteri.it\/wp-content\/uploads\/2023\/09\/rassegna_stampa-300x169.jpg\" alt=\"rassegna_stampa\" width=\"300\" height=\"169\" srcset=\"https:\/\/iicbuenosaires.esteri.it\/wp-content\/uploads\/2023\/09\/rassegna_stampa-300x169.jpg 300w, https:\/\/iicbuenosaires.esteri.it\/wp-content\/uploads\/2023\/09\/rassegna_stampa-768x432.jpg 768w, https:\/\/iicbuenosaires.esteri.it\/wp-content\/uploads\/2023\/09\/rassegna_stampa.jpg 894w\" sizes=\"auto, (max-width: 300px) 100vw, 300px\" \/><\/p>\n<\/div>\n<div><strong>Colecci\u00f3n cronol\u00f3gica de los art\u00edculos period\u00edsticos sobre nuestras actividades culturales.<\/strong><\/div>\n<div><\/div>\n<div><strong><em>En el men\u00fa de la derecha, los art\u00edculos est\u00e1n ordenados cronol\u00f3gicamente por a\u00f1o.<\/em><\/strong><\/div>\n<div><\/div>\n<div><strong><a href=\"https:\/\/iicbuenosaires.esteri.it\/wp-content\/uploads\/2024\/10\/Netiquette-dei-social-media-IIC-Buenos-AIres_2024.pdf\">Netiquette de las redes sociales del IIC Buenos AIres. Pautas de 2024<\/a><\/strong><\/div>\n","protected":false},"excerpt":{"rendered":"Colecci\u00f3n cronol\u00f3gica de los art\u00edculos period\u00edsticos sobre nuestras actividades culturales. En el men\u00fa de la derecha, los art\u00edculos est\u00e1n ordenados cronol\u00f3gicamente por a\u00f1o. Netiquette de las redes sociales del IIC Buenos AIres. Pautas de 2024","protected":false},"author":1,"featured_media":0,"parent":82,"menu_order":0,"comment_status":"closed","ping_status":"closed","template":"","meta":{"footnotes":""},"class_list":["post-12006","page","type-page","status-publish","hentry"],"_links":{"self":[{"href":"https:\/\/iicbuenosaires.esteri.it\/es\/wp-json\/wp\/v2\/pages\/12006","targetHints":{"allow":["GET"]}}],"collection":[{"href":"https:\/\/iicbuenosaires.esteri.it\/es\/wp-json\/wp\/v2\/pages"}],"about":[{"href":"https:\/\/iicbuenosaires.esteri.it\/es\/wp-json\/wp\/v2\/types\/page"}],"author":[{"embeddable":true,"href":"https:\/\/iicbuenosaires.esteri.it\/es\/wp-json\/wp\/v2\/users\/1"}],"replies":[{"embeddable":true,"href":"https:\/\/iicbuenosaires.esteri.it\/es\/wp-json\/wp\/v2\/comments?post=12006"}],"version-history":[{"count":3,"href":"https:\/\/iicbuenosaires.esteri.it\/es\/wp-json\/wp\/v2\/pages\/12006\/revisions"}],"predecessor-version":[{"id":13716,"href":"https:\/\/iicbuenosaires.esteri.it\/es\/wp-json\/wp\/v2\/pages\/12006\/revisions\/13716"}],"up":[{"embeddable":true,"href":"https:\/\/iicbuenosaires.esteri.it\/es\/wp-json\/wp\/v2\/pages\/82"}],"wp:attachment":[{"href":"https:\/\/iicbuenosaires.esteri.it\/es\/wp-json\/wp\/v2\/media?parent=12006"}],"curies":[{"name":"wp","href":"https:\/\/api.w.org\/{rel}","templated":true}]}}