{"id":13168,"date":"2023-09-28T22:30:07","date_gmt":"2023-09-28T20:30:07","guid":{"rendered":"https:\/\/iicbuenosaires.esteri.it\/chi-siamo\/la-sede\/come-contattarci\/"},"modified":"2026-01-22T20:33:31","modified_gmt":"2026-01-22T19:33:31","slug":"come-contattarci","status":"publish","type":"page","link":"https:\/\/iicbuenosaires.esteri.it\/es\/chi-siamo\/la-sede\/come-contattarci\/","title":{"rendered":"Contactos"},"content":{"rendered":"<p><span class=\"titoloCategoria\">Istituto Italiano di Cultura di Buenos Aires<\/span><br \/>\nM.T. de Alvear 1119 \u2013 3\u00ba piano<br \/>\n(1058) Capital Federal<br \/>\nTel. +\u00a054\u00a011\u00a05252-6800<br \/>\n<a href=\"mailto:iicbuenosaires@esteri.it\">iicbuenosaires@esteri.it<\/a><\/p>\n<p><strong>Mail CURSOS de ITALIANO<\/strong>: <a href=\"mailto:corsilingua.iicbuenosaires@esteri.it\">corsilingua.iicbuenosaires@esteri.it<\/a><\/p>\n<article role=\"main\" aria-label=\"articolo\"><\/article>\n<article role=\"main\" aria-label=\"articolo\"><\/article>\n<article role=\"main\" aria-label=\"articolo\"><\/article>\n<article role=\"main\" aria-label=\"articolo\"><\/article>\n<article role=\"main\" aria-label=\"articolo\"><\/article>\n<p><span class=\"titoloCategoria\"><strong>Horario de apertura al p\u00fablico:<\/strong><\/span><\/p>\n<p>Lunes a Jueves: 9.00 &#8211; 16.30<\/p>\n<p>Viernes:\u00a0 9.00 &#8211; 14.00<\/p>\n<article role=\"main\" aria-label=\"articolo\"><\/article>\n<article role=\"main\" aria-label=\"articolo\"><\/article>\n<article role=\"main\" aria-label=\"articolo\"><\/article>\n<article role=\"main\" aria-label=\"articolo\"><\/article>\n<article role=\"main\" aria-label=\"articolo\"><\/article>\n<p><span class=\"titoloCategoria\"><strong>Calendario de feriados 2026:<\/strong><\/span><\/p>\n<article class=\"col-md-19 col-sm-19 padding_articolo item-page\" role=\"main\" aria-label=\"articolo\">01\/01 A\u00f1o Nuevo<\/article>\n<article class=\"col-md-19 col-sm-19 padding_articolo item-page\" role=\"main\" aria-label=\"articolo\">18\/04 Viernes Santo<\/article>\n<article class=\"col-md-19 col-sm-19 padding_articolo item-page\" role=\"main\" aria-label=\"articolo\">21\/04<em> Luned\u00ec dell\u2019Angelo<\/em><\/article>\n<article class=\"col-md-19 col-sm-19 padding_articolo item-page\" role=\"main\" aria-label=\"articolo\">25\/04 <em>Festa della Liberazione<\/em><\/article>\n<article class=\"col-md-19 col-sm-19 padding_articolo item-page\" role=\"main\" aria-label=\"articolo\">01\/05 D\u00eda del Trabajador<\/article>\n<article class=\"col-md-19 col-sm-19 padding_articolo item-page\" role=\"main\" aria-label=\"articolo\">25\/05 D\u00eda de la Revoluci\u00f3n de Mayo<\/article>\n<article class=\"col-md-19 col-sm-19 padding_articolo item-page\" role=\"main\" aria-label=\"articolo\">02\/06 <em>Festa della Repubblica<\/em><\/article>\n<article class=\"col-md-19 col-sm-19 padding_articolo item-page\" role=\"main\" aria-label=\"articolo\">09\/07 D\u00eda de la Independencia<\/article>\n<article role=\"main\" aria-label=\"articolo\">04\/10 San Francesco<\/article>\n<article class=\"col-md-19 col-sm-19 padding_articolo item-page\" role=\"main\" aria-label=\"articolo\">10\/10 D\u00eda del Respeto a la Diversidad Cultural<\/article>\n<article class=\"col-md-19 col-sm-19 padding_articolo item-page\" role=\"main\" aria-label=\"articolo\">25\/12 Navidad<\/article>\n<article class=\"col-md-19 col-sm-19 padding_articolo item-page\" role=\"main\" aria-label=\"articolo\">26\/12 Santo Stefano<\/article>\n<article role=\"main\" aria-label=\"articolo\"><\/article>\n<article role=\"main\" aria-label=\"articolo\"><\/article>\n<article role=\"main\" aria-label=\"articolo\"><\/article>\n<article role=\"main\" aria-label=\"articolo\"><\/article>\n<article role=\"main\" aria-label=\"articolo\"><\/article>\n<article role=\"main\" aria-label=\"articolo\"><\/article>\n<article role=\"main\" aria-label=\"articolo\"><em><strong>Propuestas y solicitudes<\/strong><\/em><br \/>\n<em>Las propuestas culturales pueden enviarse a la direcci\u00f3n <a href=\"mailto:iicbuenosaires@esteri.it\">iicbuenosaires@esteri.it<\/a>.<\/em><br \/>\n<em>En caso de estar interesados, nos pondremos en contacto con ustedes. Dado el elevado n\u00famero de propuestas que recibimos a diario, solo podremos responder a aquellas que puedan ser tenidas en cuenta.<\/em><\/article>\n<article role=\"main\" aria-label=\"articolo\"><\/article>\n<article role=\"main\" aria-label=\"articolo\"><em>No se evaluar\u00e1n las propuestas enviadas a otras direcciones de correo electr\u00f3nico, por correo postal, presentadas por tel\u00e9fono o en persona.<\/em><\/article>\n<article role=\"main\" aria-label=\"articolo\"><\/article>\n<article role=\"main\" aria-label=\"articolo\"><\/article>\n<article role=\"main\" aria-label=\"articolo\"><em>No se devolver\u00e1n libros, CD ni otro material enviado que no hubiera sido solicitado por el Instituto.<\/em><\/article>\n<article role=\"main\" aria-label=\"articolo\"><\/article>\n<article role=\"main\" aria-label=\"articolo\"><\/article>\n<article role=\"main\" aria-label=\"articolo\"><em>Para m\u00e1s informaci\u00f3n sobre la pol\u00edtica de tratamiento de datos personales de las propuestas culturales, consulte la secci\u00f3n correspondiente de la p\u00e1gina sobre<\/em> <a href=\"https:\/\/iicbuenosaires.esteri.it\/es\/amministrazione-trasparente\/\">https:\/\/iicbuenosaires.esteri.it\/it\/amministrazione-trasparente\/<\/a>\u00a0<\/article>\n","protected":false},"excerpt":{"rendered":"Istituto Italiano di Cultura di Buenos Aires M.T. de Alvear 1119 \u2013 3\u00ba piano (1058) Capital Federal Tel. +\u00a054\u00a011\u00a05252-6800 iicbuenosaires@esteri.it Mail CURSOS de ITALIANO: corsilingua.iicbuenosaires@esteri.it Horario de apertura al p\u00fablico: Lunes a Jueves: 9.00 &#8211; 16.30 Viernes:\u00a0 9.00 &#8211; 14.00 Calendario de feriados 2026: 01\/01 A\u00f1o Nuevo 18\/04 Viernes Santo 21\/04 Luned\u00ec dell\u2019Angelo 25\/04 Festa [&hellip;]","protected":false},"author":3,"featured_media":0,"parent":67,"menu_order":1,"comment_status":"closed","ping_status":"closed","template":"","meta":{"footnotes":""},"class_list":["post-13168","page","type-page","status-publish","hentry"],"_links":{"self":[{"href":"https:\/\/iicbuenosaires.esteri.it\/es\/wp-json\/wp\/v2\/pages\/13168","targetHints":{"allow":["GET"]}}],"collection":[{"href":"https:\/\/iicbuenosaires.esteri.it\/es\/wp-json\/wp\/v2\/pages"}],"about":[{"href":"https:\/\/iicbuenosaires.esteri.it\/es\/wp-json\/wp\/v2\/types\/page"}],"author":[{"embeddable":true,"href":"https:\/\/iicbuenosaires.esteri.it\/es\/wp-json\/wp\/v2\/users\/3"}],"replies":[{"embeddable":true,"href":"https:\/\/iicbuenosaires.esteri.it\/es\/wp-json\/wp\/v2\/comments?post=13168"}],"version-history":[{"count":7,"href":"https:\/\/iicbuenosaires.esteri.it\/es\/wp-json\/wp\/v2\/pages\/13168\/revisions"}],"predecessor-version":[{"id":20974,"href":"https:\/\/iicbuenosaires.esteri.it\/es\/wp-json\/wp\/v2\/pages\/13168\/revisions\/20974"}],"up":[{"embeddable":true,"href":"https:\/\/iicbuenosaires.esteri.it\/es\/wp-json\/wp\/v2\/pages\/67"}],"wp:attachment":[{"href":"https:\/\/iicbuenosaires.esteri.it\/es\/wp-json\/wp\/v2\/media?parent=13168"}],"curies":[{"name":"wp","href":"https:\/\/api.w.org\/{rel}","templated":true}]}}