{"id":13720,"date":"2024-11-04T21:14:41","date_gmt":"2024-11-04T20:14:41","guid":{"rendered":"https:\/\/iicbuenosaires.esteri.it\/news\/rassegna-stampa\/rassegna-stampa-2024-articulos-periodisticos-2024\/"},"modified":"2026-02-04T19:12:22","modified_gmt":"2026-02-04T18:12:22","slug":"rassegna-stampa-2024-articulos-periodisticos-2024","status":"publish","type":"page","link":"https:\/\/iicbuenosaires.esteri.it\/es\/news\/rassegna-stampa\/rassegna-stampa-2024-articulos-periodisticos-2024\/","title":{"rendered":"Rassegna stampa 2024 \/ Art\u00edculos period\u00edsticos 2024"},"content":{"rendered":"<p><a href=\"https:\/\/iicbuenosaires.esteri.it\/wp-content\/uploads\/2024\/10\/Comienza-el-Encuentro-de-Cine-Europeo-una-ventana-a-la-diversidad-y-juventud-Infobae-14.10.2024.pdf\">Comienza el Encuentro de Cine Europeo una ventana a la diversidad y juventud<\/a>\u00a0\u2013 Infobae \u2013 14\/10\/2024<\/p>\n<p><a href=\"https:\/\/iicbuenosaires.esteri.it\/wp-content\/uploads\/2024\/10\/Es-creador-de-la-musica-de-La-vida-es-bella-y-fue-a-Hollywood-solo-para-recibir-un-Oscar-LA-NACION-13-10-2024.pdf\">Es creador de la m\u00fasica de La vida es bella y fue a Hollywood s\u00f3lo para recibir un Oscar<\/a>\u00a0\u2013 LA NACION \u2013 13\/10\/2024<\/p>\n<p><a href=\"https:\/\/iicbuenosaires.esteri.it\/wp-content\/uploads\/2024\/10\/Tres-muestras-en-paralelo-ilustran-el-intenso-vinculo-con-el-gran-compositor-de-la-opera-italiana-LA-NACION-08.10.2024_compressed.pdf\">Tres muestras en paralelo ilustran el intenso v\u00ednculo con el gran compositor de la \u00f3pera italiana<\/a>\u00a0\u2013 LA NACION \u2013 08\/10\/2024<\/p>\n<p><a href=\"https:\/\/iicbuenosaires.esteri.it\/wp-content\/uploads\/2024\/11\/Puccini-centenario-tres-muestras-recorren-su-profunda-conexion-con-Buenos-Aires-Infobae-03.10.2024.pdf\">Puccini centenario tres muestras recorren su profunda conexi\u00f3n con Buenos Aires<\/a>\u00a0\u2013 Infobae \u2013 03\/10\/2024<\/p>\n<p><a href=\"https:\/\/iicbuenosaires.esteri.it\/wp-content\/uploads\/2024\/10\/Argentina-celebra-a-Marcello-Mastroianni-Ansa-14.09.2024.pdf\">Argentina celebra a Marcello Mastroianni\u00a0<\/a>\u2013 Ansa \u2013 14\/09\/2024<\/p>\n<p><a href=\"https:\/\/iicbuenosaires.esteri.it\/wp-content\/uploads\/2024\/10\/Arte-mafia-y-fotos-favoritas_-el-Recoleta-inaugura-tres-muestras-imperdibles-Infobae-27.08.2024.pdf\">Arte, mafia y fotos favoritas_ el Recoleta inaugura tres muestras imperdibles<\/a>\u00a0\u2013 Infobae- 27\/08\/2024<\/p>\n<p><a href=\"https:\/\/iicbuenosaires.esteri.it\/wp-content\/uploads\/2024\/10\/Un-recorrido-por-la-obra-de-Battaglia-en-el-Centro-Cultural-Recoleta-%E2%80%94-Il-Globo-23.08.2024.pdf\">Un recorrido por la obra de Battaglia, en el Centro Cultural Recoleta<\/a>\u00a0\u2014 Il Globo 23\/08\/2024<\/p>\n<p><a href=\"https:\/\/iicbuenosaires.esteri.it\/wp-content\/uploads\/2024\/10\/Guia-de-Arte-y-Cultura_-semana-del-23-al-30-de-agosto-Infobae-23.08.2024.pdf\">Gu\u00eda de Arte y Cultura_ semana del 23 al 30 de agosto<\/a>\u00a0\u2013 Infobae 23\/08\/2024<\/p>\n<p><a href=\"https:\/\/iicbuenosaires.esteri.it\/wp-content\/uploads\/2024\/10\/La-muestra-de-la-italiana-Letizia-Battaglia-brilla-en-Buenos-Aires-%E2%80%93-Radio-Cultura-20.08.2024.pdf\">La muestra de la italiana Letizia Battaglia brilla en Buenos Aires<\/a>\u00a0\u2013 Radio Cultura 20\/08\/2024<\/p>\n<p><a href=\"https:\/\/iicbuenosaires.esteri.it\/wp-content\/uploads\/2024\/10\/LETIZIA-BATTAGLIA.-CRONICA-VIDA-AMOR_-REVISTA-PPV-Periodismo-Por-Venir-19.08.2024.pdf\">LETIZIA BATTAGLIA. CR\u00d3NICA, VIDA, AMOR<\/a>_ \u2013 REVISTA PPV \u2013 Periodismo Por Venir 19\/08\/2024<\/p>\n<p><a href=\"https:\/\/iicbuenosaires.esteri.it\/wp-content\/uploads\/2024\/10\/La-fotografia-della-palermitana-Letizia-Battaglia-sara-in-mostra-a-Buenos-Aires-Giornale-di-Sicilia-16.08.2024.pdf\">La fotografia della palermitana Letizia Battaglia sar\u00e0 in mostra a Buenos Aires<\/a>\u00a0\u2013 Giornale di Sicilia 16\/08\/2024<\/p>\n<p><a href=\"https:\/\/iicbuenosaires.esteri.it\/wp-content\/uploads\/2024\/10\/Las-fotos-de-Letizia-Battaglia-en-Buenos-Aires-Ultimas-noticias-Ansa.it-16.08.2024.pdf\">Las fotos de Letizia Battaglia en Buenos Aires \u2013 \u00daltimas noticias<\/a>\u00a0\u2013 Ansa.it 16\/08\/2024<\/p>\n<p><a href=\"https:\/\/iicbuenosaires.esteri.it\/wp-content\/uploads\/2024\/11\/Vuelve-Turandot-con-una-mujer-que-por-primer-vez-dirigira-en-el-Teatro-Colon-Estoy-preparada-y-tengo-derecho-16.05.2024.pdf\">Vuelve Turandot, con una mujer que por primer vez dirigir\u00e1 en el Teatro Col\u00f3n \u201cEstoy preparada y tengo derecho\u201d<\/a>\u00a0\u2013 Clar\u00edn 16\/05\/2024<\/p>\n<p><a href=\"https:\/\/iicbuenosaires.esteri.it\/wp-content\/uploads\/2024\/10\/Dia-de-Italia-en-la-Feria-del-Libro-de-Buenos-Aires-Cultura-y-Moda-Ansa.it-27.04.2024.pdf\">D\u00eda de Italia en la Feria del Libro de Buenos Aires \u2013 Cultura y Moda<\/a>\u00a0\u2013 Ansa.it \u2013 27\/04\/2024<\/p>\n<p><a href=\"https:\/\/iicbuenosaires.esteri.it\/wp-content\/uploads\/2024\/10\/Imperdibles-italianos-Marco-Bellocchio-Nanni-Moretti-Alice-Rohrwacher-y-el-musical-feminista-del-que-hablo-toda-la-peninsula-La-Nacion-09.04.2024.pdf\">Imperdibles italianos Marco Bellocchio, Nanni Moretti, Alice Rohrwacher y el musical feminista del que habl\u00f3 toda la pen\u00ednsula<\/a>\u00a0La Nacion 09\/04\/2024<\/p>\n<p><a href=\"https:\/\/iicbuenosaires.esteri.it\/wp-content\/uploads\/2024\/10\/5-peliculas-imperdibles-de-la-Semana-de-Cine-Italiano-en-su-decimo-aniversario-03.04.2024.pdf\">5 pel\u00edculas imperdibles de la Semana de Cine Italiano, en su d\u00e9cimo aniversario\u00a0<\/a>\u2013 Infobae 03\/04\/2024<\/p>\n<p><a href=\"https:\/\/iicbuenosaires.esteri.it\/wp-content\/uploads\/2024\/10\/Lo-que-dejo-en-Buenos-Aires-la-partida-del-buque-mas-lindo-del-mundo-LA-NACION-21.03.2024.pdf\">Lo que dej\u00f3 en Buenos Aires la partida del buque m\u00e1s lindo del mundo<\/a>\u00a0\u2013 LA NACION 21\/03\/2024<\/p>\n<p><a href=\"https:\/\/iicbuenosaires.esteri.it\/wp-content\/uploads\/2024\/10\/La-nave-piu-bella-del-mondo-llega-al-puerto-Buenos-Aires-y-con-ella-una-muestra-de-un-prestigioso-fotografo-milanes-Infobae_16.03.2024.pdf\">\u201cLa nave pi\u00f9 bella del mondo\u201d llega al puerto Buenos Aires y con ella una muestra de un prestigioso fot\u00f3grafo milan\u00e9s\u00a0<\/a>\u2013 Infobae 16\/03\/2024<\/p>\n<p><a href=\"https:\/\/iicbuenosaires.esteri.it\/wp-content\/uploads\/2024\/10\/La-Italia-prerromana-se-expone-a-traves-de-reliquias-de-mas-de-2-mil-anos-Infobae-11.01.2024.pdf\">La Italia prerromana se expone a trav\u00e9s de reliquias de m\u00e1s de 2 mil a\u00f1os<\/a>\u00a0\u2013 Infobae 11\/01\/2024<\/p>\n","protected":false},"excerpt":{"rendered":"Comienza el Encuentro de Cine Europeo una ventana a la diversidad y juventud\u00a0\u2013 Infobae \u2013 14\/10\/2024 Es creador de la m\u00fasica de La vida es bella y fue a Hollywood s\u00f3lo para recibir un Oscar\u00a0\u2013 LA NACION \u2013 13\/10\/2024 Tres muestras en paralelo ilustran el intenso v\u00ednculo con el gran compositor de la \u00f3pera italiana\u00a0\u2013 [&hellip;]","protected":false},"author":3,"featured_media":0,"parent":12006,"menu_order":3,"comment_status":"closed","ping_status":"closed","template":"","meta":{"footnotes":""},"class_list":["post-13720","page","type-page","status-publish","hentry"],"_links":{"self":[{"href":"https:\/\/iicbuenosaires.esteri.it\/es\/wp-json\/wp\/v2\/pages\/13720","targetHints":{"allow":["GET"]}}],"collection":[{"href":"https:\/\/iicbuenosaires.esteri.it\/es\/wp-json\/wp\/v2\/pages"}],"about":[{"href":"https:\/\/iicbuenosaires.esteri.it\/es\/wp-json\/wp\/v2\/types\/page"}],"author":[{"embeddable":true,"href":"https:\/\/iicbuenosaires.esteri.it\/es\/wp-json\/wp\/v2\/users\/3"}],"replies":[{"embeddable":true,"href":"https:\/\/iicbuenosaires.esteri.it\/es\/wp-json\/wp\/v2\/comments?post=13720"}],"version-history":[{"count":1,"href":"https:\/\/iicbuenosaires.esteri.it\/es\/wp-json\/wp\/v2\/pages\/13720\/revisions"}],"predecessor-version":[{"id":13721,"href":"https:\/\/iicbuenosaires.esteri.it\/es\/wp-json\/wp\/v2\/pages\/13720\/revisions\/13721"}],"up":[{"embeddable":true,"href":"https:\/\/iicbuenosaires.esteri.it\/es\/wp-json\/wp\/v2\/pages\/12006"}],"wp:attachment":[{"href":"https:\/\/iicbuenosaires.esteri.it\/es\/wp-json\/wp\/v2\/media?parent=13720"}],"curies":[{"name":"wp","href":"https:\/\/api.w.org\/{rel}","templated":true}]}}