{"id":14559,"date":"2025-03-05T16:40:45","date_gmt":"2025-03-05T15:40:45","guid":{"rendered":"https:\/\/iicbuenosaires.esteri.it\/?page_id=14559"},"modified":"2025-03-13T15:58:57","modified_gmt":"2025-03-13T14:58:57","slug":"avisos","status":"publish","type":"page","link":"https:\/\/iicbuenosaires.esteri.it\/es\/lingua-e-cultura\/premi-alla-traduzione\/avisos\/","title":{"rendered":"Contribuciones econ\u00f3micas del MAECI"},"content":{"rendered":"<p>En esta secci\u00f3n publicaremos las contribuciones econ\u00f3micas que ofrece el Ministerio de Asuntos Exteriores y de la Cooperaci\u00f3n Internacional que pueden resultar de inter\u00e9s a los italianistas en Argentina, a las Universidades que cuentan con c\u00e1tedras de italiano o deseen crearlas, a los profesores e investigadores invitados por una Universidad italiana para dictar cursos y seminarios, etc.<\/p>\n","protected":false},"excerpt":{"rendered":"En esta secci\u00f3n publicaremos las contribuciones econ\u00f3micas que ofrece el Ministerio de Asuntos Exteriores y de la Cooperaci\u00f3n Internacional que pueden resultar de inter\u00e9s a los italianistas en Argentina, a las Universidades que cuentan con c\u00e1tedras de italiano o deseen crearlas, a los profesores e investigadores invitados por una Universidad italiana para dictar cursos y [&hellip;]","protected":false},"author":3,"featured_media":0,"parent":72,"menu_order":10,"comment_status":"closed","ping_status":"closed","template":"","meta":{"footnotes":""},"class_list":["post-14559","page","type-page","status-publish","hentry"],"_links":{"self":[{"href":"https:\/\/iicbuenosaires.esteri.it\/es\/wp-json\/wp\/v2\/pages\/14559","targetHints":{"allow":["GET"]}}],"collection":[{"href":"https:\/\/iicbuenosaires.esteri.it\/es\/wp-json\/wp\/v2\/pages"}],"about":[{"href":"https:\/\/iicbuenosaires.esteri.it\/es\/wp-json\/wp\/v2\/types\/page"}],"author":[{"embeddable":true,"href":"https:\/\/iicbuenosaires.esteri.it\/es\/wp-json\/wp\/v2\/users\/3"}],"replies":[{"embeddable":true,"href":"https:\/\/iicbuenosaires.esteri.it\/es\/wp-json\/wp\/v2\/comments?post=14559"}],"version-history":[{"count":4,"href":"https:\/\/iicbuenosaires.esteri.it\/es\/wp-json\/wp\/v2\/pages\/14559\/revisions"}],"predecessor-version":[{"id":14812,"href":"https:\/\/iicbuenosaires.esteri.it\/es\/wp-json\/wp\/v2\/pages\/14559\/revisions\/14812"}],"up":[{"embeddable":true,"href":"https:\/\/iicbuenosaires.esteri.it\/es\/wp-json\/wp\/v2\/pages\/72"}],"wp:attachment":[{"href":"https:\/\/iicbuenosaires.esteri.it\/es\/wp-json\/wp\/v2\/media?parent=14559"}],"curies":[{"name":"wp","href":"https:\/\/api.w.org\/{rel}","templated":true}]}}