{"id":14609,"date":"2025-03-05T17:37:01","date_gmt":"2025-03-05T16:37:01","guid":{"rendered":"https:\/\/iicbuenosaires.esteri.it\/?page_id=14609"},"modified":"2026-03-17T16:25:22","modified_gmt":"2026-03-17T15:25:22","slug":"premios-y-contribuciones-del-maeci-para-la-traduccion","status":"publish","type":"page","link":"https:\/\/iicbuenosaires.esteri.it\/es\/lingua-e-cultura\/premi-alla-traduzione\/premios-y-contribuciones-del-maeci-para-la-traduccion\/","title":{"rendered":"Premios y contribuciones del MAECI para la traducci\u00f3n"},"content":{"rendered":"<p>El <strong>Ministerio de Asuntos Exteriores y de la Cooperaci\u00f3n Internacional<\/strong> promueve la difusi\u00f3n del libro y de la cinematograf\u00eda italiana en el exterios mediante la concesi\u00f3n de incentivos a la traducci\u00f3n y al doblaje\/subtitulado, que representan un instrumento estrat\u00e9gico para la promoci\u00f3n de la lengua y la cultura italianas en el extranjero.<\/p>\n<p>&nbsp;<\/p>\n<p>El Ministerio de Asuntos Exteriores y de la Cooperaci\u00f3n Internacional ofrece <strong>dos tipos de incentivos financieros<\/strong>:<\/p>\n<p><strong>CONTRIBUCIONES<\/strong> para:<\/p>\n<p>la difusi\u00f3n del libro italiano\u00a0 a trav\u00e9s de su traducci\u00f3n y publicaci\u00f3n (obras literarias y cient\u00edficas italianas) tambi\u00e9n en formato digital (libro electr\u00f3nico o e-book) cuya <strong>publicaci\u00f3n est\u00e9 prevista en fecha posterior al 1 de julio de 2026<\/strong>;<br \/>\nla <strong>producci\u00f3n, el doblaje o el subtitulado de cortometrajes, largometrajes y series de televisi\u00f3n<\/strong> destinados a los medios de comunicaci\u00f3n de masa cuya realizaci\u00f3n est\u00e9 prevista <strong>en fecha posterior al 1 de julio de 2026<\/strong>.<\/p>\n<p><strong>PREMIOS<\/strong> para:<\/p>\n<p>a)Obras literarias y cient\u00edficas italianas, tambi\u00e9n en versi\u00f3n digital (libro electr\u00f3nico o e-book) <strong>que ya hayan sido traducidas y publicadas despu\u00e9s del 1 de enero de 2025<\/strong>;<br \/>\nb)producci\u00f3n, doblaje, subtitulaci\u00f3n de cortometrajes y largometrajes y de series televisivas destinadas a los medios de comunicaci\u00f3n que hayan sido realizadas <strong>despu\u00e9s del 1 de enero de 2025<\/strong>.<\/p>\n<p><strong>Para consultar la convocatoria en italiano <\/strong><strong><a href=\"https:\/\/iicbuenosaires.esteri.it\/wp-content\/uploads\/2026\/03\/ITA_2026-Bando-Premi-e-Contributi.pdf\">haga clic aqu\u00ed.<\/a><\/strong><br \/>\nPara la <strong>convocatoria en espa\u00f1ol <\/strong><strong><a href=\"https:\/\/iicbuenosaires.esteri.it\/wp-content\/uploads\/2026\/03\/ESP-2026_BANDO.pdf\">haga clic aqu\u00ed.<\/a><\/strong><\/p>\n<p><strong>Para el formulario de solicitud en italiano, ingl\u00e9s y espa\u00f1ol <a href=\"https:\/\/iicbuenosaires.esteri.it\/wp-content\/uploads\/2026\/03\/2026-modulo-di-domanda-IT-EN-ESP_RICHIEDENTE.docx\">haga clic aqu\u00ed<\/a>.<\/strong><\/p>\n<p>La solicitud, junto con los documentos solicitados en la convocatoria, deber\u00e1n ser presentados en el Instituto Italiano de Cultura de Buenos Aires (direcci\u00f3n <a href=\"mailto:alicia.mannucci@esteri.it\">alicia.mannucci@esteri.it<\/a> con copia a <a href=\"mailto:bibl.iicbuenosaires@esteri.it\">bibl.iicbuenosaires@esteri.it<\/a>) <strong>antes del 31 de marzo de 2026<\/strong>.<\/p>\n<p>P\u00e1gina actualizada el 17\/03\/2026<\/p>\n","protected":false},"excerpt":{"rendered":"El Ministerio de Asuntos Exteriores y de la Cooperaci\u00f3n Internacional promueve la difusi\u00f3n del libro y de la cinematograf\u00eda italiana en el exterios mediante la concesi\u00f3n de incentivos a la traducci\u00f3n y al doblaje\/subtitulado, que representan un instrumento estrat\u00e9gico para la promoci\u00f3n de la lengua y la cultura italianas en el extranjero. &nbsp; El Ministerio [&hellip;]","protected":false},"author":3,"featured_media":14853,"parent":72,"menu_order":0,"comment_status":"closed","ping_status":"closed","template":"","meta":{"footnotes":""},"class_list":["post-14609","page","type-page","status-publish","has-post-thumbnail","hentry"],"_links":{"self":[{"href":"https:\/\/iicbuenosaires.esteri.it\/es\/wp-json\/wp\/v2\/pages\/14609","targetHints":{"allow":["GET"]}}],"collection":[{"href":"https:\/\/iicbuenosaires.esteri.it\/es\/wp-json\/wp\/v2\/pages"}],"about":[{"href":"https:\/\/iicbuenosaires.esteri.it\/es\/wp-json\/wp\/v2\/types\/page"}],"author":[{"embeddable":true,"href":"https:\/\/iicbuenosaires.esteri.it\/es\/wp-json\/wp\/v2\/users\/3"}],"replies":[{"embeddable":true,"href":"https:\/\/iicbuenosaires.esteri.it\/es\/wp-json\/wp\/v2\/comments?post=14609"}],"version-history":[{"count":6,"href":"https:\/\/iicbuenosaires.esteri.it\/es\/wp-json\/wp\/v2\/pages\/14609\/revisions"}],"predecessor-version":[{"id":22109,"href":"https:\/\/iicbuenosaires.esteri.it\/es\/wp-json\/wp\/v2\/pages\/14609\/revisions\/22109"}],"up":[{"embeddable":true,"href":"https:\/\/iicbuenosaires.esteri.it\/es\/wp-json\/wp\/v2\/pages\/72"}],"wp:featuredmedia":[{"embeddable":true,"href":"https:\/\/iicbuenosaires.esteri.it\/es\/wp-json\/wp\/v2\/media\/14853"}],"wp:attachment":[{"href":"https:\/\/iicbuenosaires.esteri.it\/es\/wp-json\/wp\/v2\/media?parent=14609"}],"curies":[{"name":"wp","href":"https:\/\/api.w.org\/{rel}","templated":true}]}}