{"id":14773,"date":"2025-03-10T20:22:57","date_gmt":"2025-03-10T19:22:57","guid":{"rendered":"https:\/\/iicbuenosaires.esteri.it\/lingua-e-cultura\/i-corsi-di-lingua\/avisos\/contributi-a-universita-straniere-per-la-promozione-della-lingua-e-della-cultura-italiana-formazione-e-aggiornamento-destinati-ai-docenti-di-lingua-italiana-e-f-2025\/"},"modified":"2026-02-23T18:16:35","modified_gmt":"2026-02-23T17:16:35","slug":"contributi-a-universita-straniere-per-la-promozione-della-lingua-e-della-cultura-italiana-formazione-e-aggiornamento-destinati-ai-docenti-di-lingua-italiana-e-f-2025","status":"publish","type":"page","link":"https:\/\/iicbuenosaires.esteri.it\/es\/lingua-e-cultura\/premi-alla-traduzione\/avisos\/contributi-a-universita-straniere-per-la-promozione-della-lingua-e-della-cultura-italiana-formazione-e-aggiornamento-destinati-ai-docenti-di-lingua-italiana-e-f-2025\/","title":{"rendered":"Contribuciones a universidades extranjeras para la promoci\u00f3n de la lengua y la cultura italiana: formaci\u00f3n y actualizaci\u00f3n para docentes de lengua italiana"},"content":{"rendered":"<p>El <strong>Ministerio de Relaciones Exteriores y Cooperaci\u00f3n Internacional<\/strong> (MAECI) concede a universidades p\u00fablicas y privadas contribuciones destinadas a la promoci\u00f3n de la lengua y la cultura italianas a trav\u00e9s e la organizaci\u00f3n de <strong>cursos de formaci\u00f3n y actualizaci\u00f3n para docentes italiano<\/strong>.<\/p>\n<p><strong>1.CONSIDERACIONES GENERALES<\/strong><\/p>\n<ul>\n<li>No se recibir\u00e1n pedidos relativos a cursos de formaci\u00f3n y actualizaci\u00f3n que se realicen en Italia, ni para cursos curriculares, simposios, seminarios o debates, y tampoco para la cobertura de costos de participaci\u00f3n de docentes en dichas actividades.<\/li>\n<li>Las contribuciones est\u00e1n destinadas a cubrir <strong>solo una parte de los gastos del curso<\/strong>.<\/li>\n<li>Se ha constatado que, para optimizar costos, los cursos deben contar con un m\u00ednimo de 15 docentes inscriptos y hasta un m\u00e1ximo de 25 por clase. Se aprecia el reagrupamiento de docentes pertenecientes a distintas universidades con el objetivo de garantizar la participaci\u00f3n m\u00ednima.<\/li>\n<li>Se destaca que los cursos de formaci\u00f3n <strong>a distancia<\/strong> permiten incluir a un mayor n\u00famero de beneficiarios.<\/li>\n<li>Se recomienda privilegiar en las solicitudes los <strong>proyectos innovativos<\/strong> y con impacto a <strong>gran escala<\/strong> como, por ejemplo, aquellos dirigidos a la did\u00e1ctica online del italiano.<\/li>\n<li>Pueden presentar pedido de contribuci\u00f3n tambi\u00e9n las universidades en las que presta servicio un lector del Ministerio.<\/li>\n<li>No ser\u00e1n tenidas en cuenta las solicitudes de cursos de formaci\u00f3n para estudiantes universitarios que aspiren a emprender la profesi\u00f3n de profesor de lengua italiana. Si hubiese interesados podr\u00e1n participar como oyentes, pero no se los podr\u00e1 contar en el n\u00famero de participantes.<\/li>\n<li>Las sumas eventualmente otorgadas tienen calidad de contribuci\u00f3n y <strong>no de financiamiento<\/strong>. El Ministerio no se obliga a aceptar la solicitud, ni a la concesi\u00f3n del total del importe requerido. <strong>Los importes concedidos pueden ser iguales o inferiores a los propuestos por los ateneos.<\/strong><\/li>\n<li>Los proyectos did\u00e1cticos presentados a los fines de la obtenci\u00f3n de la contribuci\u00f3n deben ser <strong>realizables a prescindir del importe solicitado<\/strong> y eventualmente concedido.<\/li>\n<li>Los fondos deben ser utilizados por el ateneo dentro del A\u00f1o Acad\u00e9mico de referencia.<\/li>\n<li>Se recuerda que <strong>las contribuciones otorgadas precedentemente y no utilizadas o utilizadas impropiamente deben ser restituidas<\/strong> al IIC hasta el 15 de agosto de 2026.<\/li>\n<li><strong>Fecha l\u00edmite para la presentaci\u00f3n de las solicitudes 12\/03\/2026<\/strong>.<\/li>\n<\/ul>\n<p><strong>2.INSTRUCCIONES PARA LA SOLICITUD DE CONTRIBUCI\u00d3N<\/strong><\/p>\n<p>Las solicitudes de contribuci\u00f3n deber\u00e1n contar con la siguiente documentaci\u00f3n:<\/p>\n<ul>\n<li>NOTA DE LA INSTITUCI\u00d3N UNIVERSITARIA donde conste la motivaci\u00f3n del pedido en forma precisa y sint\u00e9tica. Deber\u00e1 presentarse en hoja membretada de la universidad, con firma del Responsable Acad\u00e9mico y con el sello de la Instituci\u00f3n, <a href=\"https:\/\/iicbuenosaires.esteri.it\/wp-content\/uploads\/2026\/02\/2619-3_2026_PAESE_Nome-Universita_Lettera_ESEMPIO.pdf\">se adjunta aqu\u00ed un ejemplo para descargar<\/a>;<\/li>\n<li><a href=\"https:\/\/iicbuenosaires.esteri.it\/wp-content\/uploads\/2026\/02\/2619-3_2026_PAESE_Nome_Universita_Form._A.docx\">Formulario A <\/a>de pedido de la contribuci\u00f3n (<a href=\"https:\/\/iicbuenosaires.esteri.it\/wp-content\/uploads\/2026\/02\/2619-3_2026_PAESE_Nome_Universita_Form._A.docx\">descargar AQU\u00cd<\/a>);<\/li>\n<li><a href=\"https:\/\/iicbuenosaires.esteri.it\/wp-content\/uploads\/2026\/02\/2619-3_2026_PAESE_Nome_Universita_Form._B.docx\">Formulario B<\/a> (<a href=\"https:\/\/iicbuenosaires.esteri.it\/wp-content\/uploads\/2026\/02\/2619-3_2026_PAESE_Nome_Universita_Form._B.docx\">descargar AQU\u00cd<\/a>) o sea el informe final sobre el empleo de la \u00faltima contribuci\u00f3n eventualmente recibida por la universidad; <em>el Formulario B deber\u00e1 ser presentado \u00fanicamente por las casas de estudio que hayan recibido la contribuci\u00f3n en el pasado. La presentaci\u00f3n del informe final es condici\u00f3n indispensable para la concesi\u00f3n y liquidaci\u00f3n de la contribuci\u00f3n. Se ruega, por lo tanto, enviarlo junto con el nuevo pedido aun cuando haya sido presentado con anterioridad. <\/em><\/li>\n<\/ul>\n<p>Respecto de la documentaci\u00f3n anterior se especifica lo siguiente:<\/p>\n<ul>\n<li>Los archivos no deben superar la <strong>dimensi\u00f3n m\u00e1xima de 4MB<\/strong>;<\/li>\n<li>La documentaci\u00f3n deber\u00e1 presentarse <strong>en lengua italiana<\/strong>;<\/li>\n<li>Se debe indicar en el detalle de gastos, adem\u00e1s del importe recibido en moneda local, <strong>el valor en euros formalmente asignado<\/strong>, sin efectuar una nueva conversi\u00f3n en el momento de rellenado del Formulario B. Por lo tanto, para todos los conceptos de gasto deber\u00e1 utilizarse el <strong>tipo de cambio<\/strong> aplicado en el momento de la conversi\u00f3n realizada en ocasi\u00f3n del pago a la universidad;<\/li>\n<li>Las universidades deber\u00e1n utilizar exclusivamente los formularios disponibles para descarga en esta p\u00e1gina que han sido actualizados respecto de a\u00f1os anteriores. <strong>Los m\u00f3dulos deber\u00e1n completarse digitalmente sin realizar ninguna modificaci\u00f3n al texto<\/strong>;<\/li>\n<li>La universidad deber\u00e1 presentar una descripci\u00f3n detallada del proyecto y de la <strong>necesidad de formaci\u00f3n<\/strong>;<\/li>\n<li>En el m\u00f3dulo adecuado la universidad deber\u00e1 <strong>cuantificar los gastos que sostendr\u00e1 aut\u00f3nomamente<\/strong>;<\/li>\n<li>Si se indican costos como \u201cOtros\u201d, se\u00f1alados en el presupuesto y en la rendici\u00f3n de cuentas, podr\u00e1n cubrirse con la contribuci\u00f3n exclusivamente en los casos que se refieran a la realizaci\u00f3n did\u00e1ctica del curso. No podr\u00e1n incluirse, por ejemplo, refrescos, almuerzos, cenas, gastos de viaje u hospedaje de los participantes;<\/li>\n<\/ul>\n<p>El <strong>env\u00edo de la documentaci\u00f3n<\/strong> debe realizarse a la direcci\u00f3n <a href=\"mailto:corsilingua.iicbuenosaires@esteri.it\">corsilingua.iicbuenosaires@esteri.it<\/a> hasta el <strong>12\/03\/2026<\/strong>. <em>No se evaluar\u00e1n las solicitudes enviadas a otras direcciones de correo electr\u00f3nico, por correo postal, presentadas por tel\u00e9fono o en persona.<\/em><\/p>\n<p><strong>3.FECHA L\u00cdMITE PARA LA PRESENTACI\u00d3N DE LAS SOLICITUDES: 12 MARZO 2026.<\/strong><\/p>\n<ol start=\"4\">\n<li><strong> INSTRUCCIONES PARA EL RELLENADO DEL FORMULARIO<\/strong><\/li>\n<li>B.: cuando en las instrucciones se indica la fecha del 30 de septiembre 2026 como vencimiento debe considerarse en cambio la fecha del 15 de agosto 2026.<\/li>\n<\/ol>\n<p><a href=\"https:\/\/iicbuenosaires.esteri.it\/wp-content\/uploads\/2026\/02\/2619-3_2026_Istruzioni_compilazione_Formulari_A_e_B_Corsi_formaz._aggiorn.pdf\">Descargue las instrucciones AQU\u00cd.<\/a><\/p>\n<p><a href=\"https:\/\/iicbuenosaires.esteri.it\/wp-content\/uploads\/2026\/02\/2619-3_2026_PAESE_Nome_Universita_Form._A_ESEMPIO.pdf\">Descargue AQU\u00cd un ejemplo de Formulario A completo.<\/a><\/p>\n<p><a href=\"https:\/\/iicbuenosaires.esteri.it\/wp-content\/uploads\/2026\/02\/2619-3_2026_PAESE_Nome_Universita_Form._B_ESEMPIO.pdf\">Descargue AQU\u00cd un ejemplo de Formulario B completo.<\/a><\/p>\n<p><a href=\"https:\/\/iicbuenosaires.esteri.it\/wp-content\/uploads\/2026\/02\/2619-3_2026_PAESE_Nome-Universita_Lettera_ESEMPIO-1.pdf\">Descargue AQU\u00cd un ejemplo de NOTA.<\/a><\/p>\n<p>\u00daltima actualizaci\u00f3n: 23\/02\/2026<\/p>\n","protected":false},"excerpt":{"rendered":"El Ministerio de Relaciones Exteriores y Cooperaci\u00f3n Internacional (MAECI) concede a universidades p\u00fablicas y privadas contribuciones destinadas a la promoci\u00f3n de la lengua y la cultura italianas a trav\u00e9s e la organizaci\u00f3n de cursos de formaci\u00f3n y actualizaci\u00f3n para docentes italiano. 1.CONSIDERACIONES GENERALES No se recibir\u00e1n pedidos relativos a cursos de formaci\u00f3n y actualizaci\u00f3n que [&hellip;]","protected":false},"author":3,"featured_media":0,"parent":14559,"menu_order":0,"comment_status":"closed","ping_status":"closed","template":"","meta":{"footnotes":""},"class_list":["post-14773","page","type-page","status-publish","hentry"],"_links":{"self":[{"href":"https:\/\/iicbuenosaires.esteri.it\/es\/wp-json\/wp\/v2\/pages\/14773","targetHints":{"allow":["GET"]}}],"collection":[{"href":"https:\/\/iicbuenosaires.esteri.it\/es\/wp-json\/wp\/v2\/pages"}],"about":[{"href":"https:\/\/iicbuenosaires.esteri.it\/es\/wp-json\/wp\/v2\/types\/page"}],"author":[{"embeddable":true,"href":"https:\/\/iicbuenosaires.esteri.it\/es\/wp-json\/wp\/v2\/users\/3"}],"replies":[{"embeddable":true,"href":"https:\/\/iicbuenosaires.esteri.it\/es\/wp-json\/wp\/v2\/comments?post=14773"}],"version-history":[{"count":4,"href":"https:\/\/iicbuenosaires.esteri.it\/es\/wp-json\/wp\/v2\/pages\/14773\/revisions"}],"predecessor-version":[{"id":21656,"href":"https:\/\/iicbuenosaires.esteri.it\/es\/wp-json\/wp\/v2\/pages\/14773\/revisions\/21656"}],"up":[{"embeddable":true,"href":"https:\/\/iicbuenosaires.esteri.it\/es\/wp-json\/wp\/v2\/pages\/14559"}],"wp:attachment":[{"href":"https:\/\/iicbuenosaires.esteri.it\/es\/wp-json\/wp\/v2\/media?parent=14773"}],"curies":[{"name":"wp","href":"https:\/\/api.w.org\/{rel}","templated":true}]}}