{"id":14789,"date":"2025-03-12T21:32:17","date_gmt":"2025-03-12T20:32:17","guid":{"rendered":"https:\/\/iicbuenosaires.esteri.it\/?page_id=14789"},"modified":"2026-02-23T14:22:48","modified_gmt":"2026-02-23T13:22:48","slug":"solicitud-para-la-compra-y-provision-de-libros-y-material-didactico-para-escuelas-y-universidades-extranjeras-en-apoyo-de-la-ensenanza-del-italiano","status":"publish","type":"page","link":"https:\/\/iicbuenosaires.esteri.it\/es\/lingua-e-cultura\/premi-alla-traduzione\/avisos\/solicitud-para-la-compra-y-provision-de-libros-y-material-didactico-para-escuelas-y-universidades-extranjeras-en-apoyo-de-la-ensenanza-del-italiano\/","title":{"rendered":"Solicitud para la compra y provisi\u00f3n de libros y material did\u00e1ctico para escuelas y universidades extranjeras en apoyo de la ense\u00f1anza del italiano"},"content":{"rendered":"<p>El <strong>Ministerio de Relaciones Exteriores y Cooperaci\u00f3n Internacional<\/strong> (MAECI) apoya la ense\u00f1anza de la lengua italiana mediante la adquisici\u00f3n de libros y material did\u00e1ctico, tambi\u00e9n en formato digital, para instituciones escolares y universitarias.<\/p>\n<p><strong>1.CONSIDERACIONES GENERALES<\/strong><\/p>\n<ul>\n<li>Las instituciones escolares extranjeras con sede fuera de Italia destinatarias son exclusivamente aquellas <strong>p\u00fablicas, estatales o legalmente reconocidas<\/strong>.<\/li>\n<li>Se requiere la indicaci\u00f3n del correcto <strong>ISBN<\/strong>, en cuya ausencia los libros solicitados podr\u00edan no encontrarse.<\/li>\n<li>Se requiere de las instituciones escolares o universitarias solicitantes que justifiquen adecuadamente los pedidos que incluyan muchos ejemplares de un mismo texto.<\/li>\n<li>Se aconseja privilegiar el material did\u00e1ctico publicado en los \u00faltimos tres a\u00f1os y verificar su disponibilidad en el mercado.<\/li>\n<li>Fecha l\u00edmite para la presentaci\u00f3n de las solicitudes, <strong>09\/03\/2026<\/strong>.<\/li>\n<\/ul>\n<p><strong>2.INSTRUCCIONES PARA LA SOLICITUD DE CONTRIBUCI\u00d3N<\/strong><\/p>\n<p>Los pedidos de contribuci\u00f3n deben incluir:<\/p>\n<ul>\n<li>M\u00f3dulo A <a href=\"https:\/\/iicbuenosaires.esteri.it\/wp-content\/uploads\/2026\/02\/Modulo-A-2026.xlsx\">M\u00f3dulo A<\/a> completado siguiendo las instrucciones detalladas en el mismo formulario tanto en formato PDF (con <strong>firma<\/strong> del responsable y <strong>sello de la Instituci\u00f3n<\/strong> solicitante) como en formato Excel.<\/li>\n<\/ul>\n<p>El <strong>env\u00edo de la documentaci\u00f3n<\/strong> debe realizarse a la direcci\u00f3n <a href=\"mailto:corsilingua.iicbuenosaires@esteri.it\">corsilingua.iicbuenosaires@esteri.it<\/a> hasta el 09\/03\/2026. No se evaluar\u00e1n los pedidos enviados a otras direcciones de correo electr\u00f3nico, por correo postal, presentadas por tel\u00e9fono o en persona.<\/p>\n<p><strong>3.FECHA L\u00cdMITE PARA LA PRESENTACI\u00d3N DE LAS SOLICITUDES: 09 MARZO 2026.<\/strong><\/p>\n<p><strong>4.INSTRUCCIONES PARA EL RELLENADO DEL FORMULARIO<\/strong><\/p>\n<p>Presentes en el mismo <a href=\"https:\/\/iicbuenosaires.esteri.it\/wp-content\/uploads\/2026\/02\/Modulo-A-2026.xlsx\">M\u00f3dulo A.<\/a><\/p>\n<p>Descargar <a href=\"https:\/\/iicbuenosaires.esteri.it\/wp-content\/uploads\/2026\/02\/Modulo-A-2026.xlsx\">AQU\u00cd el M\u00f3dulo A.<\/a><\/p>\n","protected":false},"excerpt":{"rendered":"El Ministerio de Relaciones Exteriores y Cooperaci\u00f3n Internacional (MAECI) apoya la ense\u00f1anza de la lengua italiana mediante la adquisici\u00f3n de libros y material did\u00e1ctico, tambi\u00e9n en formato digital, para instituciones escolares y universitarias. 1.CONSIDERACIONES GENERALES Las instituciones escolares extranjeras con sede fuera de Italia destinatarias son exclusivamente aquellas p\u00fablicas, estatales o legalmente reconocidas. Se requiere [&hellip;]","protected":false},"author":3,"featured_media":14841,"parent":14559,"menu_order":0,"comment_status":"closed","ping_status":"closed","template":"","meta":{"footnotes":""},"class_list":["post-14789","page","type-page","status-publish","has-post-thumbnail","hentry"],"_links":{"self":[{"href":"https:\/\/iicbuenosaires.esteri.it\/es\/wp-json\/wp\/v2\/pages\/14789","targetHints":{"allow":["GET"]}}],"collection":[{"href":"https:\/\/iicbuenosaires.esteri.it\/es\/wp-json\/wp\/v2\/pages"}],"about":[{"href":"https:\/\/iicbuenosaires.esteri.it\/es\/wp-json\/wp\/v2\/types\/page"}],"author":[{"embeddable":true,"href":"https:\/\/iicbuenosaires.esteri.it\/es\/wp-json\/wp\/v2\/users\/3"}],"replies":[{"embeddable":true,"href":"https:\/\/iicbuenosaires.esteri.it\/es\/wp-json\/wp\/v2\/comments?post=14789"}],"version-history":[{"count":3,"href":"https:\/\/iicbuenosaires.esteri.it\/es\/wp-json\/wp\/v2\/pages\/14789\/revisions"}],"predecessor-version":[{"id":21616,"href":"https:\/\/iicbuenosaires.esteri.it\/es\/wp-json\/wp\/v2\/pages\/14789\/revisions\/21616"}],"up":[{"embeddable":true,"href":"https:\/\/iicbuenosaires.esteri.it\/es\/wp-json\/wp\/v2\/pages\/14559"}],"wp:featuredmedia":[{"embeddable":true,"href":"https:\/\/iicbuenosaires.esteri.it\/es\/wp-json\/wp\/v2\/media\/14841"}],"wp:attachment":[{"href":"https:\/\/iicbuenosaires.esteri.it\/es\/wp-json\/wp\/v2\/media?parent=14789"}],"curies":[{"name":"wp","href":"https:\/\/api.w.org\/{rel}","templated":true}]}}