{"id":15086,"date":"2025-03-19T18:13:58","date_gmt":"2025-03-19T17:13:58","guid":{"rendered":"https:\/\/iicbuenosaires.esteri.it\/?page_id=15086"},"modified":"2026-03-11T18:00:58","modified_gmt":"2026-03-11T17:00:58","slug":"becas-para-la-academia-de-artes-y-oficios-del-espectaculo-del-teatro-alla-scala","status":"publish","type":"page","link":"https:\/\/iicbuenosaires.esteri.it\/es\/lingua-e-cultura\/borse-di-studio\/becas-para-la-academia-de-artes-y-oficios-del-espectaculo-del-teatro-alla-scala\/","title":{"rendered":"Becas ofrecidas por casas de estudio italianas"},"content":{"rendered":"<p><img loading=\"lazy\" decoding=\"async\" class=\"aligncenter size-full wp-image-21979 img-fluid\" src=\"https:\/\/iicbuenosaires.esteri.it\/wp-content\/uploads\/2026\/03\/logo-univr-colori-80.png\" alt=\"\" width=\"265\" height=\"82\" \/><\/p>\n<p><strong>Abierta la convocatoria para la asignaci\u00f3n de becas destinadas a estudiantes internacionales<\/strong><\/p>\n<p>La Universidad de Verona ha abierto la convocatoria para la asignaci\u00f3n de 15 becas de estudio y 48 contribuciones estudiantiles con tarifa reducida (flat rate) destinadas a estudiantes que deseen matricularse en el a\u00f1o acad\u00e9mico 2026\/2027 en los siguientes <strong>programas internacionales de Maestr\u00eda<\/strong>:<\/p>\n<ol>\n<li>Artificial Intelligence<\/li>\n<li>Computer Engineering for Intelligent Systems<\/li>\n<li>Data Science<\/li>\n<li>Economics and Data Analysis<\/li>\n<li>International Economics and Business<\/li>\n<li>Languages, Literatures and Digital Culture<\/li>\n<li>Languages for Global Business, Trade and Tourism<\/li>\n<li>Linguistics<\/li>\n<li>Mathematics<\/li>\n<li>Medical Bioinformatics<\/li>\n<li>Molecular and Medical Biotechnology<\/li>\n<li>Viticulture, enology and wine marketing<\/li>\n<\/ol>\n<p><a href=\"https:\/\/www.univr.it\/it\/international-programmes#\">https:\/\/www.univr.it\/it\/international-programmes#<\/a><\/p>\n<p>En particular, las becas se asignar\u00e1n a candidatos que posean un <strong>t\u00edtulo universitario obtenido en el exterior<\/strong>, que tengan <strong>ciudadan\u00eda no italiana<\/strong> (salvo casos de doble ciudadan\u00eda) y que <strong>no residan ya en Italia<\/strong>.<\/p>\n<p>La <strong>fecha l\u00edmite <\/strong>para la presentaci\u00f3n de candidaturas es el<strong> 31 de marzo de 2026 a las 15:00 (CEST)<\/strong>.<\/p>\n<p>Para m\u00e1s informaci\u00f3n sobre el proceso de selecci\u00f3n, consultar la convocatoria oficial en la siguiente p\u00e1gina: <a href=\"https:\/\/www.univr.it\/en\/job-vacancies\/studenti-e-laureati\/international-degree-seeking-students\/0\/15723\">Raccolta di richieste di pre-ammissione e di candidature per l\u2019assegnazione di n. 15 borse di studio e n. 48 contributi studenteschi agevolati (flat rate).<\/a><\/p>\n<p>&nbsp;<\/p>\n<p style=\"text-align: center;\"><img loading=\"lazy\" decoding=\"async\" class=\"alignnone size-medium wp-image-21673 img-fluid\" src=\"https:\/\/iicbuenosaires.esteri.it\/wp-content\/uploads\/2026\/02\/logo-ca-foscari-homepage-e1473066401799-300x145.jpg\" alt=\"\" width=\"300\" height=\"145\" srcset=\"https:\/\/iicbuenosaires.esteri.it\/wp-content\/uploads\/2026\/02\/logo-ca-foscari-homepage-e1473066401799-300x145.jpg 300w, https:\/\/iicbuenosaires.esteri.it\/wp-content\/uploads\/2026\/02\/logo-ca-foscari-homepage-e1473066401799.jpg 600w\" sizes=\"auto, (max-width: 300px) 100vw, 300px\" \/><\/p>\n<p><strong>BECAS A LA EXCELENCIA ACAD\u00c9MICA DE LA UNIVERSIT\u00c0 CA&#8217; FOSCARI VENEZIA<\/strong><\/p>\n<p>Para el a\u00f1o acad\u00e9mico 2026-2027, la Universit\u00e0 Ca&#8217; Foscari Venezia ofrece becas de estudio a la excelencia acad\u00e9mica denominadas <em>Ca&#8217; Foscari Honours Scholarships, <\/em>dirigidas a estudiantes internacionales de excelencia que deseen matricularse en programas de estudio (en italiano o en ingl\u00e9s) de tres o dos a\u00f1os. En particular, la oferta incluye:<\/p>\n<ul>\n<li>8 becas de 10.000 euros anuales para estudiantes de programas de estudio de tres a\u00f1os de duraci\u00f3n;<\/li>\n<li>20 becas de estudio de 10.000 euros anuales para estudiantes de programas de estudio de dos a\u00f1os de duraci\u00f3n;<\/li>\n<\/ul>\n<p>Toda la informaci\u00f3n junto con la convocatoria oficial est\u00e1 disponible en la p\u00e1gina: <a href=\"https:\/\/www.unive.it\/pag\/19545\">https:\/\/www.unive.it\/pag\/19545<\/a>.<\/p>\n<p style=\"text-align: center;\">&#8212;&#8212;&#8212;&#8212;&#8212;&#8212;&#8212;&#8212;&#8212;&#8212;&#8212;&#8212;&#8212;&#8211;<\/p>\n<p style=\"text-align: center;\"><img loading=\"lazy\" decoding=\"async\" class=\"alignnone size-medium wp-image-21684 img-fluid\" src=\"https:\/\/iicbuenosaires.esteri.it\/wp-content\/uploads\/2026\/02\/Fondazione-Accademia-dArti-e-Mestieri-dello-Spettacolo-Teatro-alla-Scala-1-300x179.jpg\" alt=\"\" width=\"300\" height=\"179\" srcset=\"https:\/\/iicbuenosaires.esteri.it\/wp-content\/uploads\/2026\/02\/Fondazione-Accademia-dArti-e-Mestieri-dello-Spettacolo-Teatro-alla-Scala-1-300x179.jpg 300w, https:\/\/iicbuenosaires.esteri.it\/wp-content\/uploads\/2026\/02\/Fondazione-Accademia-dArti-e-Mestieri-dello-Spettacolo-Teatro-alla-Scala-1.jpg 350w\" sizes=\"auto, (max-width: 300px) 100vw, 300px\" \/><\/p>\n<p><strong>BECAS PARA LA ACADEMIA DE ARTES Y OFICIOS ESC\u00c9NICOS TEATRO ALLA SCALA<\/strong><br \/>\n1. La \u00ab<strong>Accademia d&#8217;Arti e Mestieri dello Spettacolo Teatro alla Scala\u00bb<\/strong> ha abierto las selecciones para el <strong>curso de perfeccionamiento para cantantes l\u00edricos de dos a\u00f1os de duraci\u00f3n<\/strong> (<a href=\"https:\/\/www.esteri.it\/it\/opportunita\/borse-di-studio\/per-cittadini-stranieri\/progetti-speciali\/accademia_teatro_alla_scala\/\">https:\/\/www.esteri.it\/it\/opportunita\/borse-di-studio\/per-cittadini-stranieri\/progetti-speciali\/accademia_teatro_alla_scala\/<\/a>), y <strong>para el \u00abGlobal Master in Performing Arts Management\u00bb, de un a\u00f1o de duraci\u00f3n<\/strong> (<a href=\"https:\/\/www.esteri.it\/it\/opportunita\/borse-di-studio\/per-cittadini-stranieri\/progetti-speciali\/accademia_teatro_alla_scala\">https:\/\/www.esteri.it\/it\/opportunita\/borse-di-studio\/per-cittadini-stranieri\/progetti-speciali\/accademia_teatro_alla_scala<\/a>\/). <strong>Para el curso, est\u00e1n abiertas hasta el pr\u00f3ximo 9 de abril,<\/strong> mientras que <strong>para el m\u00e1ster est\u00e1n abiertas hasta el pr\u00f3ximo 1 de octubre<\/strong> para los ciudadanos de los Estados miembros de la UE, y <strong>hasta el pr\u00f3ximo 17 de septiembre para los ciudadanos de otros pa\u00edses<\/strong>. Se adjuntan los correspondientes folletos informativos.<br \/>\n2. En beneficio de los estudiantes del Curso de Cantantes de \u00d3pera, la Academia ofrece una beca de 900,00 euros al mes. 3. En beneficio de los estudiantes del Curso de Maestr\u00eda, la Asociaci\u00f3n \u00abGianluca Spina\u00bb del Polit\u00e9cnico de Mil\u00e1n concede tres becas a tres estudiantes meritorios.<\/p>\n<p><strong>Ver material adicional sobre la Accademia d&#8217;Arti e mestieri dello Spettacolo del Teatro alla Scala<\/strong><\/p>\n<p><a href=\"https:\/\/iicbuenosaires.esteri.it\/wp-content\/uploads\/2025\/03\/lyric-opera-25-2.pdf\"> La escuela<\/a> &#8211;\u00a0<a href=\"https:\/\/iicbuenosaires.esteri.it\/wp-content\/uploads\/2025\/03\/cantanti-lirici-25-2.pdf\">Cantantes de \u00f3pera<\/a>\u00a0 &#8211; <a href=\"https:\/\/iicbuenosaires.esteri.it\/wp-content\/uploads\/2025\/03\/Fascicolo-illustrativo-Master-PAM-2025-2026_compresso_PT1.pdf\">Carpeta ilustrada del M\u00e1ster<\/a> &#8211; <a href=\"https:\/\/iicbuenosaires.esteri.it\/wp-content\/uploads\/2025\/03\/Fascicolo-illustrativo-Master-PAM-2025-2026_compresso_PT2.pdf\">Carpeta ilustrada del M\u00e1ster 2<\/a><\/p>\n<p>\u00daltima actualizaci\u00f3n: 23\/02\/2026<\/p>\n","protected":false},"excerpt":{"rendered":"Abierta la convocatoria para la asignaci\u00f3n de becas destinadas a estudiantes internacionales La Universidad de Verona ha abierto la convocatoria para la asignaci\u00f3n de 15 becas de estudio y 48 contribuciones estudiantiles con tarifa reducida (flat rate) destinadas a estudiantes que deseen matricularse en el a\u00f1o acad\u00e9mico 2026\/2027 en los siguientes programas internacionales de Maestr\u00eda: [&hellip;]","protected":false},"author":3,"featured_media":0,"parent":69,"menu_order":2,"comment_status":"closed","ping_status":"closed","template":"","meta":{"footnotes":""},"class_list":["post-15086","page","type-page","status-publish","hentry"],"_links":{"self":[{"href":"https:\/\/iicbuenosaires.esteri.it\/es\/wp-json\/wp\/v2\/pages\/15086","targetHints":{"allow":["GET"]}}],"collection":[{"href":"https:\/\/iicbuenosaires.esteri.it\/es\/wp-json\/wp\/v2\/pages"}],"about":[{"href":"https:\/\/iicbuenosaires.esteri.it\/es\/wp-json\/wp\/v2\/types\/page"}],"author":[{"embeddable":true,"href":"https:\/\/iicbuenosaires.esteri.it\/es\/wp-json\/wp\/v2\/users\/3"}],"replies":[{"embeddable":true,"href":"https:\/\/iicbuenosaires.esteri.it\/es\/wp-json\/wp\/v2\/comments?post=15086"}],"version-history":[{"count":5,"href":"https:\/\/iicbuenosaires.esteri.it\/es\/wp-json\/wp\/v2\/pages\/15086\/revisions"}],"predecessor-version":[{"id":21988,"href":"https:\/\/iicbuenosaires.esteri.it\/es\/wp-json\/wp\/v2\/pages\/15086\/revisions\/21988"}],"up":[{"embeddable":true,"href":"https:\/\/iicbuenosaires.esteri.it\/es\/wp-json\/wp\/v2\/pages\/69"}],"wp:attachment":[{"href":"https:\/\/iicbuenosaires.esteri.it\/es\/wp-json\/wp\/v2\/media?parent=15086"}],"curies":[{"name":"wp","href":"https:\/\/api.w.org\/{rel}","templated":true}]}}