{"id":15108,"date":"2025-03-19T19:58:02","date_gmt":"2025-03-19T18:58:02","guid":{"rendered":"https:\/\/iicbuenosaires.esteri.it\/?page_id=15108"},"modified":"2025-03-20T20:15:49","modified_gmt":"2025-03-20T19:15:49","slug":"xxiv-premio-internacional-flaiano-de-italianistica-convocatoria-e-instrucciones-operativas","status":"publish","type":"page","link":"https:\/\/iicbuenosaires.esteri.it\/es\/lingua-e-cultura\/premi-alla-traduzione\/avisos\/xxiv-premio-internacional-flaiano-de-italianistica-convocatoria-e-instrucciones-operativas\/","title":{"rendered":"XXIV Premio Internacional Flaiano de Italian\u00edstica. Convocatoria e instrucciones operativas"},"content":{"rendered":"<p><img loading=\"lazy\" decoding=\"async\" class=\"aligncenter wp-image-15101 img-fluid\" src=\"https:\/\/iicbuenosaires.esteri.it\/wp-content\/uploads\/2025\/03\/logo-premio-flaiano.jpg\" alt=\"\" width=\"454\" height=\"182\" srcset=\"https:\/\/iicbuenosaires.esteri.it\/wp-content\/uploads\/2025\/03\/logo-premio-flaiano.jpg 970w, https:\/\/iicbuenosaires.esteri.it\/wp-content\/uploads\/2025\/03\/logo-premio-flaiano-300x120.jpg 300w, https:\/\/iicbuenosaires.esteri.it\/wp-content\/uploads\/2025\/03\/logo-premio-flaiano-768x308.jpg 768w\" sizes=\"auto, (max-width: 454px) 100vw, 454px\" \/><\/p>\n<p>El <strong>Premio Internacional Flaiano de Italian\u00edstica<\/strong>, instituido en 2002 y que desde 2021 lleva el nombre del Embajador Luca Attanasio, llega a su 24\u00aa edici\u00f3n con la confirmaci\u00f3n de la \u00abSecci\u00f3n J\u00f3venes menores de 35 a\u00f1os\u00bb. Promovido y organizado, en el marco de los Premios Internacionales Flaiano, por la <strong>Asociaci\u00f3n Cultural Ennio Flaiano<\/strong> y la F<strong>undaci\u00f3n Edoardo Tiboni<\/strong>, el Premio se ha consolidado progresivamente como un acontecimiento de primer orden para la <strong>valorizaci\u00f3n de las obras italian\u00edstica<\/strong>s.<\/p>\n<p>Desde su primera edici\u00f3n, el Premio ha obtenido el patrocinio de este Ministerio, contando tambi\u00e9n con la colaboraci\u00f3n de la Red de Institutos Italianos de Cultura tanto en la valorizaci\u00f3n de la iniciativa como en la recomendaci\u00f3n de las obras m\u00e1s meritorias. El Jurado del Premio, de hecho, est\u00e1 compuesto por expertos en la materia, toma en consideraci\u00f3n las obras propuestas por los Directores de los IIC, que pueden indicar <strong>hasta tres obras publicadas entre el 1 de abril de 2024 y el 15 de abril de 2025<\/strong> en el pa\u00eds de referencia.<\/p>\n<p>En la elaboraci\u00f3n de estas propuestas, se recomienda aprovechar la colaboraci\u00f3n de los Departamentos Universitarios de Estudios Italianos, all\u00ed donde est\u00e9n presentes. Los trabajos presentados deber\u00e1n ser enviados por el IIC, por correo postal y por duplicado, a la direcci\u00f3n indicada en la convocatoria antes del 10 de mayo, facilitando asimismo confirmaci\u00f3n de la presentaci\u00f3n y compartiendo una presentaci\u00f3n del trabajo y de su autor con la direcci\u00f3n de correo electr\u00f3nico <a href=\"mailto:associazione.flaiano@gmail.com\">associazione.flaiano@gmail.com<\/a>.<\/p>\n<p>Para m\u00e1s informaci\u00f3n y para presentar propuestas, dir\u00edjase al Instituto Italiano de Cultura de Buenos Aires: <a href=\"mailto:iicbuenosaires@esteri.it\">iicbuenosaires@esteri.it<\/a>.<\/p>\n<p><a href=\"https:\/\/iicbuenosaires.esteri.it\/wp-content\/uploads\/2025\/03\/BANDO-2025-Premio-Internazionale-Flaiano-dItalianistica-Luca-Attanasio_17.03.pdf\">BANDO 2025 &#8211; Premio Internazionale Flaiano d&#8217;Italianistica Luca Attanasio_17.03<\/a><\/p>\n<p>&nbsp;<\/p>\n","protected":false},"excerpt":{"rendered":"El Premio Internacional Flaiano de Italian\u00edstica, instituido en 2002 y que desde 2021 lleva el nombre del Embajador Luca Attanasio, llega a su 24\u00aa edici\u00f3n con la confirmaci\u00f3n de la \u00abSecci\u00f3n J\u00f3venes menores de 35 a\u00f1os\u00bb. Promovido y organizado, en el marco de los Premios Internacionales Flaiano, por la Asociaci\u00f3n Cultural Ennio Flaiano y la [&hellip;]","protected":false},"author":3,"featured_media":15174,"parent":14559,"menu_order":0,"comment_status":"closed","ping_status":"closed","template":"","meta":{"footnotes":""},"class_list":["post-15108","page","type-page","status-publish","has-post-thumbnail","hentry"],"_links":{"self":[{"href":"https:\/\/iicbuenosaires.esteri.it\/es\/wp-json\/wp\/v2\/pages\/15108","targetHints":{"allow":["GET"]}}],"collection":[{"href":"https:\/\/iicbuenosaires.esteri.it\/es\/wp-json\/wp\/v2\/pages"}],"about":[{"href":"https:\/\/iicbuenosaires.esteri.it\/es\/wp-json\/wp\/v2\/types\/page"}],"author":[{"embeddable":true,"href":"https:\/\/iicbuenosaires.esteri.it\/es\/wp-json\/wp\/v2\/users\/3"}],"replies":[{"embeddable":true,"href":"https:\/\/iicbuenosaires.esteri.it\/es\/wp-json\/wp\/v2\/comments?post=15108"}],"version-history":[{"count":1,"href":"https:\/\/iicbuenosaires.esteri.it\/es\/wp-json\/wp\/v2\/pages\/15108\/revisions"}],"predecessor-version":[{"id":15109,"href":"https:\/\/iicbuenosaires.esteri.it\/es\/wp-json\/wp\/v2\/pages\/15108\/revisions\/15109"}],"up":[{"embeddable":true,"href":"https:\/\/iicbuenosaires.esteri.it\/es\/wp-json\/wp\/v2\/pages\/14559"}],"wp:featuredmedia":[{"embeddable":true,"href":"https:\/\/iicbuenosaires.esteri.it\/es\/wp-json\/wp\/v2\/media\/15174"}],"wp:attachment":[{"href":"https:\/\/iicbuenosaires.esteri.it\/es\/wp-json\/wp\/v2\/media?parent=15108"}],"curies":[{"name":"wp","href":"https:\/\/api.w.org\/{rel}","templated":true}]}}