{"id":15516,"date":"2025-03-05T16:53:33","date_gmt":"2025-03-05T15:53:33","guid":{"rendered":"https:\/\/iicbuenosaires.esteri.it\/?page_id=15516"},"modified":"2025-08-07T15:39:31","modified_gmt":"2025-08-07T13:39:31","slug":"subvenciones-para-visitas-de-investigadores-docentes-expertos-personalidades-y-operadores-culturales","status":"publish","type":"page","link":"https:\/\/iicbuenosaires.esteri.it\/es\/lingua-e-cultura\/premi-alla-traduzione\/avisos\/subvenciones-para-visitas-de-investigadores-docentes-expertos-personalidades-y-operadores-culturales\/","title":{"rendered":"Subvenciones para visitas de investigadores, docentes, expertos, personalidades y operadores culturales"},"content":{"rendered":"<p><strong>Subvenciones para investigadores y expertos 2025<\/strong><\/p>\n<p>La Unidad de Coordinaci\u00f3n de los Institutos Italianos de cultura concede, en virtud del Cap. 2619\/7, subvenciones para:<br \/>\n1.la financiaci\u00f3n de los gastos de viaje y estad\u00eda de investigadores, profesores, expertos, personalidades de la cultura y operadores culturales italianos o extranjeros residentes en Italia desde hace al menos dos a\u00f1os, invitados por instituciones universitarias o culturales extranjeras;<br \/>\n2.subvenciones para los gastos de viaje y estad\u00eda de investigadores, profesores, expertos, personalidades de la cultura y operadores culturales extranjeros o italianos residentes en el exterior, invitados por instituciones universitarias y culturales italianas, con el fin de promover su colaboraci\u00f3n y programas de investigaci\u00f3n conjuntos.<\/p>\n<p><strong>BENEFICIARIOS DE LA CONTRIBUCI\u00d3N <\/strong><br \/>\nLos investigadores, profesores, expertos, personalidades y operadores culturales:<\/p>\n<p>a) italianos y extranjeros residentes en Italia desde hace al menos dos a\u00f1os, invitados por instituciones universitarias o culturales extranjeras con fines de estudio o investigaci\u00f3n;<\/p>\n<p>b) extranjeros e italianos residentes en el exterior invitados por instituciones universitarias o culturales italianas con fines de estudio o investigaci\u00f3n<\/p>\n<p>pueden solicitar al MAECI una contribuci\u00f3n econ\u00f3mica para cubrir <strong>parcialmente sus gastos de viaje y alojamiento<\/strong>, abonada en forma de una suma global de un m\u00e1ximo de 1. 500 y 3.000 euros dependiendo del destino y por un periodo m\u00e1ximo de 10 d\u00edas.<\/p>\n<p>No se abonar\u00e1 ninguna subvenci\u00f3n m\u00e1s all\u00e1 del d\u00e9cimo d\u00eda de estancia. A efectos del c\u00f3mputo, s\u00f3lo se incluir\u00e1n los d\u00edas de actividades culturales y\/o de investigaci\u00f3n reales.<\/p>\n<p>La contribuci\u00f3n consiste en una cantidad global diaria, de la cual 250 euros al d\u00eda para estad\u00edas de hasta cinco d\u00edas y 50 euros al d\u00eda a partir del sexto al d\u00e9cimo d\u00eda de permanencia en el exterior o en Italia, por un valor m\u00e1ximo de 1.500 euros por misi\u00f3n.<\/p>\n<p>Con el fin de incentivar la cooperaci\u00f3n con zonas estrat\u00e9gicas pero geogr\u00e1ficamente distantes, como los pa\u00edses de Asia, \u00c1frica ( a excepci\u00f3n del \u00e1rea MENA) y Am\u00e9rica, se prev\u00e9 una contribuci\u00f3n de 350 euros por d\u00eda para estad\u00edas de hasta cinco d\u00edas y de 250 euros por d\u00eda a partir del sexto y hasta el d\u00e9cimo d\u00eda, hasta un m\u00e1ximo de 3.000 euros por beneficiario.\u00a0La Administraci\u00f3n se reserva el derecho de modificar la lista de estas zonas.<\/p>\n<p>Dentro del l\u00edmite m\u00e1ximo de la suma global fija, las misiones en el exterior realizadas por candidatos italianos podr\u00e1n incluir actividades que deban llevarse a cabo en m\u00e1s de un pa\u00eds. T\u00e9ngase en cuenta que la invitaci\u00f3n realizada desde el exterior no puede comprometer el reembolso de la contribuci\u00f3n por parte del MAECI. Tenga tambi\u00e9n en cuenta que no se permiten reembolsos para viajes que no sean en clase econ\u00f3mica.<\/p>\n<p>En funci\u00f3n de la disponibilidad de fondos en el Cap. 2619\/7, esta Unidad podr\u00e1 decidir conceder contribuciones a beneficiarios extranjeros <strong>por un n\u00famero de d\u00edas inferior al indicado en la solicitud<\/strong>. T\u00e9ngase en cuenta que la asignaci\u00f3n de contribuciones se realizar\u00e1, en todos los casos, hasta que se agoten los fondos disponibles en el cap\u00edtulo.<\/p>\n<p><strong>PROCEDIMIENTOS DE SOLICITUD Y DE REEMBOLSO<\/strong><br \/>\nLa solicitud deber\u00e1 enviarse al Instituto Italiano de Cultura (direcci\u00f3n de correo electr\u00f3nico <a href=\"mailto:corsilingua.iicbuenosaires@esteri.it\">corsilingua.iicbuenosaires@esteri.it<\/a>\u00a0 y a (<a href=\"mailto:dgdp.unic.cap2619@esteri.it\">dgdp.unic.cap2619@esteri.it<\/a>) <strong>a m\u00e1s tardar el 31 de julio de 2025<\/strong>. Luego de esa fecha no se tendr\u00e1n en cuenta nuevas solicitudes.<\/p>\n<p>Los <strong>formularios de solicitud est\u00e1n disponibles en el anexo<\/strong>. Las misiones deber\u00e1n completarse <strong>a m\u00e1s tardar el 15 de noviembre de 2025<\/strong>, fecha l\u00edmite para que los solicitantes presenten su documentaci\u00f3n.<\/p>\n<p><strong>El pago de la contribuci\u00f3n se efectuar\u00e1 una vez finalizada la misi\u00f3n, previa entrega de la documentaci\u00f3n necesaria y dictamen favorable del Instituto y de la Direcci\u00f3n General.<\/strong><\/p>\n<p>Las solicitudes se examinan por orden de llegada, teniendo en cuenta los recursos disponibles en el cap\u00edtulo 2619\/7.<\/p>\n<p><strong>\u00bfQu\u00e9 documentos debe incluir la solicitud?<\/strong><br \/>\nLa solicitud debe incluir los siguientes documentos<\/p>\n<table style=\"height: 543px;\" width=\"677\">\n<tbody>\n<tr>\n<td width=\"63\"><strong>Anexo 1<\/strong><\/td>\n<td width=\"550\">Declaraci\u00f3n sustitutiva de la certificaci\u00f3n (v\u00e9ase m\u00e1s abajo)<\/td>\n<\/tr>\n<tr>\n<td width=\"63\"><strong>Anexo. 2<\/strong><\/td>\n<td width=\"550\">Carta de la universidad o instituci\u00f3n cultural italiana\/extranjera que ha invitado al solicitante a realizar una residencia en Italia\/en el exterior.<\/td>\n<\/tr>\n<tr>\n<td width=\"63\"><strong>Anexo. 3<\/strong><\/td>\n<td width=\"550\">Carta de aceptaci\u00f3n de la invitaci\u00f3n por parte del solicitante.<\/td>\n<\/tr>\n<tr>\n<td width=\"63\"><strong>Anexo. 4<\/strong><\/td>\n<td width=\"550\">Curriculum vitae<\/td>\n<\/tr>\n<tr>\n<td width=\"63\"><strong>Anexo. 5<\/strong><\/td>\n<td width=\"550\">Copia de un documento de identidad vigente<\/td>\n<\/tr>\n<tr>\n<td width=\"63\"><strong>Anexo. 6<\/strong><\/td>\n<td width=\"550\">Informaci\u00f3n sobre el tratamiento de datos personales firmada como aceptada (v\u00e9ase m\u00e1s abajo)<\/td>\n<\/tr>\n<tr>\n<td width=\"63\"><strong>Anexo. 7<\/strong><\/td>\n<td width=\"550\">Formulario con los datos personales y bancarios del beneficiario, que deber\u00e1 redactarse y enviarse <u>\u00fanicamente en formato Word<\/u>. No se aceptar\u00e1n documentos guardados en otros formatos (v\u00e9ase m\u00e1s abajo)<\/td>\n<\/tr>\n<tr>\n<td width=\"63\"><strong>Anexo.8<\/strong><\/td>\n<td width=\"550\">Certificado de estad\u00eda expedido por la instituci\u00f3n en la que tuvo lugar la experiencia.<\/td>\n<\/tr>\n<tr>\n<td width=\"63\"><strong>Anexo. 9<\/strong><\/td>\n<td width=\"550\">Informe final sobre la actividad realizada<\/td>\n<\/tr>\n<tr>\n<td width=\"63\"><strong>Anexo. 10<\/strong><\/td>\n<td width=\"550\">10 Documentos de viaje, como boletos de avi\u00f3n y tarjetas de embarque<\/td>\n<\/tr>\n<\/tbody>\n<\/table>\n<p>Se subraya que s\u00f3lo se aceptar\u00e1n las solicitudes de contribuciones de solicitantes que <strong>hayan recibido una invitaci\u00f3n oficial por parte de una universidad o instituci\u00f3n cultural italiana<\/strong>, preferentemente en el marco de los Acuerdos bilaterales de Cooperaci\u00f3n Cultural y Programas Ejecutivos existentes.<\/p>\n<p>Las contribuciones se adjudicar\u00e1n luego de una evaluaci\u00f3n realizada por el Instituto Italiano de Cultura de Buenos Aires y de las oficinas centrales competentes, sobre la base de los siguientes criterios:<\/p>\n<ul>\n<li>curriculum vitae del solicitante;<\/li>\n<li>posibles repercusiones a medio y largo plazo de la misi\u00f3n en t\u00e9rminos de desarrollo de proyectos culturales o cient\u00edficos y asociaciones entre instituciones italianas y extranjeras;<\/li>\n<li>prestigio de las instituciones culturales implicadas;<\/li>\n<li>principio de rotaci\u00f3n entre los beneficiarios de la subvenci\u00f3n;<\/li>\n<li>conformidad de la misi\u00f3n con las prioridades geogr\u00e1ficas y tem\u00e1ticas identificadas por la Direcci\u00f3n General de Diplomacia P\u00fablica y Cultural;<\/li>\n<li>existencia de un programa ejecutivo de cooperaci\u00f3n cultural en vigor entre Italia y el pa\u00eds extranjero de referencia.<\/li>\n<\/ul>\n<p><strong>\u00bfEs necesario redactar un informe final?<\/strong><br \/>\nLos beneficiarios de la subvenci\u00f3n deber\u00e1n enviar al mail <a href=\"http:\/\/una relazione finale sull\u2019attivit\u00e0 svolta, redatta in italiano o in inglese, i titoli di viaggio, le carte di imbarco, certificato di permanenza rilasciato dall\u2019ente ospitante. Questi documenti vanno inoltrati entro 10 giorni dalla fine della missione.\">corsilingua.buenosaires@esteri .it<\/a> un informe sobre las actividades realizadas<strong>, redactada en italiano o en ingl\u00e9s, documentos de viaje como boletos de avi\u00f3n y tarjetas de embarque, el certificado de estad\u00eda expedido por la instituci\u00f3n en la que tuvo lugar la experiencia. <\/strong>Los documentos <strong>\u00a0deben ser enviandos no m\u00e1s all\u00e1 de los 10 d\u00edas de concluida la misi\u00f3n.<\/strong><\/p>\n<p><strong>\u00bfC\u00f3mo se paga la contribuci\u00f3n?<\/strong><br \/>\nLas contribuciones se abonar\u00e1n mediante transferencia bancaria a la cuenta bancaria del interesado.<\/p>\n<ol>\n<li style=\"list-style-type: none;\"><a href=\"https:\/\/iicbuenosaires.esteri.it\/wp-content\/uploads\/2025\/04\/All.-Modulo-per-richiedenti.docx\">Formulario completo para solicitantes<\/a><\/li>\n<\/ol>\n<ol>\n<li style=\"list-style-type: none;\"><\/li>\n<\/ol>\n","protected":false},"excerpt":{"rendered":"Subvenciones para investigadores y expertos 2025 La Unidad de Coordinaci\u00f3n de los Institutos Italianos de cultura concede, en virtud del Cap. 2619\/7, subvenciones para: 1.la financiaci\u00f3n de los gastos de viaje y estad\u00eda de investigadores, profesores, expertos, personalidades de la cultura y operadores culturales italianos o extranjeros residentes en Italia desde hace al menos dos [&hellip;]","protected":false},"author":3,"featured_media":0,"parent":14559,"menu_order":0,"comment_status":"closed","ping_status":"closed","template":"","meta":{"footnotes":""},"class_list":["post-15516","page","type-page","status-publish","hentry"],"_links":{"self":[{"href":"https:\/\/iicbuenosaires.esteri.it\/es\/wp-json\/wp\/v2\/pages\/15516","targetHints":{"allow":["GET"]}}],"collection":[{"href":"https:\/\/iicbuenosaires.esteri.it\/es\/wp-json\/wp\/v2\/pages"}],"about":[{"href":"https:\/\/iicbuenosaires.esteri.it\/es\/wp-json\/wp\/v2\/types\/page"}],"author":[{"embeddable":true,"href":"https:\/\/iicbuenosaires.esteri.it\/es\/wp-json\/wp\/v2\/users\/3"}],"replies":[{"embeddable":true,"href":"https:\/\/iicbuenosaires.esteri.it\/es\/wp-json\/wp\/v2\/comments?post=15516"}],"version-history":[{"count":6,"href":"https:\/\/iicbuenosaires.esteri.it\/es\/wp-json\/wp\/v2\/pages\/15516\/revisions"}],"predecessor-version":[{"id":17696,"href":"https:\/\/iicbuenosaires.esteri.it\/es\/wp-json\/wp\/v2\/pages\/15516\/revisions\/17696"}],"up":[{"embeddable":true,"href":"https:\/\/iicbuenosaires.esteri.it\/es\/wp-json\/wp\/v2\/pages\/14559"}],"wp:attachment":[{"href":"https:\/\/iicbuenosaires.esteri.it\/es\/wp-json\/wp\/v2\/media?parent=15516"}],"curies":[{"name":"wp","href":"https:\/\/api.w.org\/{rel}","templated":true}]}}