{"id":17117,"date":"2025-07-14T22:29:45","date_gmt":"2025-07-14T20:29:45","guid":{"rendered":"https:\/\/iicbuenosaires.esteri.it\/?page_id=17117"},"modified":"2026-03-02T18:11:47","modified_gmt":"2026-03-02T17:11:47","slug":"preguntas-frecuentes-sobre-nuestros-cursos","status":"publish","type":"page","link":"https:\/\/iicbuenosaires.esteri.it\/es\/lingua-e-cultura\/i-corsi-di-lingua\/preguntas-frecuentes-sobre-nuestros-cursos\/","title":{"rendered":"Preguntas frecuentes sobre nuestros cursos"},"content":{"rendered":"<p><strong>PREGUNTAS FRECUENTES<\/strong><\/p>\n<ul>\n<li><strong>\u00bfQu\u00e9 precios tienen los cursos?<\/strong><\/li>\n<\/ul>\n<p><a href=\"https:\/\/iicbuenosaires.esteri.it\/wp-content\/uploads\/2026\/01\/COSTO-CORSI-ESTIVIa.doc\">Precios de los cursos de febrero<\/a><\/p>\n<ul>\n<li><strong>\u00bfCu\u00e1les son las formas de pago habilitadas?<\/strong><\/li>\n<\/ul>\n<p>Transferencia, dep\u00f3sito bancario y efectivo. Descarga los\u00a0<a href=\"https:\/\/iicbuenosaires.esteri.it\/wp-content\/uploads\/2024\/02\/Datos-para-transferencia-bancaria.doc\">datos para el pago bancario.<\/a><\/p>\n<ul>\n<li><strong>\u00bfQu\u00e9 curso debo hacer para rendir el\u00a0<\/strong><strong>examen B1 que sirve para tramitar la ciudadan\u00eda por matrimonio<\/strong><strong>?<\/strong><\/li>\n<\/ul>\n<p>Se deben completar los primeros 6 m\u00f3dulos de formaci\u00f3n de nuestra oferta did\u00e1ctica, con la modalidad regular o bien con la intensiva ya que todos nuestros m\u00f3dulos son de 45 h cada uno. El tiempo necesario, partiendo del primer nivel, puede variar entre 1 y 3 a\u00f1os seg\u00fan el tipo de curso que se elija. Luego, ser\u00e1 necesario sostener el examen de certificaci\u00f3n internacional. Este Istituto Italiano di Cultura es sede del examen de certificaci\u00f3n de la Universidad para Extranjeros de Siena (CILS B1).<\/p>\n<ul>\n<li><strong>Ya estudi\u00e9 italiano pero no conozco mi nivel. \u00bfen qu\u00e9 curso me inscribo?<\/strong><\/li>\n<\/ul>\n<p>Si cursaste y completaste un curso de italiano en nuestro Istituto durante 2025, el pasaje al nivel sucesivo para los cursos de marzo-no prev\u00e9 ninguna prueba de nivel. En los dem\u00e1s casos, est\u00e1 prevista una prueba de nivel gratuita.<\/p>\n<p><strong><a href=\"https:\/\/iicbuenosaires.esteri.it\/wp-content\/uploads\/2024\/11\/TEST-DI-LIVELLO.pdf\">Descarg\u00e1 de este link el TEST DE NIVEL<\/a>\u00a0<\/strong>y completalo . A continuaci\u00f3n, envialo al mail\u00a0\u00a0<a href=\"mailto:corsilingua.iicbuenosaires@esteri.it\">corsilingua.iicbuenosaires@esteri.it<\/a>\u00a0escribiendo en el asunto\u00a0<a href=\"https:\/\/iicbuenosaires.esteri.it\/wp-content\/uploads\/2024\/11\/TEST-DI-LIVELLO.pdf\">TEST DE NIVEL<\/a>. En breve recibir\u00e1s la informaci\u00f3n del nivel de nuestros cursos en el que podr\u00e1s inscribirte. Esta prueba no sirve para determinar tu nivel de conocimiento del italiano. Es solo una prueba para saber c\u00f3mo integrarte en nuestro plan de estudios.<\/p>\n<ul>\n<li><strong>\u00bfC\u00f3mo completo la inscripci\u00f3n?\u00a0<\/strong><\/li>\n<\/ul>\n<p>Para completar la inscripci\u00f3n, una vez efectuada la prueba de nivel (en los casos previstos en el punto anterior), es necesario completar el correspondiente formulario de inscripci\u00f3n \u00a0y presentarlo en mano en la Secretar\u00eda de los cursos o enviarlo por mail a\u00a0<a href=\"mailto:corsilingua.iicbuenosaires@esteri.it\">corsilingua.iicbuenosaires@esteri.it<\/a><\/p>\n<p>El alumno se considerar\u00e1 inscripto solo luego de haber enviado el comprobante de la transferencia o del dep\u00f3sito bancario al mail\u00a0<a href=\"mailto:corsilingua.iicbuenosaires@esteri.it\">corsilingua.iicbuenosaires@esteri.it<\/a><\/p>\n<ul>\n<li><strong>\u00bfD\u00f3nde se hacen los cursos presenciales?<\/strong><\/li>\n<\/ul>\n<p>Nuestros cursos se dictan en las aulas que se encuentran en el 5to piso del Palazzo Italia, en Marcelo T. de Alvear 1149, Barrio de Recoleta, CABA. Conoc\u00e9\u00a0<a href=\"https:\/\/goo.gl\/maps\/X8vVFJp4cdpXZRAy8\">nuestra sede<\/a>.<\/p>\n<ul>\n<li><strong>\u00bfD\u00f3nde y cu\u00e1ndo funciona la Secretar\u00eda de cursos?<\/strong><\/li>\n<\/ul>\n<p>La Secretar\u00eda de los cursos se encuentra ubicada en el Palacio Italia, <strong>Marcelo T. de Alvear 1149 Piso 5\u00b0, en el barrio de la Recoleta, CABA.<\/strong><\/p>\n<p><strong>HORARIO DE LA SECRETAR\u00cdA DE CURSOS<\/strong><\/p>\n<p><strong>Del 2 al 5 de marzo<\/strong>, el horario de la Secretar\u00eda de cursos ser\u00e1:<\/p>\n<p>De lunes a jueves: 9:30-13:30 y 14:00-18:00.<\/p>\n<p>Viernes: 9:30-13:30.<\/p>\n<p><strong>A partir del 9 de marzo<\/strong>, el horario ser\u00e1:<\/p>\n<p>De lunes a jueves: de 9:00 a 13:30 y de 14:00 a 20:00.<\/p>\n<p>Viernes: de 9:00 a 13:30.<\/p>\n<ul>\n<li><strong>\u00bfY si tengo dudas concretas sobre los cursos? \u00bfA qui\u00e9n puedo consultar?<\/strong><\/li>\n<\/ul>\n<p>Tenemos un n\u00famero de\u00a0<strong>whatsapp <\/strong>para consultas sobre las caracter\u00edsticas de\u00a0<strong>los cursos<\/strong>, sobre los precios y sobre el libro \u00abVolentieri\u00bb, informaci\u00f3n que tambi\u00e9n se encuentra en los diferentes links de nuestro sitio web. Para<strong>\u00a0informaci\u00f3n <\/strong>sobre los<strong> horarios de los cursos y <\/strong>sobre la<strong> inscripci\u00f3n visite las diferentes p\u00e1ginas de ese sitio web<\/strong>.<\/p>\n<p><strong>IMPORTANTE<\/strong>: La <strong>ficha de inscripci\u00f3n y los recibos de pago<\/strong> no deben enviarse a este whattsapp sino al mail de la secretar\u00eda, tal y como se ha explicado anteriormente. <a href=\"mailto:corsilingua.iicbuenosaires@esteri.it\">corsilingua.iicbuenosaires@esteri.it<\/a><\/p>\n<p>Whatsapp EXCLUSIVO para consultas sobre las caracter\u00edsticas de los cursos: <span style=\"color: #0000ff;\">1130335322<\/span><\/p>\n<ul>\n<li><strong>Si soy alumno del IIC y quiero estudiar en Italia, \u00bftengo alg\u00fan beneficio?<\/strong><\/li>\n<\/ul>\n<p>S\u00ed, conoc\u00e9 los beneficios exclusivos <strong><a href=\"https:\/\/iicbuenosaires.esteri.it\/es\/lingua-e-cultura\/borse-di-studio\/21121-2\/\">AQU\u00cd.\u00a0<\/a><\/strong><\/p>\n","protected":false},"excerpt":{"rendered":"PREGUNTAS FRECUENTES \u00bfQu\u00e9 precios tienen los cursos? Precios de los cursos de febrero \u00bfCu\u00e1les son las formas de pago habilitadas? Transferencia, dep\u00f3sito bancario y efectivo. Descarga los\u00a0datos para el pago bancario. \u00bfQu\u00e9 curso debo hacer para rendir el\u00a0examen B1 que sirve para tramitar la ciudadan\u00eda por matrimonio? Se deben completar los primeros 6 m\u00f3dulos de [&hellip;]","protected":false},"author":3,"featured_media":0,"parent":81,"menu_order":4,"comment_status":"closed","ping_status":"closed","template":"","meta":{"footnotes":""},"class_list":["post-17117","page","type-page","status-publish","hentry"],"_links":{"self":[{"href":"https:\/\/iicbuenosaires.esteri.it\/es\/wp-json\/wp\/v2\/pages\/17117","targetHints":{"allow":["GET"]}}],"collection":[{"href":"https:\/\/iicbuenosaires.esteri.it\/es\/wp-json\/wp\/v2\/pages"}],"about":[{"href":"https:\/\/iicbuenosaires.esteri.it\/es\/wp-json\/wp\/v2\/types\/page"}],"author":[{"embeddable":true,"href":"https:\/\/iicbuenosaires.esteri.it\/es\/wp-json\/wp\/v2\/users\/3"}],"replies":[{"embeddable":true,"href":"https:\/\/iicbuenosaires.esteri.it\/es\/wp-json\/wp\/v2\/comments?post=17117"}],"version-history":[{"count":6,"href":"https:\/\/iicbuenosaires.esteri.it\/es\/wp-json\/wp\/v2\/pages\/17117\/revisions"}],"predecessor-version":[{"id":21812,"href":"https:\/\/iicbuenosaires.esteri.it\/es\/wp-json\/wp\/v2\/pages\/17117\/revisions\/21812"}],"up":[{"embeddable":true,"href":"https:\/\/iicbuenosaires.esteri.it\/es\/wp-json\/wp\/v2\/pages\/81"}],"wp:attachment":[{"href":"https:\/\/iicbuenosaires.esteri.it\/es\/wp-json\/wp\/v2\/media?parent=17117"}],"curies":[{"name":"wp","href":"https:\/\/api.w.org\/{rel}","templated":true}]}}