{"id":17885,"date":"2025-08-14T21:58:52","date_gmt":"2025-08-14T19:58:52","guid":{"rendered":"https:\/\/iicbuenosaires.esteri.it\/?page_id=17885"},"modified":"2025-10-27T18:31:27","modified_gmt":"2025-10-27T17:31:27","slug":"rassegna-stampa-2025-articulos-periodisticos-2025","status":"publish","type":"page","link":"https:\/\/iicbuenosaires.esteri.it\/es\/gli_eventi\/archivio-eventi\/rassegna-stampa-2025-articulos-periodisticos-2025\/","title":{"rendered":"Rassegna stampa 2025 \/ Art\u00edculos period\u00edsticos 2025"},"content":{"rendered":"<p><a href=\"https:\/\/www.infobae.com\/cultura\/2025\/10\/27\/lorenzo-balbi-hay-que-tomar-distancia-de-los-museos-que-buscan-vender-muchas-entradas\/\">https:\/\/www.infobae.com\/cultura\/2025\/10\/27\/lorenzo-balbi-hay-que-tomar-distancia-de-los-museos-que-buscan-vender-muchas-entradas\/<\/a><\/p>\n<p><a href=\"https:\/\/iicbuenosaires.esteri.it\/wp-content\/uploads\/2025\/10\/9010_Digital_23.09.25.pdf\">90+10_Digital_23.09.25<\/a><\/p>\n<p><a href=\"https:\/\/iicbuenosaires.esteri.it\/wp-content\/uploads\/2025\/10\/Clarin-N-Magazine_Digital_11.08.25.pdf\">Clar\u00edn (\u00d1 Magazine)_Digital_11.08.25<\/a><\/p>\n<p><a href=\"https:\/\/iicbuenosaires.esteri.it\/wp-content\/uploads\/2025\/10\/Clarin-N-Magazine_Print_11.07.25.pdf\">Clar\u00edn (\u00d1 Magazine)_Print_11.07.25<\/a><\/p>\n<p><a href=\"https:\/\/iicbuenosaires.esteri.it\/wp-content\/uploads\/2025\/10\/La-Nacion_Digital_02.07.25.pdf\">La Nacion_Digital_02.07.25<\/a><\/p>\n<p><a href=\"https:\/\/iicbuenosaires.esteri.it\/wp-content\/uploads\/2025\/10\/Il-Globo-30.6.25.pdf\">Il Globo 30.6.25<\/a><\/p>\n<p><a href=\"https:\/\/www.clarin.com\/revista-n\/pintura-italiana-contemporanea-palacio-libertad-reflejo-pospandemia_0_78McXiAvAL.html\">https:\/\/www.clarin.com\/revista-n\/pintura-italiana-contemporanea-palacio-libertad-reflejo-pospandemia_0_78McXiAvAL.html<\/a><\/p>\n<p><a href=\"https:\/\/www.clarin.com\/cultura\/arte-italiano-buenos-aires-27-artistas-italianos-sub-35-presentan-obras-palacio-libertad_0_9Yko6do9Ph.html\">https:\/\/www.clarin.com\/cultura\/arte-italiano-buenos-aires-27-artistas-italianos-sub-35-presentan-obras-palacio-libertad_0_9Yko6do9Ph.html<\/a><\/p>\n<p><a href=\"https:\/\/fmradiocultura.com.ar\/site2025\/llega-pintura-italiana-hoy-una-nueva-escena\/\">https:\/\/fmradiocultura.com.ar\/site2025\/llega-pintura-italiana-hoy-una-nueva-escena\/<\/a><\/p>\n<p><a href=\"https:\/\/www.pagina12.com.ar\/866672-se-presenta-en-buenos-aires-la-orchestra-popolare-italiana\">https:\/\/www.pagina12.com.ar\/866672-se-presenta-en-buenos-aires-la-orchestra-popolare-italiana<\/a><\/p>\n<p><a href=\"https:\/\/www.perfil.com\/noticias\/elobservador\/donde-la-musica-se-vuelve-cuerpo.phtml\">https:\/\/www.perfil.com\/noticias\/elobservador\/donde-la-musica-se-vuelve-cuerpo.phtml<\/a><\/p>\n<p><a href=\"https:\/\/www.infobae.com\/cultura\/2025\/07\/25\/la-lugones-presenta-un-ciclo-de-marco-bellocchio-con-historias-que-desafian-el-tiempo-y-la-moral\/\">La Lugones presenta un ciclo de Marco Bellocchio, con historias que desaf\u00edan el tiempo y la moral &#8211; Infobae<\/a><\/p>\n<p>&nbsp;<\/p>\n","protected":false},"excerpt":{"rendered":"https:\/\/www.infobae.com\/cultura\/2025\/10\/27\/lorenzo-balbi-hay-que-tomar-distancia-de-los-museos-que-buscan-vender-muchas-entradas\/ 90+10_Digital_23.09.25 Clar\u00edn (\u00d1 Magazine)_Digital_11.08.25 Clar\u00edn (\u00d1 Magazine)_Print_11.07.25 La Nacion_Digital_02.07.25 Il Globo 30.6.25 https:\/\/www.clarin.com\/revista-n\/pintura-italiana-contemporanea-palacio-libertad-reflejo-pospandemia_0_78McXiAvAL.html https:\/\/www.clarin.com\/cultura\/arte-italiano-buenos-aires-27-artistas-italianos-sub-35-presentan-obras-palacio-libertad_0_9Yko6do9Ph.html https:\/\/fmradiocultura.com.ar\/site2025\/llega-pintura-italiana-hoy-una-nueva-escena\/ https:\/\/www.pagina12.com.ar\/866672-se-presenta-en-buenos-aires-la-orchestra-popolare-italiana https:\/\/www.perfil.com\/noticias\/elobservador\/donde-la-musica-se-vuelve-cuerpo.phtml La Lugones presenta un ciclo de Marco Bellocchio, con historias que desaf\u00edan el tiempo y la moral &#8211; Infobae &nbsp;","protected":false},"author":15,"featured_media":0,"parent":8893,"menu_order":0,"comment_status":"closed","ping_status":"closed","template":"","meta":{"footnotes":""},"class_list":["post-17885","page","type-page","status-publish","hentry"],"_links":{"self":[{"href":"https:\/\/iicbuenosaires.esteri.it\/es\/wp-json\/wp\/v2\/pages\/17885","targetHints":{"allow":["GET"]}}],"collection":[{"href":"https:\/\/iicbuenosaires.esteri.it\/es\/wp-json\/wp\/v2\/pages"}],"about":[{"href":"https:\/\/iicbuenosaires.esteri.it\/es\/wp-json\/wp\/v2\/types\/page"}],"author":[{"embeddable":true,"href":"https:\/\/iicbuenosaires.esteri.it\/es\/wp-json\/wp\/v2\/users\/15"}],"replies":[{"embeddable":true,"href":"https:\/\/iicbuenosaires.esteri.it\/es\/wp-json\/wp\/v2\/comments?post=17885"}],"version-history":[{"count":5,"href":"https:\/\/iicbuenosaires.esteri.it\/es\/wp-json\/wp\/v2\/pages\/17885\/revisions"}],"predecessor-version":[{"id":19178,"href":"https:\/\/iicbuenosaires.esteri.it\/es\/wp-json\/wp\/v2\/pages\/17885\/revisions\/19178"}],"up":[{"embeddable":true,"href":"https:\/\/iicbuenosaires.esteri.it\/es\/wp-json\/wp\/v2\/pages\/8893"}],"wp:attachment":[{"href":"https:\/\/iicbuenosaires.esteri.it\/es\/wp-json\/wp\/v2\/media?parent=17885"}],"curies":[{"name":"wp","href":"https:\/\/api.w.org\/{rel}","templated":true}]}}