{"id":18341,"date":"2025-09-17T20:26:04","date_gmt":"2025-09-17T18:26:04","guid":{"rendered":"https:\/\/iicbuenosaires.esteri.it\/?page_id=18341"},"modified":"2026-04-09T22:17:56","modified_gmt":"2026-04-09T20:17:56","slug":"nuestros-cursos-de-preparacion-a-los-examenes-cils","status":"publish","type":"page","link":"https:\/\/iicbuenosaires.esteri.it\/es\/lingua-e-cultura\/i-corsi-di-lingua\/nuestros-cursos-de-preparacion-a-los-examenes-cils\/","title":{"rendered":"Cursos de preparaci\u00f3n a los ex\u00e1menes CILS"},"content":{"rendered":"<p style=\"text-align: center;\"><img loading=\"lazy\" decoding=\"async\" class=\"alignnone size-medium wp-image-21393 img-fluid\" src=\"https:\/\/iicbuenosaires.esteri.it\/wp-content\/uploads\/2026\/02\/2026.CORSI_.GRAFICA-CILS-corr-280x300.png\" alt=\"\" width=\"280\" height=\"300\" srcset=\"https:\/\/iicbuenosaires.esteri.it\/wp-content\/uploads\/2026\/02\/2026.CORSI_.GRAFICA-CILS-corr-280x300.png 280w, https:\/\/iicbuenosaires.esteri.it\/wp-content\/uploads\/2026\/02\/2026.CORSI_.GRAFICA-CILS-corr-956x1024.png 956w, https:\/\/iicbuenosaires.esteri.it\/wp-content\/uploads\/2026\/02\/2026.CORSI_.GRAFICA-CILS-corr-768x823.png 768w, https:\/\/iicbuenosaires.esteri.it\/wp-content\/uploads\/2026\/02\/2026.CORSI_.GRAFICA-CILS-corr.png 1654w\" sizes=\"auto, (max-width: 280px) 100vw, 280px\" \/><\/p>\n<p>El Instituto es sede de examen de la Certificaci\u00f3n de Italiano como Lengua Extranjera (CILS) expedida por la Universidad para Extranjeros de Siena, con dos convocatorias al a\u00f1o, en los meses de junio y diciembre.<br \/>\nEn los meses de abril-mayo y octubre-noviembre, el Instituto imparte cursos de preparaci\u00f3n para los ex\u00e1menes de 24 horas de duraci\u00f3n, con el fin de permitir a los alumnos practicar las 5 habilidades previstas con material escrito y audio proporcionado por el profesor, y adquirir experiencia con el examen en s\u00ed.<br \/>\nLa pr\u00f3xima sesi\u00f3n de ex\u00e1menes ser\u00e1 <strong>el\u00a016 de junio de 2026.<\/strong> Para m\u00e1s informaci\u00f3n visite\u00a0<a href=\"https:\/\/iicbuenosaires.esteri.it\/es\/lingua-e-cultura\/certificazioni\/\">nuestra p\u00e1gina espec\u00edficamente destinada a las Certificaciones<\/a>.<\/p>\n<p><strong>Del 21 de abril al 11 de junio<\/strong> tendr\u00e1n lugar los cursos de preparaci\u00f3n para el examen CILS. Se trata de cursos de <strong>24 horas <\/strong>pensados para la preparaci\u00f3n del examen de certificaci\u00f3n de italiano como lengua extranjera.<\/p>\n<p>&nbsp;<\/p>\n<p style=\"text-align: center;\"><span style=\"color: #0000ff;\"><strong><em>CURSOS PREPARATORIOS A LOS EXAMENES INTERNACIONALES CILS B1 &#8211; <\/em><\/strong><strong>\u00a0<\/strong><strong><em>1 CUATRIMESTRE 2026 (abril &#8211; junio)\u00a0 &#8211;\u00a0 <\/em><\/strong><strong>24<em> hs bimestrales (3 hs semanales)<\/em><\/strong><\/span><\/p>\n<ol>\n<li><strong>\u00a0<\/strong><strong>MARTES Y JUEVES 9.00 A 10.30 (DESDE EL 21\/4 AL 11\/06)<\/strong><\/li>\n<\/ol>\n<p><strong>\u00a0 \u00a0 \u00a0 \u00a0 \u00a0 \u00a0Modalidad: PRESENCIAL<\/strong><br \/>\n<strong>\u00a0<\/strong><\/p>\n<ol start=\"2\">\n<li><strong>MIERCOLES 18.30 A 21.30 (DESDE EL 22\/4 AL 10\/06)<\/strong><\/li>\n<\/ol>\n<p><strong>\u00a0\u00a0\u00a0\u00a0\u00a0\u00a0\u00a0\u00a0\u00a0 <\/strong><strong>Modalidad<\/strong><strong>: PRESENCIAL<\/strong><br \/>\n<strong>\u00a0<\/strong><strong>\u00a0<\/strong><\/p>\n<ol start=\"3\">\n<li><strong>JUEVES 18.30 A 21.30 (DESDE EL 23\/4 AL 11\/06)<\/strong><\/li>\n<\/ol>\n<p><strong>\u00a0\u00a0\u00a0\u00a0\u00a0\u00a0\u00a0\u00a0\u00a0 <\/strong><strong>Modalidad<\/strong><strong>: ONLINE<\/strong><\/p>\n<p><strong>\u00a0<\/strong><\/p>\n<p><a href=\"https:\/\/iicbuenosaires.esteri.it\/wp-content\/uploads\/2026\/04\/Scheda-discrizione-CORSI-DI-PREPARAZIONE-ESAMI-CILS-.doc\">Descargue aqu\u00ed<\/a> la ficha de inscripci\u00f3n a los cursos de preparaci\u00f3n a los ex\u00e1menes CILS.<\/p>\n<p><a href=\"https:\/\/iicbuenosaires.esteri.it\/wp-content\/uploads\/2026\/02\/COSTO-CORSI-1-CUATRIMESTRE-con-sconti.doc\">Costo de estos cursos<\/a><\/p>\n<p><strong>Formas de pago:<\/strong>\u00a0Transferencia bancaria, dep\u00f3sito bancario o efectivo.<\/p>\n<p><strong>PARA INSCRIBIRSE:<\/strong><br \/>\n\u2022 DESCARGUE el<strong> formulario presente en <\/strong>\u00a0<a href=\"https:\/\/iicbuenosaires.esteri.it\/wp-content\/uploads\/2026\/04\/Scheda-discrizione-CORSI-DI-PREPARAZIONE-ESAMI-CILS-.doc\"><strong>este enlace <\/strong><\/a>y COMPL\u00c9TELO<\/p>\n<ul>\n<li>Para pagos mediante transferencia bancaria o dep\u00f3sito bancario: ENV\u00cdE EL COMPROBANTE DE DEP\u00d3SITO O TRANSFERENCIA junto con <strong>el formulario completo en todas sus partes<\/strong>\u00a0 y env\u00edelo a\u00a0<a href=\"mailto:Corsilingua.iicbuenosaires@esteri.it\">corsilingua.iicbuenosaires@esteri.it<\/a><\/li>\n<li>Para pagos en efectivo: dir\u00edjase al 5\u00b0 piso del Instituto con el formulario ya completado.<\/li>\n<\/ul>\n<p><strong>HORARIO DE LA SECRETAR\u00cdA DE CURSOS<\/strong><\/p>\n<p>De lunes a jueves: de 9:00 a 13:30 y de 14:00 a 20:00.<\/p>\n<p>Viernes: de 9:00 a 13:30.<\/p>\n","protected":false},"excerpt":{"rendered":"El Instituto es sede de examen de la Certificaci\u00f3n de Italiano como Lengua Extranjera (CILS) expedida por la Universidad para Extranjeros de Siena, con dos convocatorias al a\u00f1o, en los meses de junio y diciembre. En los meses de abril-mayo y octubre-noviembre, el Instituto imparte cursos de preparaci\u00f3n para los ex\u00e1menes de 24 horas de [&hellip;]","protected":false},"author":3,"featured_media":0,"parent":81,"menu_order":2,"comment_status":"closed","ping_status":"closed","template":"","meta":{"footnotes":""},"class_list":["post-18341","page","type-page","status-publish","hentry"],"_links":{"self":[{"href":"https:\/\/iicbuenosaires.esteri.it\/es\/wp-json\/wp\/v2\/pages\/18341","targetHints":{"allow":["GET"]}}],"collection":[{"href":"https:\/\/iicbuenosaires.esteri.it\/es\/wp-json\/wp\/v2\/pages"}],"about":[{"href":"https:\/\/iicbuenosaires.esteri.it\/es\/wp-json\/wp\/v2\/types\/page"}],"author":[{"embeddable":true,"href":"https:\/\/iicbuenosaires.esteri.it\/es\/wp-json\/wp\/v2\/users\/3"}],"replies":[{"embeddable":true,"href":"https:\/\/iicbuenosaires.esteri.it\/es\/wp-json\/wp\/v2\/comments?post=18341"}],"version-history":[{"count":6,"href":"https:\/\/iicbuenosaires.esteri.it\/es\/wp-json\/wp\/v2\/pages\/18341\/revisions"}],"predecessor-version":[{"id":22344,"href":"https:\/\/iicbuenosaires.esteri.it\/es\/wp-json\/wp\/v2\/pages\/18341\/revisions\/22344"}],"up":[{"embeddable":true,"href":"https:\/\/iicbuenosaires.esteri.it\/es\/wp-json\/wp\/v2\/pages\/81"}],"wp:attachment":[{"href":"https:\/\/iicbuenosaires.esteri.it\/es\/wp-json\/wp\/v2\/media?parent=18341"}],"curies":[{"name":"wp","href":"https:\/\/api.w.org\/{rel}","templated":true}]}}