{"id":20624,"date":"2025-12-18T18:55:00","date_gmt":"2025-12-18T17:55:00","guid":{"rendered":"https:\/\/iicbuenosaires.esteri.it\/?page_id=20624"},"modified":"2025-12-18T18:57:50","modified_gmt":"2025-12-18T17:57:50","slug":"premios-de-entes-en-italia","status":"publish","type":"page","link":"https:\/\/iicbuenosaires.esteri.it\/es\/lingua-e-cultura\/premi-alla-traduzione\/premios-de-entes-en-italia\/","title":{"rendered":"Premios de entes en Italia"},"content":{"rendered":"<p>Se ha abierto la 17.\u00aa edici\u00f3n del Premio Internacional de Guion MATTADOR, dedicado a Matteo Caenazzo y abierto a j\u00f3venes autores italianos e internacionales de entre 16 y 30 a\u00f1os.<\/p>\n<p>El Premio, que cuenta con el patrocinio del Parlamento Europeo, del MiC y la contribuci\u00f3n de la Direcci\u00f3n General de Cine y Audiovisual, est\u00e1 dirigido a aspirantes a guionistas, directores, ilustradores y dise\u00f1adores conceptuales. Su objetivo es identificar y fomentar nuevos talentos ofreci\u00e9ndoles programas de formaci\u00f3n altamente cualificados impartidos por profesionales de la industria cinematogr\u00e1fica.<\/p>\n<p>Las secciones y los premios correspondientes para el Concurso 2025\/2026 son:<\/p>\n<ul>\n<li>Premio MATTADOR al Mejor Guion de Largometraje: 5.000 \u20ac.<\/li>\n<li>Premio MATTADOR a la Mejor Historia: 1.500 \u20ac. Los finalistas a la mejor historia, que recibir\u00e1n una beca de formaci\u00f3n, contar\u00e1n con el apoyo de guionistas profesionales para el desarrollo de sus historias. Al finalizar la formaci\u00f3n, el mejor proyecto de desarrollo recibir\u00e1 un premio de 1500 \u20ac.<\/li>\n<li>Premio MATTADOR Series al mejor proyecto de serie de televisi\u00f3n: 1000 \u20ac. Los finalistas, que recibir\u00e1n una beca de formaci\u00f3n, recibir\u00e1n el asesoramiento de guionistas profesionales en el desarrollo de sus proyectos. Al finalizar la formaci\u00f3n, el mejor proyecto de desarrollo recibir\u00e1 un premio de 1000 \u20ac.<\/li>\n<li>Premio DOLLY \u00abIlustrando Cine\u00bb a la mejor historia contada a trav\u00e9s de im\u00e1genes. El ganador, que recibir\u00e1 una beca de formaci\u00f3n, recibir\u00e1 el asesoramiento de tutores profesionales en el desarrollo de su historia, incluyendo la elaboraci\u00f3n de un dossier completo para una pel\u00edcula o un proyecto de animaci\u00f3n. Al finalizar la formaci\u00f3n, en funci\u00f3n de los resultados de las pr\u00e1cticas, se podr\u00e1 otorgar un premio adicional de 1000 \u20ac.<\/li>\n<\/ul>\n<p>Premio CORTO86 al Mejor Guion de Cortometraje. El ganador, que recibir\u00e1 una beca de formaci\u00f3n y la oportunidad de producir un cortometraje basado en el guion ganador, recibir\u00e1 el apoyo de tutores profesionales durante las fases de preproducci\u00f3n, rodaje y posproducci\u00f3n del cortometraje, y tambi\u00e9n podr\u00e1 dirigirlo.<\/p>\n<p style=\"text-align: left;\">La convocatoria y las bases del 17.\u00ba Premio Mattador est\u00e1n disponibles en\u00a0<a href=\"https:\/\/www.premiomattador.it\/\">https:\/\/www.premiomattador.it\/<\/a><\/p>\n<p>Fecha l\u00edmite de presentaci\u00f3n: del 15 de febrero de 2026 al 15 de abril 2026, a trav\u00e9s de la plataforma\u00a0<a href=\"https:\/\/iscrizioni.premiomattador.it\/\">https:\/\/iscrizioni.premiomattador.it<\/a><\/p>\n","protected":false},"excerpt":{"rendered":"Se ha abierto la 17.\u00aa edici\u00f3n del Premio Internacional de Guion MATTADOR, dedicado a Matteo Caenazzo y abierto a j\u00f3venes autores italianos e internacionales de entre 16 y 30 a\u00f1os. El Premio, que cuenta con el patrocinio del Parlamento Europeo, del MiC y la contribuci\u00f3n de la Direcci\u00f3n General de Cine y Audiovisual, est\u00e1 dirigido [&hellip;]","protected":false},"author":7,"featured_media":20617,"parent":72,"menu_order":0,"comment_status":"closed","ping_status":"closed","template":"","meta":{"footnotes":""},"class_list":["post-20624","page","type-page","status-publish","has-post-thumbnail","hentry"],"_links":{"self":[{"href":"https:\/\/iicbuenosaires.esteri.it\/es\/wp-json\/wp\/v2\/pages\/20624","targetHints":{"allow":["GET"]}}],"collection":[{"href":"https:\/\/iicbuenosaires.esteri.it\/es\/wp-json\/wp\/v2\/pages"}],"about":[{"href":"https:\/\/iicbuenosaires.esteri.it\/es\/wp-json\/wp\/v2\/types\/page"}],"author":[{"embeddable":true,"href":"https:\/\/iicbuenosaires.esteri.it\/es\/wp-json\/wp\/v2\/users\/7"}],"replies":[{"embeddable":true,"href":"https:\/\/iicbuenosaires.esteri.it\/es\/wp-json\/wp\/v2\/comments?post=20624"}],"version-history":[{"count":1,"href":"https:\/\/iicbuenosaires.esteri.it\/es\/wp-json\/wp\/v2\/pages\/20624\/revisions"}],"predecessor-version":[{"id":20627,"href":"https:\/\/iicbuenosaires.esteri.it\/es\/wp-json\/wp\/v2\/pages\/20624\/revisions\/20627"}],"up":[{"embeddable":true,"href":"https:\/\/iicbuenosaires.esteri.it\/es\/wp-json\/wp\/v2\/pages\/72"}],"wp:featuredmedia":[{"embeddable":true,"href":"https:\/\/iicbuenosaires.esteri.it\/es\/wp-json\/wp\/v2\/media\/20617"}],"wp:attachment":[{"href":"https:\/\/iicbuenosaires.esteri.it\/es\/wp-json\/wp\/v2\/media?parent=20624"}],"curies":[{"name":"wp","href":"https:\/\/api.w.org\/{rel}","templated":true}]}}