{"id":20744,"date":"2026-01-08T16:03:20","date_gmt":"2026-01-08T15:03:20","guid":{"rendered":"https:\/\/iicbuenosaires.esteri.it\/?page_id=20744"},"modified":"2026-03-02T18:02:49","modified_gmt":"2026-03-02T17:02:49","slug":"cursos-regulares-intensivos-y-superintensivos-de-italiano","status":"publish","type":"page","link":"https:\/\/iicbuenosaires.esteri.it\/es\/lingua-e-cultura\/i-corsi-di-lingua\/cursos-regulares-intensivos-y-superintensivos-de-italiano\/","title":{"rendered":"Cursos regulares, intensivos y superintensivos de italiano"},"content":{"rendered":"<h3 style=\"text-align: center;\"><strong>Cursos regulares de marzo<\/strong><\/h3>\n<p style=\"text-align: center;\"><img loading=\"lazy\" decoding=\"async\" class=\"alignnone size-medium wp-image-20852 img-fluid\" src=\"https:\/\/iicbuenosaires.esteri.it\/wp-content\/uploads\/2026\/01\/2026.CORSI_.GRAFICA-GENERALE-REGOLARI-280x300.png\" alt=\"\" width=\"280\" height=\"300\" srcset=\"https:\/\/iicbuenosaires.esteri.it\/wp-content\/uploads\/2026\/01\/2026.CORSI_.GRAFICA-GENERALE-REGOLARI-280x300.png 280w, https:\/\/iicbuenosaires.esteri.it\/wp-content\/uploads\/2026\/01\/2026.CORSI_.GRAFICA-GENERALE-REGOLARI-956x1024.png 956w, https:\/\/iicbuenosaires.esteri.it\/wp-content\/uploads\/2026\/01\/2026.CORSI_.GRAFICA-GENERALE-REGOLARI-768x823.png 768w, https:\/\/iicbuenosaires.esteri.it\/wp-content\/uploads\/2026\/01\/2026.CORSI_.GRAFICA-GENERALE-REGOLARI.png 1654w\" sizes=\"auto, (max-width: 280px) 100vw, 280px\" \/><\/p>\n<p>Del <strong>10 marzo al 30 de junio<\/strong> se ofrecer\u00e1n cursos regulares, tanto presenciales como online (a trav\u00e9s de Zoom). Aprovech\u00e1 esta oportunidad para inscribirte y completar tu nivel en un cuatrimestre, pod\u00e9s elegir si frecuentar dos lecciones de una hora y media a la semana, o uno solo de tres horas a la semana.<\/p>\n<p style=\"text-align: center;\"><img loading=\"lazy\" decoding=\"async\" class=\"img-fluid alignnone wp-image-21665\" src=\"https:\/\/iicbuenosaires.esteri.it\/wp-content\/uploads\/2026\/02\/Corsi-livello-1-2-leggibili.jpg\" alt=\"\" width=\"520\" height=\"603\" srcset=\"https:\/\/iicbuenosaires.esteri.it\/wp-content\/uploads\/2026\/02\/Corsi-livello-1-2-leggibili.jpg 460w, https:\/\/iicbuenosaires.esteri.it\/wp-content\/uploads\/2026\/02\/Corsi-livello-1-2-leggibili-259x300.jpg 259w\" sizes=\"auto, (max-width: 520px) 100vw, 520px\" \/><\/p>\n<p style=\"text-align: center;\"><img loading=\"lazy\" decoding=\"async\" class=\"img-fluid alignnone wp-image-21666\" src=\"https:\/\/iicbuenosaires.esteri.it\/wp-content\/uploads\/2026\/02\/nivel-3-5-leggibile-corsi-regolari-1.png\" alt=\"\" width=\"520\" height=\"589\" srcset=\"https:\/\/iicbuenosaires.esteri.it\/wp-content\/uploads\/2026\/02\/nivel-3-5-leggibile-corsi-regolari-1.png 473w, https:\/\/iicbuenosaires.esteri.it\/wp-content\/uploads\/2026\/02\/nivel-3-5-leggibile-corsi-regolari-1-265x300.png 265w\" sizes=\"auto, (max-width: 520px) 100vw, 520px\" \/><\/p>\n<p style=\"text-align: center;\"><img loading=\"lazy\" decoding=\"async\" class=\"img-fluid alignnone wp-image-21667 size-full\" src=\"https:\/\/iicbuenosaires.esteri.it\/wp-content\/uploads\/2026\/02\/nivel-6-12-corsi-regolari-leggibile-1.png\" alt=\"\" width=\"520\" height=\"568\" srcset=\"https:\/\/iicbuenosaires.esteri.it\/wp-content\/uploads\/2026\/02\/nivel-6-12-corsi-regolari-leggibile-1.png 520w, https:\/\/iicbuenosaires.esteri.it\/wp-content\/uploads\/2026\/02\/nivel-6-12-corsi-regolari-leggibile-1-275x300.png 275w\" sizes=\"auto, (max-width: 520px) 100vw, 520px\" \/><\/p>\n<p><a href=\"https:\/\/iicbuenosaires.esteri.it\/wp-content\/uploads\/2026\/02\/Scheda-discrizione-CORSI-REGOLARI-_primo-quadrimestre2026-para-combinar-2.doc\">Descargue aqu\u00ed la ficha de inscripci\u00f3n a los cursos regulares de italiano<\/a><\/p>\n<p><a href=\"https:\/\/iicbuenosaires.esteri.it\/wp-content\/uploads\/2026\/02\/COSTO-CORSI-1-CUATRIMESTRE-con-sconti.doc\">Costo de estos cursos<\/a><\/p>\n<p style=\"text-align: center;\"><img loading=\"lazy\" decoding=\"async\" class=\"img-fluid alignnone wp-image-21355 size-full\" src=\"https:\/\/iicbuenosaires.esteri.it\/wp-content\/uploads\/2026\/02\/Nuovo-flyer-costo-corsi-regolari.png\" alt=\"\" width=\"851\" height=\"315\" srcset=\"https:\/\/iicbuenosaires.esteri.it\/wp-content\/uploads\/2026\/02\/Nuovo-flyer-costo-corsi-regolari.png 851w, https:\/\/iicbuenosaires.esteri.it\/wp-content\/uploads\/2026\/02\/Nuovo-flyer-costo-corsi-regolari-300x111.png 300w, https:\/\/iicbuenosaires.esteri.it\/wp-content\/uploads\/2026\/02\/Nuovo-flyer-costo-corsi-regolari-768x284.png 768w\" sizes=\"auto, (max-width: 851px) 100vw, 851px\" \/><\/p>\n<p><strong>El alumno que frecuenta un curso y se anota simult\u00e1neamente en <em>otro del mismo cuatrimestre<\/em>, obtiene un 10% de descuento en el<\/strong><strong> 2\u00b0.<\/strong><\/p>\n<p><strong>Formas de pago:<\/strong>\u00a0Transferencia bancaria, dep\u00f3sito bancario o efectivo.<\/p>\n<p><strong>PARA INSCRIBIRSE:<\/strong><br \/>\n\u2022 DESCARGUE el formulario adjunto a\u00a0<a href=\"https:\/\/iicbuenosaires.esteri.it\/wp-content\/uploads\/2026\/02\/Scheda-discrizione-CORSI-REGOLARI-_primo-quadrimestre2026-para-combinar-2.doc\">este enlace<\/a>\u00a0y RELL\u00c9NELO<\/p>\n<ul>\n<li>Para pagos mediante transferencia bancaria o dep\u00f3sito bancario: ENV\u00cdE EL COMPROBANTE DE DEP\u00d3SITO O TRANSFERENCIA junto con el formulario adjunto a <a href=\"https:\/\/iicbuenosaires.esteri.it\/wp-content\/uploads\/2026\/02\/Scheda-discrizione-CORSI-REGOLARI-_primo-quadrimestre2026-para-combinar-2.doc\">este enlace<\/a>\u00a0y env\u00edelo a\u00a0<a href=\"mailto:Corsilingua.iicbuenosaires@esteri.it\">corsilingua.iicbuenosaires@esteri.it<\/a><\/li>\n<li>Para pagos en efectivo, dir\u00edjase al 5\u00b0 piso del Instituto con el formulario ya completado<\/li>\n<\/ul>\n<p><strong>HORARIO DE LA SECRETAR\u00cdA DE CURSOS<\/strong><\/p>\n<p><strong>Del 2 al 5 de marzo<\/strong>, el horario de la Secretar\u00eda de cursos ser\u00e1:<\/p>\n<p>De lunes a jueves: 9:30-13:30 y 14:00-18:00.<\/p>\n<p>Viernes: 9:30-13:30.<\/p>\n<p><strong>A partir del 9 de marzo<\/strong>, el horario ser\u00e1:<\/p>\n<p>De lunes a jueves: de 9:00 a 13:30 y de 14:00 a 20:00.<\/p>\n<p>Viernes: de 9:00 a 13:30.<\/p>\n<p style=\"text-align: center;\"><strong>Anotate antes de que se agoten las vacantes<\/strong><\/p>\n<p>&nbsp;<\/p>\n<h3 style=\"text-align: center;\"><strong>Cursos intensivos<\/strong><\/h3>\n<p style=\"text-align: center;\"><img loading=\"lazy\" decoding=\"async\" class=\"alignnone size-medium wp-image-20851 img-fluid\" src=\"https:\/\/iicbuenosaires.esteri.it\/wp-content\/uploads\/2026\/01\/2026.CORSI_.GRAFICA-GENERALE-INTENSIVI-280x300.png\" alt=\"\" width=\"280\" height=\"300\" srcset=\"https:\/\/iicbuenosaires.esteri.it\/wp-content\/uploads\/2026\/01\/2026.CORSI_.GRAFICA-GENERALE-INTENSIVI-280x300.png 280w, https:\/\/iicbuenosaires.esteri.it\/wp-content\/uploads\/2026\/01\/2026.CORSI_.GRAFICA-GENERALE-INTENSIVI-956x1024.png 956w, https:\/\/iicbuenosaires.esteri.it\/wp-content\/uploads\/2026\/01\/2026.CORSI_.GRAFICA-GENERALE-INTENSIVI-768x823.png 768w, https:\/\/iicbuenosaires.esteri.it\/wp-content\/uploads\/2026\/01\/2026.CORSI_.GRAFICA-GENERALE-INTENSIVI.png 1654w\" sizes=\"auto, (max-width: 280px) 100vw, 280px\" \/><\/p>\n<p><strong>A partir del 9 de marzo<\/strong> comenzar\u00e1n los <strong>nuevos cursos intensivos bimestrales<\/strong>, en <strong>modalidad presencial y online<\/strong>.<\/p>\n<p>Con una <strong>carga horaria de seis horas semanales<\/strong>, los cursos finalizar\u00e1n <strong>a principios de mayo<\/strong>. Pensados para aprender italiano r\u00e1pidamente, concentran el estudio en un <strong>per\u00edodo m\u00e1s corto<\/strong>.<\/p>\n<p>Los cursos ofrecidos van <strong>del Nivel 1 al Nivel 6<\/strong> y est\u00e1n disponibles en los <strong>siguientes horarios<\/strong>:<\/p>\n<p style=\"text-align: center;\"><img loading=\"lazy\" decoding=\"async\" class=\"img-fluid alignnone wp-image-21268 size-full\" src=\"https:\/\/iicbuenosaires.esteri.it\/wp-content\/uploads\/2026\/02\/Offerta-intensivi-marzo-2026.png\" alt=\"\" width=\"388\" height=\"644\" srcset=\"https:\/\/iicbuenosaires.esteri.it\/wp-content\/uploads\/2026\/02\/Offerta-intensivi-marzo-2026.png 388w, https:\/\/iicbuenosaires.esteri.it\/wp-content\/uploads\/2026\/02\/Offerta-intensivi-marzo-2026-181x300.png 181w\" sizes=\"auto, (max-width: 388px) 100vw, 388px\" \/><\/p>\n<p><a href=\"https:\/\/iicbuenosaires.esteri.it\/wp-content\/uploads\/2026\/02\/Scheda-discrizione-CURSOS-INTENSIVOS-primer-bimestre-2026.doc\">Descargue aqu\u00ed<\/a> la ficha de inscripci\u00f3n a los cursos intensivos de italiano<\/p>\n<p><a href=\"https:\/\/iicbuenosaires.esteri.it\/wp-content\/uploads\/2026\/02\/COSTO-CORSI-1-CUATRIMESTRE-con-sconti.doc\">Costo de estos cursos<\/a><\/p>\n<p style=\"text-align: center;\"><img loading=\"lazy\" decoding=\"async\" class=\"img-fluid alignnone wp-image-21367 size-full\" src=\"https:\/\/iicbuenosaires.esteri.it\/wp-content\/uploads\/2026\/02\/2026.Nuovo-flyer-costo-corsi-intensivi.png\" alt=\"\" width=\"851\" height=\"315\" srcset=\"https:\/\/iicbuenosaires.esteri.it\/wp-content\/uploads\/2026\/02\/2026.Nuovo-flyer-costo-corsi-intensivi.png 851w, https:\/\/iicbuenosaires.esteri.it\/wp-content\/uploads\/2026\/02\/2026.Nuovo-flyer-costo-corsi-intensivi-300x111.png 300w, https:\/\/iicbuenosaires.esteri.it\/wp-content\/uploads\/2026\/02\/2026.Nuovo-flyer-costo-corsi-intensivi-768x284.png 768w\" sizes=\"auto, (max-width: 851px) 100vw, 851px\" \/><\/p>\n<p><strong>Formas de pago:<\/strong>\u00a0Transferencia bancaria, dep\u00f3sito bancario o efectivo.<\/p>\n<p><strong>PARA INSCRIBIRSE:<\/strong><br \/>\n\u2022 DESCARGUE el<strong> formulario adjunto a <a href=\"https:\/\/iicbuenosaires.esteri.it\/wp-content\/uploads\/2026\/02\/Scheda-discrizione-CURSOS-INTENSIVOS-primer-bimestre-2026.doc\">este enlace<\/a> <\/strong>y RELL\u00c9NELO<\/p>\n<ul>\n<li>Para pagos mediante transferencia bancaria o dep\u00f3sito bancario: ENV\u00cdE EL COMPROBANTE DE DEP\u00d3SITO O TRANSFERENCIA junto con <strong>el formulario adjunto a <a href=\"https:\/\/iicbuenosaires.esteri.it\/wp-content\/uploads\/2026\/02\/Scheda-discrizione-CURSOS-INTENSIVOS-primer-bimestre-2026.doc\">este enlace<\/a><\/strong> y env\u00edelo a\u00a0<a href=\"mailto:Corsilingua.iicbuenosaires@esteri.it\">corsilingua.iicbuenosaires@esteri.it<\/a><\/li>\n<li>Para pagos en efectivo: dir\u00edjase al 5\u00b0 piso del Instituto con el formulario ya completado.<\/li>\n<\/ul>\n<p><strong>HORARIO DE LA SECRETAR\u00cdA DE CURSOS<\/strong><\/p>\n<p><strong>Del 2 al 5 de marzo<\/strong>, el horario de la Secretar\u00eda de cursos ser\u00e1:<\/p>\n<p>De lunes a jueves: 9:30-13:30 y 14:00-18:00.<\/p>\n<p>Viernes: 9:30-13:30.<\/p>\n<p><strong>A partir del 9 de marzo<\/strong>, el horario ser\u00e1:<\/p>\n<p>De lunes a jueves: de 9:00 a 13:30 y de 14:00 a 20:00.<\/p>\n<p>Viernes: de 9:00 a 13:30.<\/p>\n<p>&nbsp;<\/p>\n","protected":false},"excerpt":{"rendered":"Cursos regulares de marzo Del 10 marzo al 30 de junio se ofrecer\u00e1n cursos regulares, tanto presenciales como online (a trav\u00e9s de Zoom). Aprovech\u00e1 esta oportunidad para inscribirte y completar tu nivel en un cuatrimestre, pod\u00e9s elegir si frecuentar dos lecciones de una hora y media a la semana, o uno solo de tres horas [&hellip;]","protected":false},"author":3,"featured_media":0,"parent":81,"menu_order":1,"comment_status":"closed","ping_status":"closed","template":"","meta":{"footnotes":""},"class_list":["post-20744","page","type-page","status-publish","hentry"],"_links":{"self":[{"href":"https:\/\/iicbuenosaires.esteri.it\/es\/wp-json\/wp\/v2\/pages\/20744","targetHints":{"allow":["GET"]}}],"collection":[{"href":"https:\/\/iicbuenosaires.esteri.it\/es\/wp-json\/wp\/v2\/pages"}],"about":[{"href":"https:\/\/iicbuenosaires.esteri.it\/es\/wp-json\/wp\/v2\/types\/page"}],"author":[{"embeddable":true,"href":"https:\/\/iicbuenosaires.esteri.it\/es\/wp-json\/wp\/v2\/users\/3"}],"replies":[{"embeddable":true,"href":"https:\/\/iicbuenosaires.esteri.it\/es\/wp-json\/wp\/v2\/comments?post=20744"}],"version-history":[{"count":11,"href":"https:\/\/iicbuenosaires.esteri.it\/es\/wp-json\/wp\/v2\/pages\/20744\/revisions"}],"predecessor-version":[{"id":21800,"href":"https:\/\/iicbuenosaires.esteri.it\/es\/wp-json\/wp\/v2\/pages\/20744\/revisions\/21800"}],"up":[{"embeddable":true,"href":"https:\/\/iicbuenosaires.esteri.it\/es\/wp-json\/wp\/v2\/pages\/81"}],"wp:attachment":[{"href":"https:\/\/iicbuenosaires.esteri.it\/es\/wp-json\/wp\/v2\/media?parent=20744"}],"curies":[{"name":"wp","href":"https:\/\/api.w.org\/{rel}","templated":true}]}}