{"id":21121,"date":"2026-02-09T17:15:01","date_gmt":"2026-02-09T16:15:01","guid":{"rendered":"https:\/\/iicbuenosaires.esteri.it\/?page_id=21121"},"modified":"2026-02-10T15:37:07","modified_gmt":"2026-02-10T14:37:07","slug":"21121-2","status":"publish","type":"page","link":"https:\/\/iicbuenosaires.esteri.it\/es\/lingua-e-cultura\/borse-di-studio\/21121-2\/","title":{"rendered":"Becas de estudio para estudiantes del IIC"},"content":{"rendered":"<p style=\"text-align: center;\"><img loading=\"lazy\" decoding=\"async\" class=\"alignnone size-full wp-image-21118 img-fluid\" src=\"https:\/\/iicbuenosaires.esteri.it\/wp-content\/uploads\/2026\/02\/Logo-AEF.jpg\" alt=\"\" width=\"86\" height=\"146\" \/><\/p>\n<p style=\"text-align: left;\"><strong>Becas de estudio<\/strong> de la <strong>Accademia Europea di Firenze 2026<\/strong> para estudiantes de los <strong>Institutos Italianos de Cultura<\/strong><\/p>\n<p style=\"text-align: justify;\">La AEF es una <strong>instituci\u00f3n formativa internacional<\/strong> con m\u00e1s de <strong>20 a\u00f1os de experiencia acad\u00e9mica<\/strong> que ofrece <strong>clases con cupos limitados<\/strong>, programas de<strong> lengua italiana<\/strong> y planes de estudios integrados<strong> Lengua + Arte \/ M\u00fasica \/ Cultura<\/strong>, en el marco de un <strong>modelo educativo sostenible<\/strong>. La sede, ubicada en el <strong>centro hist\u00f3rico de Firenze<\/strong>, facilita que los estudiantes vivan la ciudad como parte integrante de la formaci\u00f3n.<\/p>\n<p style=\"text-align: justify;\">Para el a\u00f1o acad\u00e9mico 2026, el programa prev\u00e9 <strong>6 becas de estudio para cada Instituto<\/strong>, con la siguiente distribuci\u00f3n:<\/p>\n<ul style=\"text-align: justify;\">\n<li><strong>1 beca de estudio con cobertura del 100%<\/strong><\/li>\n<li><strong>5 becas de estudio con cobertura del 50% <\/strong>para cursos de<strong> Lengua y Cultura Italiana<\/strong> de <strong>2 o 4 semanas<\/strong> de duraci\u00f3n, disponibles para <strong>todos los niveles de idioma (A1-C2)<\/strong>.<\/li>\n<\/ul>\n<p style=\"text-align: justify;\">Descargue el folleto con los detalles <a href=\"https:\/\/iicbuenosaires.esteri.it\/wp-content\/uploads\/2026\/02\/AEF_BORSE-DI-STUDIO-LINGUA-E-CULTURA-ITALIANA-IIC_ES_2026.pdf\">AQU\u00cd<\/a>.<\/p>\n<p style=\"text-align: justify;\">Para m\u00e1s informaci\u00f3n:<\/p>\n<p style=\"text-align: justify;\"><strong>Accademia Europea di Firenze<\/strong><\/p>\n<p style=\"text-align: justify;\">Via Cavour, 37 50129 Firenze<\/p>\n<p style=\"text-align: justify;\">tel. +39 055 21 15 99<\/p>\n<p style=\"text-align: justify;\">WA +39 345 5307473<\/p>\n<p style=\"text-align: justify;\"><a href=\"https:\/\/www.aefirenze.it\/\">https:\/\/www.aefirenze.it<\/a><\/p>\n","protected":false},"excerpt":{"rendered":"Becas de estudio de la Accademia Europea di Firenze 2026 para estudiantes de los Institutos Italianos de Cultura La AEF es una instituci\u00f3n formativa internacional con m\u00e1s de 20 a\u00f1os de experiencia acad\u00e9mica que ofrece clases con cupos limitados, programas de lengua italiana y planes de estudios integrados Lengua + Arte \/ M\u00fasica \/ Cultura, [&hellip;]","protected":false},"author":7,"featured_media":0,"parent":69,"menu_order":1,"comment_status":"closed","ping_status":"closed","template":"","meta":{"footnotes":""},"class_list":["post-21121","page","type-page","status-publish","hentry"],"_links":{"self":[{"href":"https:\/\/iicbuenosaires.esteri.it\/es\/wp-json\/wp\/v2\/pages\/21121","targetHints":{"allow":["GET"]}}],"collection":[{"href":"https:\/\/iicbuenosaires.esteri.it\/es\/wp-json\/wp\/v2\/pages"}],"about":[{"href":"https:\/\/iicbuenosaires.esteri.it\/es\/wp-json\/wp\/v2\/types\/page"}],"author":[{"embeddable":true,"href":"https:\/\/iicbuenosaires.esteri.it\/es\/wp-json\/wp\/v2\/users\/7"}],"replies":[{"embeddable":true,"href":"https:\/\/iicbuenosaires.esteri.it\/es\/wp-json\/wp\/v2\/comments?post=21121"}],"version-history":[{"count":7,"href":"https:\/\/iicbuenosaires.esteri.it\/es\/wp-json\/wp\/v2\/pages\/21121\/revisions"}],"predecessor-version":[{"id":21209,"href":"https:\/\/iicbuenosaires.esteri.it\/es\/wp-json\/wp\/v2\/pages\/21121\/revisions\/21209"}],"up":[{"embeddable":true,"href":"https:\/\/iicbuenosaires.esteri.it\/es\/wp-json\/wp\/v2\/pages\/69"}],"wp:attachment":[{"href":"https:\/\/iicbuenosaires.esteri.it\/es\/wp-json\/wp\/v2\/media?parent=21121"}],"curies":[{"name":"wp","href":"https:\/\/api.w.org\/{rel}","templated":true}]}}