{"id":3309,"date":"2023-09-28T18:18:04","date_gmt":"2023-09-28T16:18:04","guid":{"rendered":"https:\/\/iicbuenosaires.esteri.it\/?page_id=3309"},"modified":"2023-11-29T18:07:10","modified_gmt":"2023-11-29T17:07:10","slug":"area-di-competenza","status":"publish","type":"page","link":"https:\/\/iicbuenosaires.esteri.it\/es\/chi-siamo\/la-sede\/area-di-competenza\/","title":{"rendered":"\u00c1rea de competencia"},"content":{"rendered":"<p><img loading=\"lazy\" decoding=\"async\" class=\"alignright  wp-image-4493 img-fluid\" src=\"https:\/\/iicbuenosaires.esteri.it\/wp-content\/uploads\/2023\/11\/area-di-competenza-IIC-di-Buenos-Aires_-227x300.jpg\" alt=\"\" width=\"121\" height=\"160\" srcset=\"https:\/\/iicbuenosaires.esteri.it\/wp-content\/uploads\/2023\/11\/area-di-competenza-IIC-di-Buenos-Aires_-227x300.jpg 227w, https:\/\/iicbuenosaires.esteri.it\/wp-content\/uploads\/2023\/11\/area-di-competenza-IIC-di-Buenos-Aires_-773x1024.jpg 773w, https:\/\/iicbuenosaires.esteri.it\/wp-content\/uploads\/2023\/11\/area-di-competenza-IIC-di-Buenos-Aires_-768x1017.jpg 768w, https:\/\/iicbuenosaires.esteri.it\/wp-content\/uploads\/2023\/11\/area-di-competenza-IIC-di-Buenos-Aires_.jpg 1111w\" sizes=\"auto, (max-width: 121px) 100vw, 121px\" \/>\u00c1rea de competencia<\/p>\n<p>El \u00e1rea geogr\u00e1fica de <strong>competencia del IIC de Buenos Aires<\/strong> comprende la<strong> Ciudad Aut\u00f3noma de Buenos Aires<\/strong>, las <strong>provincias de Buenos Aires, La Pampa, R\u00edo Negro, Neuqu\u00e9n, Chubut, Santa Cruz, Chaco, Formosa, Misiones, Corrientes, Entre R\u00edos, Santa Fe, Tierra del Fuego e Islas del Atl\u00e1ntico Sur<\/strong>.<\/p>\n<p>El \u00e1rea de competencia del IIC de C\u00f3rdoba comprende las provincias de C\u00f3rdoba, Catamarca, Jujuy, La Rioja, Salta, Santiago del Estero Tucum\u00e1n, Mendoza, San Juan y San Luis.<\/p>\n","protected":false},"excerpt":{"rendered":"\u00c1rea de competencia El \u00e1rea geogr\u00e1fica de competencia del IIC de Buenos Aires comprende la Ciudad Aut\u00f3noma de Buenos Aires, las provincias de Buenos Aires, La Pampa, R\u00edo Negro, Neuqu\u00e9n, Chubut, Santa Cruz, Chaco, Formosa, Misiones, Corrientes, Entre R\u00edos, Santa Fe, Tierra del Fuego e Islas del Atl\u00e1ntico Sur. El \u00e1rea de competencia del IIC [&hellip;]","protected":false},"author":3,"featured_media":0,"parent":67,"menu_order":1,"comment_status":"closed","ping_status":"closed","template":"","meta":{"footnotes":""},"class_list":["post-3309","page","type-page","status-publish","hentry"],"_links":{"self":[{"href":"https:\/\/iicbuenosaires.esteri.it\/es\/wp-json\/wp\/v2\/pages\/3309","targetHints":{"allow":["GET"]}}],"collection":[{"href":"https:\/\/iicbuenosaires.esteri.it\/es\/wp-json\/wp\/v2\/pages"}],"about":[{"href":"https:\/\/iicbuenosaires.esteri.it\/es\/wp-json\/wp\/v2\/types\/page"}],"author":[{"embeddable":true,"href":"https:\/\/iicbuenosaires.esteri.it\/es\/wp-json\/wp\/v2\/users\/3"}],"replies":[{"embeddable":true,"href":"https:\/\/iicbuenosaires.esteri.it\/es\/wp-json\/wp\/v2\/comments?post=3309"}],"version-history":[{"count":4,"href":"https:\/\/iicbuenosaires.esteri.it\/es\/wp-json\/wp\/v2\/pages\/3309\/revisions"}],"predecessor-version":[{"id":4500,"href":"https:\/\/iicbuenosaires.esteri.it\/es\/wp-json\/wp\/v2\/pages\/3309\/revisions\/4500"}],"up":[{"embeddable":true,"href":"https:\/\/iicbuenosaires.esteri.it\/es\/wp-json\/wp\/v2\/pages\/67"}],"wp:attachment":[{"href":"https:\/\/iicbuenosaires.esteri.it\/es\/wp-json\/wp\/v2\/media?parent=3309"}],"curies":[{"name":"wp","href":"https:\/\/api.w.org\/{rel}","templated":true}]}}