{"id":3445,"date":"2023-10-06T00:11:01","date_gmt":"2023-10-05T22:11:01","guid":{"rendered":"https:\/\/iicbuenosaires.esteri.it\/?page_id=3445"},"modified":"2026-01-07T17:04:55","modified_gmt":"2026-01-07T16:04:55","slug":"asociarse-al-instituto","status":"publish","type":"page","link":"https:\/\/iicbuenosaires.esteri.it\/es\/chi-siamo\/la-sede\/asociarse-al-instituto\/","title":{"rendered":"Asociarse al Instituto"},"content":{"rendered":"<p style=\"text-align: center;\"><img loading=\"lazy\" decoding=\"async\" class=\"alignnone size-medium wp-image-14230 img-fluid\" src=\"https:\/\/iicbuenosaires.esteri.it\/wp-content\/uploads\/2025\/02\/soci-eventi-300x200.jpg\" alt=\"soci eventi\" width=\"300\" height=\"200\" srcset=\"https:\/\/iicbuenosaires.esteri.it\/wp-content\/uploads\/2025\/02\/soci-eventi-300x200.jpg 300w, https:\/\/iicbuenosaires.esteri.it\/wp-content\/uploads\/2025\/02\/soci-eventi-1024x682.jpg 1024w, https:\/\/iicbuenosaires.esteri.it\/wp-content\/uploads\/2025\/02\/soci-eventi-768x511.jpg 768w, https:\/\/iicbuenosaires.esteri.it\/wp-content\/uploads\/2025\/02\/soci-eventi.jpg 1425w\" sizes=\"auto, (max-width: 300px) 100vw, 300px\" \/><\/p>\n<p class=\"titoloCategoria\"><span class=\"titoloCategoria\"><strong>C\u00f3mo asociarse<br \/>\n<\/strong><\/span><\/p>\n<p class=\"titoloCategoria\">Los socios del Instituto cuentan con el servicio de pr\u00e9stamo domiciliario de la <a href=\"https:\/\/iicbuenosaires.esteri.it\/es\/lingua-e-cultura\/biblioteca\/\">Biblioteca \u00abBenedetto Croce\u00bb<\/a> que cuenta con numerosas y variadas colecciones de libros de arte, literatura, m\u00fasica, ling\u00fc\u00edstica, ciencia y ensayos; tambi\u00e9n podr\u00e1n utilizar la <a href=\"https:\/\/iicbuenosaires.medialibrary.it\/media\/ricerca.aspx\">Biblioteca Digital Mlol<\/a> donde pueden leerse las \u00faltimas novedades editoriales italianas. Adem\u00e1s tienen acceso exclusivo al curso de lectura en italiano de la <em>Divina commedia,<\/em> ingresan gratuitamente con reserva previa a las actividades organizadas por el Instituto en su propia sede y obtienen descuentos y\/o entradas gratuitas para asistir a los eventos organizados fuera de la sede del Instituto en colaboraci\u00f3n con otras instituciones. Los Socios del Instituto tienen prioridad de acceso en el caso de localidades limitadas<strong>.<\/strong><\/p>\n<p>Las categor\u00edas de socios del Instituto son las siguientes:<strong>\u00a0<\/strong><\/p>\n<p><strong>Socios generales<\/strong>: <strong>$90.000<br \/>\n<\/strong><\/p>\n<p><strong>Jubilados y Estudiantes de carreras universitarias en universidades p\u00fablicas estatales:<\/strong>\u00a0<strong> $ 75.000<\/strong> (presentando el correspondiente carnet)<\/p>\n<p><strong> Alumnos y profesores de nuestros cursos:<\/strong> <strong>$ GRATIS durante el periodo de duraci\u00f3n del v\u00ednculo<\/strong>, con condiciones especiales definidas en el formulario de inscripci\u00f3n.<\/p>\n<p>Los interesados deber\u00e1n solicitar expresamente este beneficio PERSONALMENTE en la Biblioteca del Istituto (lunes, martes, mi\u00e9rcoles y jueves de 9.30 a 16.30) o bien por mail a <span style=\"color: #0000ff;\"><a style=\"color: #0000ff;\" href=\"mailto:bibl.iicbuenosaires@esteri.it\"><strong>bibl.iicbuenosaires@esteri.it<\/strong><\/a><strong>. Es posible descargar el <a href=\"https:\/\/iicbuenosaires.esteri.it\/wp-content\/uploads\/2026\/01\/iscrizione-Biblioteca_per_studenti-professori_2026.doc\">formulario de inscripci\u00f3n para alumnos y profesores en el siguiente link<\/a><\/strong><\/span><\/p>\n<p><strong>Socio benefactor:<\/strong><br \/>\nCuota para el a\u00f1o 2025: a definir<br \/>\nEl socio benefactor, adem\u00e1s de todos los beneficios antes detallados, ser\u00e1 mencionado como tal en nuestro sitio web y en aquel tipo de material\u00a0 en el que el IIC expresa su agradecimiento a los colaboradores. Pueden tambi\u00e9n ser eventualmente contempladas otras formas de colaboraci\u00f3n.<\/p>\n<p>Las empresas interesadas en sostener las actividades del Instituto podr\u00e1n contactarse a trav\u00e9s del siguiente e-mail <a href=\"mailto:amministrazione.iicbuenosaires@esteri.it\">amministrazione.iicbuenosaires@esteri.it<\/a>\u00a0 a fin de realizar contratos de membres\u00eda. <strong>ESTE MAIL DEBE SER UTILIZADO SOLAMENTE POR LAS EMPRESAS, ENTES O PERSONAS QUE DESEEN COLABORAR COMO SOCIOS BENEFACTORES.<\/strong><\/p>\n<p><strong>Duraci\u00f3n de la Asociaci\u00f3n:<\/strong><br \/>\nLa tasa de inscripci\u00f3n vige por un <strong>a\u00f1o real<\/strong>, desde la fecha de asociaci\u00f3n hasta el mismo d\u00eda del a\u00f1o siguiente.<\/p>\n<table class=\"table\" style=\"height: 150px;\" border=\"5\" width=\"1146\" align=\"center\">\n<tbody>\n<tr>\n<td align=\"center\" valign=\"middle\"><span style=\"text-decoration: underline;\">No es requisito indispensable venir al Instituto para hacerse socio<\/span><\/p>\n<p style=\"text-align: center;\"><a href=\"https:\/\/iicbuenosaires.esteri.it\/wp-content\/uploads\/2026\/01\/iscrizione_per_soci_2026.doc\"><span style=\"color: #ff0000;\"><strong><span style=\"color: #0000ff;\">DESCARG<\/span><\/strong><\/span><span style=\"color: #ff0000;\"><strong><span style=\"color: #0000ff;\">UE AQUI EL FORMULARIO DE INSCRIPCI\u00d3N<\/span><\/strong><\/span><\/a> para socios generales y Jubilados o alumnos universitarios<\/p>\n<p style=\"text-align: center;\">En dicho formulario encontrar\u00e1 TODA LA INFORMACI\u00d3N NECESARIA para concretar su inscripci\u00f3n, como por ejemplo los datos bancarios y la tasa correspondiente a su situaci\u00f3n.<\/p>\n<\/td>\n<\/tr>\n<\/tbody>\n<\/table>\n<p><strong>ASOCIACI\u00d3N DE ALUMNOS Y PROFESORES<\/strong><br \/>\nPARA TENER ACCESO GRATUITO A LA BIBLIOTECA Y A LA BIBLIOTECA DIGITAL, los <strong>estudiantes y profesores de nuestros cursos <span style=\"text-decoration: underline;\">deben solicitarlo expresamente<\/span> rellenando el siguiente <span style=\"text-decoration: underline;\"><a href=\"https:\/\/iicbuenosaires.esteri.it\/wp-content\/uploads\/2026\/01\/iscrizione-Biblioteca_per_studenti-professori_2026.doc\"><span style=\"color: #0000ff; text-decoration: underline;\">formulario de inscripci\u00f3n<\/span><\/a>\u00a0<\/span> y enviarlo junto con <span style=\"text-decoration: underline;\">la imagen DIGITALIZADA del documento de identidad completo (frente y dorso) <\/span><\/strong>\u00a0al email <a href=\"mailto:bibl.iicbuenosaires@esteri.it\">bibl.iicbuenosaires@esteri.it\u00a0<\/a><strong>o bien entregarlo <u>EXCLUSIVAMENTE<\/u><\/strong> <strong>en la Biblioteca<\/strong> (MARCELO T. DE ALVEAR 1119, PISO 3\u00b0, CABA) en los d\u00edas y horarios de funcionamiento de la misma. <strong>NO ENTREGAR LOS FORMULARIOS EN LA SEDE DE LOS CURSOS.<\/strong><\/p>\n<p><strong>La Biblioteca funciona los lunes, martes, mi\u00e9rcoles y jueves de 9.30 a 16.30<\/strong><\/p>\n<p>Se recuerda que la inscripci\u00f3n es v\u00e1lida durante el periodo del curso.<\/p>\n<p><strong>CONDICIONES<\/strong><br \/>\nS\u00f3lo se podr\u00e1 tomar prestado un libro f\u00edsico a la vez durante un m\u00e1ximo de 15 d\u00edas. Dado que <strong>los libros de nuestra Biblioteca son propiedad del Estado italiano<\/strong>, s\u00f3lo es posible prestarlos a cambio de un <strong>dep\u00f3sito de garant\u00eda en efectivo<\/strong> (contra entrega de un <strong>recibo<\/strong>). Esta suma<strong> se devolver\u00e1 al interesado<\/strong> a cambio del <strong>libro<\/strong> y del <strong>recibo del <span style=\"text-decoration: underline;\">dep\u00f3sito<\/span><\/strong> emitido en el momento del pr\u00e9stamo.<\/p>\n<p><span style=\"text-decoration: underline;\"><strong>IMPORTANTE<\/strong><\/span><strong>:<\/strong> Reglamento de la Uni\u00f3n Europea acerca del <strong>tratamiento de datos personales N.679\/2016.<\/strong> <a href=\"https:\/\/iicbuenosaires.esteri.it\/wp-content\/uploads\/2024\/07\/Reglamento-UE.679_2016.pdf\">Descargue aqu\u00ed el <span style=\"color: #0000ff;\">Reglamento en espa\u00f1ol.<\/span> <\/a><strong><br \/>\n<\/strong><\/p>\n","protected":false},"excerpt":{"rendered":"C\u00f3mo asociarse Los socios del Instituto cuentan con el servicio de pr\u00e9stamo domiciliario de la Biblioteca \u00abBenedetto Croce\u00bb que cuenta con numerosas y variadas colecciones de libros de arte, literatura, m\u00fasica, ling\u00fc\u00edstica, ciencia y ensayos; tambi\u00e9n podr\u00e1n utilizar la Biblioteca Digital Mlol donde pueden leerse las \u00faltimas novedades editoriales italianas. Adem\u00e1s tienen acceso exclusivo al [&hellip;]","protected":false},"author":3,"featured_media":0,"parent":67,"menu_order":0,"comment_status":"closed","ping_status":"closed","template":"","meta":{"footnotes":""},"class_list":["post-3445","page","type-page","status-publish","hentry"],"_links":{"self":[{"href":"https:\/\/iicbuenosaires.esteri.it\/es\/wp-json\/wp\/v2\/pages\/3445","targetHints":{"allow":["GET"]}}],"collection":[{"href":"https:\/\/iicbuenosaires.esteri.it\/es\/wp-json\/wp\/v2\/pages"}],"about":[{"href":"https:\/\/iicbuenosaires.esteri.it\/es\/wp-json\/wp\/v2\/types\/page"}],"author":[{"embeddable":true,"href":"https:\/\/iicbuenosaires.esteri.it\/es\/wp-json\/wp\/v2\/users\/3"}],"replies":[{"embeddable":true,"href":"https:\/\/iicbuenosaires.esteri.it\/es\/wp-json\/wp\/v2\/comments?post=3445"}],"version-history":[{"count":7,"href":"https:\/\/iicbuenosaires.esteri.it\/es\/wp-json\/wp\/v2\/pages\/3445\/revisions"}],"predecessor-version":[{"id":20696,"href":"https:\/\/iicbuenosaires.esteri.it\/es\/wp-json\/wp\/v2\/pages\/3445\/revisions\/20696"}],"up":[{"embeddable":true,"href":"https:\/\/iicbuenosaires.esteri.it\/es\/wp-json\/wp\/v2\/pages\/67"}],"wp:attachment":[{"href":"https:\/\/iicbuenosaires.esteri.it\/es\/wp-json\/wp\/v2\/media?parent=3445"}],"curies":[{"name":"wp","href":"https:\/\/api.w.org\/{rel}","templated":true}]}}