{"id":3480,"date":"2023-10-06T00:00:18","date_gmt":"2023-10-05T22:00:18","guid":{"rendered":"https:\/\/iicbuenosaires.esteri.it\/?page_id=3480"},"modified":"2025-08-28T14:34:37","modified_gmt":"2025-08-28T12:34:37","slug":"digitaliana-nuestra-nueva-biblioteca-digital","status":"publish","type":"page","link":"https:\/\/iicbuenosaires.esteri.it\/es\/lingua-e-cultura\/biblioteca\/digitaliana-nuestra-nueva-biblioteca-digital\/","title":{"rendered":"Nuestra Biblioteca digital"},"content":{"rendered":"<p><strong><img loading=\"lazy\" decoding=\"async\" class=\"aligncenter  wp-image-18165 img-fluid\" src=\"https:\/\/iicbuenosaires.esteri.it\/wp-content\/uploads\/2025\/08\/Biblioteca-digitale-2025-1024x794.png\" alt=\"\" width=\"676\" height=\"524\" srcset=\"https:\/\/iicbuenosaires.esteri.it\/wp-content\/uploads\/2025\/08\/Biblioteca-digitale-2025-1024x794.png 1024w, https:\/\/iicbuenosaires.esteri.it\/wp-content\/uploads\/2025\/08\/Biblioteca-digitale-2025-300x233.png 300w, https:\/\/iicbuenosaires.esteri.it\/wp-content\/uploads\/2025\/08\/Biblioteca-digitale-2025-768x595.png 768w, https:\/\/iicbuenosaires.esteri.it\/wp-content\/uploads\/2025\/08\/Biblioteca-digitale-2025.png 1178w\" sizes=\"auto, (max-width: 676px) 100vw, 676px\" \/><\/strong><\/p>\n<p><strong>La biblioteca digital (MLOL)<\/strong> es la <strong>puerta de entrada a la cultura italiana sin salir de casa<\/strong>.<br \/>\nLa biblioteca digital del IIC Buenos Aires,<strong> accesible las 24 horas del d\u00eda, los 365 d\u00edas del a\u00f1o<\/strong>, ofrece <strong>m\u00e1s de 5. 700.000<\/strong>\u00a0<strong> documentos<\/strong> entre e-book, audiolibros, publicaciones peri\u00f3dicas, partituras, e-learning, videojuegos, libros infantiles y mucho m\u00e1s!<\/p>\n<p>Gracias a los varios filtros aplicables, <strong>la b\u00fasqueda en la plataforma es extremadamente f\u00e1cil y r\u00e1pida<\/strong>,\u00a0 accesible para todos.<\/p>\n<p><strong>\u00bfSos estudiante de italiano?<\/strong> Encontrar\u00e1s t\u00edtulos \u00fatiles para <strong>profundizar tu aprendizaje<\/strong> y otros textos que podr\u00e1s <strong>escuchar mientras lees<\/strong> y te servir\u00e1n para <strong>mejorar tu pronunciaci\u00f3n y controlar la acentuaci\u00f3n de las palabras<\/strong>.<\/p>\n<p>\u00bfTe apasiona la ficci\u00f3n italiana? Muchas propuestas de autores italianos te esperan en nuestra biblioteca digital.<\/p>\n<p><strong>Para tener acceso <\/strong>a la misma<strong> es preciso que te hagas socio del Instituto Italiano de Cultura pagando la cuota anual<\/strong> y sumergite en este mundo sin l\u00edmites! Para saber c\u00f3mo hacerlo y conocer todos los dem\u00e1s beneficios de ser miembro, <a href=\"https:\/\/iicbuenosaires.esteri.it\/es\/chi-siamo\/la-sede\/asociarse-al-instituto\/\"><strong>hac\u00e9 clic AQU\u00cd<\/strong>.<\/a><\/p>\n<p>&nbsp;<\/p>\n<p>Es possible <strong>explorar el cat\u00e1logo de nuestra biblioteca digital de forma gratuita<\/strong> haciendo <a href=\"https:\/\/iicbuenosaires.medialibrary.it\/media\/ricerca.aspx\"><strong>clic directamente AQU\u00cd<\/strong><\/a>.<\/p>\n<div id='gallery-1' class='gallery galleryid-3480 gallery-columns-4 gallery-size-thumbnail'><figure class='gallery-item'>\n\t\t\t<div class='gallery-icon landscape'>\n\t\t\t\t<a href='https:\/\/iicbuenosaires.esteri.it\/es\/lingua-e-cultura\/biblioteca\/digitaliana-la-nostra-nuova-biblioteca-digitale\/novita-2\/'><img loading=\"lazy\" decoding=\"async\" width=\"150\" height=\"150\" src=\"https:\/\/iicbuenosaires.esteri.it\/wp-content\/uploads\/2024\/12\/Novita-150x150.png\" class=\"attachment-thumbnail size-thumbnail\" alt=\"\" aria-describedby=\"gallery-1-13541\" \/><\/a>\n\t\t\t<\/div>\n\t\t\t\t<figcaption class='wp-caption-text gallery-caption' id='gallery-1-13541'>\n\t\t\t\tAccesso diretto alle novit\u00e0 del catalogo\n\t\t\t\t<\/figcaption><\/figure><figure class='gallery-item'>\n\t\t\t<div class='gallery-icon landscape'>\n\t\t\t\t<a href='https:\/\/iicbuenosaires.esteri.it\/es\/lingua-e-cultura\/biblioteca\/digitaliana-la-nostra-nuova-biblioteca-digitale\/materiale-open\/'><img loading=\"lazy\" decoding=\"async\" width=\"150\" height=\"150\" src=\"https:\/\/iicbuenosaires.esteri.it\/wp-content\/uploads\/2024\/12\/Materiale-open-150x150.png\" class=\"attachment-thumbnail size-thumbnail\" alt=\"\" aria-describedby=\"gallery-1-13539\" \/><\/a>\n\t\t\t<\/div>\n\t\t\t\t<figcaption class='wp-caption-text gallery-caption' id='gallery-1-13539'>\n\t\t\t\tOltre 5.000.000 di materiale open\n\t\t\t\t<\/figcaption><\/figure><figure class='gallery-item'>\n\t\t\t<div class='gallery-icon landscape'>\n\t\t\t\t<a href='https:\/\/iicbuenosaires.esteri.it\/es\/lingua-e-cultura\/biblioteca\/digitaliana-la-nostra-nuova-biblioteca-digitale\/spartiti-musicali-manoscritti-e-mappe\/'><img loading=\"lazy\" decoding=\"async\" width=\"150\" height=\"150\" src=\"https:\/\/iicbuenosaires.esteri.it\/wp-content\/uploads\/2024\/12\/spartiti-musicali-manoscritti-e-mappe-150x150.png\" class=\"attachment-thumbnail size-thumbnail\" alt=\"Numerosi spartiti musicali, manoscritti e mappe\" aria-describedby=\"gallery-1-13542\" \/><\/a>\n\t\t\t<\/div>\n\t\t\t\t<figcaption class='wp-caption-text gallery-caption' id='gallery-1-13542'>\n\t\t\t\tNumerosi spartiti musicali, manoscritti e mappe\n\t\t\t\t<\/figcaption><\/figure><figure class='gallery-item'>\n\t\t\t<div class='gallery-icon portrait'>\n\t\t\t\t<a href='https:\/\/iicbuenosaires.esteri.it\/es\/lingua-e-cultura\/biblioteca\/digitaliana-la-nostra-nuova-biblioteca-digitale\/materiale-archivistico-audio-e-periodici\/'><img loading=\"lazy\" decoding=\"async\" width=\"150\" height=\"150\" src=\"https:\/\/iicbuenosaires.esteri.it\/wp-content\/uploads\/2024\/12\/materiale-archivistico-audio-e-periodici-150x150.png\" class=\"attachment-thumbnail size-thumbnail\" alt=\"materiale archivistico, materiale audio e periodici\" aria-describedby=\"gallery-1-13536\" \/><\/a>\n\t\t\t<\/div>\n\t\t\t\t<figcaption class='wp-caption-text gallery-caption' id='gallery-1-13536'>\n\t\t\t\tmateriale archivistico, materiale audio e periodici\n\t\t\t\t<\/figcaption><\/figure><figure class='gallery-item'>\n\t\t\t<div class='gallery-icon portrait'>\n\t\t\t\t<a href='https:\/\/iicbuenosaires.esteri.it\/es\/lingua-e-cultura\/biblioteca\/digitaliana-la-nostra-nuova-biblioteca-digitale\/video-elearning-audiolibri\/'><img loading=\"lazy\" decoding=\"async\" width=\"150\" height=\"150\" src=\"https:\/\/iicbuenosaires.esteri.it\/wp-content\/uploads\/2024\/12\/video-elearning-audiolibri-150x150.png\" class=\"attachment-thumbnail size-thumbnail\" alt=\"\" aria-describedby=\"gallery-1-13543\" \/><\/a>\n\t\t\t<\/div>\n\t\t\t\t<figcaption class='wp-caption-text gallery-caption' id='gallery-1-13543'>\n\t\t\t\tMaterale video, e-learning e audiolibri\n\t\t\t\t<\/figcaption><\/figure><figure class='gallery-item'>\n\t\t\t<div class='gallery-icon landscape'>\n\t\t\t\t<a href='https:\/\/iicbuenosaires.esteri.it\/es\/lingua-e-cultura\/biblioteca\/digitaliana-la-nostra-nuova-biblioteca-digitale\/20528-audiolibri\/'><img loading=\"lazy\" decoding=\"async\" width=\"150\" height=\"150\" src=\"https:\/\/iicbuenosaires.esteri.it\/wp-content\/uploads\/2024\/12\/20528-audiolibri-150x150.png\" class=\"attachment-thumbnail size-thumbnail\" alt=\"\" aria-describedby=\"gallery-1-13528\" \/><\/a>\n\t\t\t<\/div>\n\t\t\t\t<figcaption class='wp-caption-text gallery-caption' id='gallery-1-13528'>\n\t\t\t\t20.528 audiolibri, sempre in aumento\n\t\t\t\t<\/figcaption><\/figure><figure class='gallery-item'>\n\t\t\t<div class='gallery-icon portrait'>\n\t\t\t\t<a href='https:\/\/iicbuenosaires.esteri.it\/es\/lingua-e-cultura\/biblioteca\/digitaliana-la-nostra-nuova-biblioteca-digitale\/videogiochi-modelli-3d-e-podcast\/'><img loading=\"lazy\" decoding=\"async\" width=\"150\" height=\"150\" src=\"https:\/\/iicbuenosaires.esteri.it\/wp-content\/uploads\/2024\/12\/videogiochi-modelli-3D-e-podcast--150x150.png\" class=\"attachment-thumbnail size-thumbnail\" alt=\"\" aria-describedby=\"gallery-1-13545\" \/><\/a>\n\t\t\t<\/div>\n\t\t\t\t<figcaption class='wp-caption-text gallery-caption' id='gallery-1-13545'>\n\t\t\t\tvideogiochi, modelli 3D ed interessanti podcast\n\t\t\t\t<\/figcaption><\/figure><figure class='gallery-item'>\n\t\t\t<div class='gallery-icon landscape'>\n\t\t\t\t<a href='https:\/\/iicbuenosaires.esteri.it\/es\/lingua-e-cultura\/biblioteca\/digitaliana-la-nostra-nuova-biblioteca-digitale\/manoscritto-della-bibblia\/'><img loading=\"lazy\" decoding=\"async\" width=\"150\" height=\"150\" src=\"https:\/\/iicbuenosaires.esteri.it\/wp-content\/uploads\/2024\/12\/Manoscritto-della-Bibblia-150x150.png\" class=\"attachment-thumbnail size-thumbnail\" alt=\"\" aria-describedby=\"gallery-1-13533\" \/><\/a>\n\t\t\t<\/div>\n\t\t\t\t<figcaption class='wp-caption-text gallery-caption' id='gallery-1-13533'>\n\t\t\t\tCodice manoscritto miniato della Bibblia\n\t\t\t\t<\/figcaption><\/figure><figure class='gallery-item'>\n\t\t\t<div class='gallery-icon landscape'>\n\t\t\t\t<a href='https:\/\/iicbuenosaires.esteri.it\/es\/lingua-e-cultura\/biblioteca\/digitaliana-la-nostra-nuova-biblioteca-digitale\/manoscritto-del-decamerone-sec-xv\/'><img loading=\"lazy\" decoding=\"async\" width=\"150\" height=\"150\" src=\"https:\/\/iicbuenosaires.esteri.it\/wp-content\/uploads\/2024\/12\/Manoscritto-del-Decamerone-sec-XV-150x150.png\" class=\"attachment-thumbnail size-thumbnail\" alt=\"\" aria-describedby=\"gallery-1-13530\" \/><\/a>\n\t\t\t<\/div>\n\t\t\t\t<figcaption class='wp-caption-text gallery-caption' id='gallery-1-13530'>\n\t\t\t\tManoscritto del Decamerone appartenente ad una Biblioteca francese con lente d&#8217;ingrandimento\n\t\t\t\t<\/figcaption><\/figure>\n\t\t<\/div>\n\n","protected":false},"excerpt":{"rendered":"La biblioteca digital (MLOL) es la puerta de entrada a la cultura italiana sin salir de casa. La biblioteca digital del IIC Buenos Aires, accesible las 24 horas del d\u00eda, los 365 d\u00edas del a\u00f1o, ofrece m\u00e1s de 5. 700.000\u00a0 documentos entre e-book, audiolibros, publicaciones peri\u00f3dicas, partituras, e-learning, videojuegos, libros infantiles y mucho m\u00e1s! Gracias [&hellip;]","protected":false},"author":3,"featured_media":13526,"parent":71,"menu_order":0,"comment_status":"closed","ping_status":"closed","template":"","meta":{"footnotes":""},"class_list":["post-3480","page","type-page","status-publish","has-post-thumbnail","hentry"],"_links":{"self":[{"href":"https:\/\/iicbuenosaires.esteri.it\/es\/wp-json\/wp\/v2\/pages\/3480","targetHints":{"allow":["GET"]}}],"collection":[{"href":"https:\/\/iicbuenosaires.esteri.it\/es\/wp-json\/wp\/v2\/pages"}],"about":[{"href":"https:\/\/iicbuenosaires.esteri.it\/es\/wp-json\/wp\/v2\/types\/page"}],"author":[{"embeddable":true,"href":"https:\/\/iicbuenosaires.esteri.it\/es\/wp-json\/wp\/v2\/users\/3"}],"replies":[{"embeddable":true,"href":"https:\/\/iicbuenosaires.esteri.it\/es\/wp-json\/wp\/v2\/comments?post=3480"}],"version-history":[{"count":6,"href":"https:\/\/iicbuenosaires.esteri.it\/es\/wp-json\/wp\/v2\/pages\/3480\/revisions"}],"predecessor-version":[{"id":18168,"href":"https:\/\/iicbuenosaires.esteri.it\/es\/wp-json\/wp\/v2\/pages\/3480\/revisions\/18168"}],"up":[{"embeddable":true,"href":"https:\/\/iicbuenosaires.esteri.it\/es\/wp-json\/wp\/v2\/pages\/71"}],"wp:featuredmedia":[{"embeddable":true,"href":"https:\/\/iicbuenosaires.esteri.it\/es\/wp-json\/wp\/v2\/media\/13526"}],"wp:attachment":[{"href":"https:\/\/iicbuenosaires.esteri.it\/es\/wp-json\/wp\/v2\/media?parent=3480"}],"curies":[{"name":"wp","href":"https:\/\/api.w.org\/{rel}","templated":true}]}}