{"id":67,"date":"2023-04-03T20:55:02","date_gmt":"2023-04-03T18:55:02","guid":{"rendered":"https:\/\/iicbuenosaires.esteri.it\/chi-siamo\/la-sede\/"},"modified":"2024-11-29T14:47:55","modified_gmt":"2024-11-29T13:47:55","slug":"la-sede","status":"publish","type":"page","link":"https:\/\/iicbuenosaires.esteri.it\/es\/chi-siamo\/la-sede\/","title":{"rendered":"Sede"},"content":{"rendered":"<p>El Instituto Italiano de Cultura se encuentra ubicado en un gran edificio,\u00a0hoy denominado Palazzo Italia, de propiedad del Gobierno Italiano, en cual ocupa tres pisos.<\/p>\n<p>Actualmente alberga tambi\u00e9n el Teatro Coliseo, el teatro de propiedad del Estado Italiano en el extranjero m\u00e1s grande del mundo, la C\u00e1mara de Comercio Italiana, la Sede de Buenos Aires de la Universidad de Bologna y el Consorcio Universitario Italiano para Argentina (CUIA).<\/p>\n<p><strong>LA SALA BENEDETTO CROCE<\/strong><\/p>\n<p>El Instituto posee un sal\u00f3n que se utiliza para todos los eventos, la Sala Benedetto Croce, que ha recibido y recibe a figuras relevantes de la cultura italiana y argentina donde tienen lugar conferencias, seminarios de estudio, presentaciones de libros, cine y teatro. Est\u00e1 equipada con un proyector para DVD o Blu Ray que se puede conectar a una PC o notebook y con una pantalla wide screen de 200 pulgadas, adem\u00e1s de la conexi\u00f3n internet wifi y de un equipo de sonido. Cuenta adem\u00e1s con un piano Fazioli de media cola del a\u00f1o 2015, modelo F183, de 1,83 metros de longitud, importado directamente desde la f\u00e1brica de Pordenone (Italia).<\/p>\n<p>&nbsp;<\/p>\n<p>En 2021 se ha instalado un sistema para la transmisi\u00f3n en streaming que consta de una PC Magnumtec i7 32GB RAM, HD 500GB, con placa de video VGA ZOTAC RTX2060, 3 monitoes\u00a0HP 19B, 2 c\u00e1maras de video Titanium S20 ST POE IR, una c\u00e1mara de video Titanium S20 ST POE NDI IR y una consola RGB Mini Pro.<\/p>\n<p>La <strong>capacidad m\u00e1xima de la sala es de 80 personas<\/strong>.<\/p>\n<p><strong>EL ESPACIO DE ARTE &#8211; SALA ROMA<\/strong><\/p>\n<p>La sala Roma es el espacio de arte del Instituto, donde se realizan peri\u00f3dicamente exposiciones de artistas italianos y argentinos. Cuenta con 180 metros cuadrados disponibles y con un sistema moderno para el colgado de las obras . Inaugurada en el a\u00f1o 2014, la sala fue proyectada por el reconocido arquitecto italiano Giancarlo Puppo. Est\u00e1 adem\u00e1s provista de iluminaci\u00f3n LED y de un equipo de sonido para presentaciones y\/o m\u00fasica ambiental. La capacidad m\u00e1xima de la sala es de 120 personas.<\/p>\n<p><strong>LAS AULAS DEL INSTITUTO<\/strong><\/p>\n<p>El Instituto cuenta con 12 aulas modernas y confortables para el dictado de los cursos de italiano y otras actividades (seminarios, encuentros, workshop, etc.), equipadas con monitores LED smart TV, lectores CD\/DVD, sistema de audio y conexi\u00f3n internet wifi. La capacidad m\u00e1xima de las aulas es entre 12 y 25 personas.<\/p>\n<p>La Sala Benedetto Croce, la Sala Roma y las aulas del Instituto pueden ser alquiladas por personas, empresas e instituciones interesadas en utilizarlas para actividades propias.<\/p>\n<p>Para m\u00e1s informaci\u00f3n escribir a <a href=\"mailto:amministrazione.iicbuenosaires@esteri.it\">amministrazione.iicbuenosaires@esteri.it<\/a><\/p>\n","protected":false},"excerpt":{"rendered":"El Instituto Italiano de Cultura se encuentra ubicado en un gran edificio,\u00a0hoy denominado Palazzo Italia, de propiedad del Gobierno Italiano, en cual ocupa tres pisos. Actualmente alberga tambi\u00e9n el Teatro Coliseo, el teatro de propiedad del Estado Italiano en el extranjero m\u00e1s grande del mundo, la C\u00e1mara de Comercio Italiana, la Sede de Buenos Aires [&hellip;]","protected":false},"author":1,"featured_media":0,"parent":65,"menu_order":2,"comment_status":"closed","ping_status":"closed","template":"","meta":{"footnotes":""},"class_list":["post-67","page","type-page","status-publish","hentry"],"_links":{"self":[{"href":"https:\/\/iicbuenosaires.esteri.it\/es\/wp-json\/wp\/v2\/pages\/67","targetHints":{"allow":["GET"]}}],"collection":[{"href":"https:\/\/iicbuenosaires.esteri.it\/es\/wp-json\/wp\/v2\/pages"}],"about":[{"href":"https:\/\/iicbuenosaires.esteri.it\/es\/wp-json\/wp\/v2\/types\/page"}],"author":[{"embeddable":true,"href":"https:\/\/iicbuenosaires.esteri.it\/es\/wp-json\/wp\/v2\/users\/1"}],"replies":[{"embeddable":true,"href":"https:\/\/iicbuenosaires.esteri.it\/es\/wp-json\/wp\/v2\/comments?post=67"}],"version-history":[{"count":5,"href":"https:\/\/iicbuenosaires.esteri.it\/es\/wp-json\/wp\/v2\/pages\/67\/revisions"}],"predecessor-version":[{"id":13173,"href":"https:\/\/iicbuenosaires.esteri.it\/es\/wp-json\/wp\/v2\/pages\/67\/revisions\/13173"}],"up":[{"embeddable":true,"href":"https:\/\/iicbuenosaires.esteri.it\/es\/wp-json\/wp\/v2\/pages\/65"}],"wp:attachment":[{"href":"https:\/\/iicbuenosaires.esteri.it\/es\/wp-json\/wp\/v2\/media?parent=67"}],"curies":[{"name":"wp","href":"https:\/\/api.w.org\/{rel}","templated":true}]}}