{"id":70,"date":"2023-04-03T20:56:11","date_gmt":"2023-04-03T18:56:11","guid":{"rendered":"https:\/\/iicbuenosaires.esteri.it\/lingua-e-cultura\/certificazioni\/"},"modified":"2026-03-23T19:38:05","modified_gmt":"2026-03-23T18:38:05","slug":"certificazioni","status":"publish","type":"page","link":"https:\/\/iicbuenosaires.esteri.it\/es\/lingua-e-cultura\/certificazioni\/","title":{"rendered":"Certificaci\u00f3n"},"content":{"rendered":"<div>\n<h4><strong style=\"color: #0000ff;\"><span style=\"color: #000000;\">Certificaci\u00f3n internacional de conocimiento del italiano como L2<\/span><br \/>\n<\/strong><\/h4>\n<\/div>\n<div>\n<table class=\"table\" style=\"height: 80px;\" border=\"7\" width=\"479\" align=\"center\">\n<tbody>\n<tr>\n<td style=\"text-align: center;\"><strong>Proxima sesi\u00f3n:<\/strong><strong> <span style=\"color: #0000ff;\">16 de junio de 2026<\/span><\/strong><strong><br \/>\n<\/strong><\/td>\n<\/tr>\n<\/tbody>\n<\/table>\n<\/div>\n<div style=\"text-align: center;\"><\/div>\n<p>Las Certificaciones de Italiano son t\u00edtulos que declaran el nivel de competencia comunicativa en italiano como lengua extranjera. Los destinatarios son todos los ciudadanos extranjeros, los ciudadanos italianos residentes en el exterior (descendientes de emigrados italianos) y los inmigrados extranjeros en Italia.<br \/>\nPara participar de las pruebas no son necesarios t\u00edtulos de estudio de ning\u00fan tipo.<br \/>\nPara la realizaci\u00f3n de las pruebas en el exterior<strong> a trav\u00e9s de los Institutos Italianos de Cultura, el Ministerio de\u00a0Asuntos Exteriores y de Cooperaci\u00f3n Internacional ha firmado convenciones con las siguientes instituciones:\u00a0<\/strong><\/p>\n<p><a href=\"https:\/\/www.unistrapg.it\/node\/3278\"><span style=\"color: #000000;\">Universit\u00e0 per Stranieri di Perugia<\/span><\/a><span style=\"color: #000000;\"> \u00a0<\/span><strong>(CELI \u2013 CIC)<\/strong><\/p>\n<p><a href=\"http:\/\/cils.unistrasi.it\/\" target=\"_blank\" rel=\"noopener\"><strong>Universit\u00e0 per Stranieri di Siena<\/strong><\/a><strong>\u00a0<\/strong>\u00a0<strong>(CILS)<\/strong><\/p>\n<p><a href=\"http:\/\/www.certificazioneitaliano.uniroma3.it\/\"><span style=\"color: #000000;\">Universit\u00e0 degli Studi Roma Tre<\/span><\/a><span style=\"color: #000000;\">\u00a0<\/span> <strong>(IT &#8211; ele.IT)<\/strong><\/p>\n<p><span class=\"titoloRosso\">El Instituto Italiano de Cultura de Buenos Aires <strong>es sede<\/strong>, cada a\u00f1o,\u00a0de los <strong>ex\u00e1menes CILS (Universidad para Extranjeros de Siena).<\/strong><br \/>\n<\/span><\/p>\n<p><img loading=\"lazy\" decoding=\"async\" class=\"= aligncenter\" src=\"https:\/\/iicbuenosaires.esteri.it\/wp-content\/uploads\/2025\/03\/alumnos-realizando-examen-1024x683-1.webp\" alt=\"\" width=\"585\" height=\"390\" align=\"aligncenter&quot;\" \/><\/p>\n<hr \/>\n<h6 style=\"text-align: center;\"><strong>Dado que hay mucha informaci\u00f3n <\/strong><strong>relativa a los ex\u00e1menes CILS, les solicitamos <\/strong><strong>leerla con detenimiento.\u00a0<\/strong><\/h6>\n<p>&nbsp;<\/p>\n<p style=\"text-align: center;\"><strong>Calendario de ex\u00e1menes CILS de 2026<\/strong><\/p>\n<table class=\"table\" style=\"height: 90 px;\" border=\"4\" width=\"668\" frame=\"box\" rules=\"all\" align=\"center\">\n<tbody>\n<tr>\n<td align=\"center\" valign=\"middle\"><strong>Fecha de examen<\/strong><\/td>\n<td align=\"center\" valign=\"middle\"><strong>Destinatarios<\/strong><\/td>\n<td align=\"center\" valign=\"middle\"><strong>Apertura de inscripciones<\/strong><\/td>\n<td align=\"center\" valign=\"middle\"><span style=\"color: #000000;\"><strong>Cierre de inscripciones<\/strong><\/span><\/td>\n<\/tr>\n<tr>\n<td align=\"center\" valign=\"middle\"><span style=\"color: #0000ff;\"><strong>16 de junio<\/strong><\/span><\/td>\n<td align=\"center\" valign=\"middle\">Adultos<\/td>\n<td align=\"center\" valign=\"middle\"><strong>Fecha a establecer alrededor de mediados de abril<\/strong><\/td>\n<td align=\"center\" valign=\"middle\"><span style=\"color: #0000ff;\"><strong>06\/05\/2026<\/strong><\/span><\/td>\n<\/tr>\n<tr>\n<td align=\"center\" valign=\"middle\"><span style=\"color: #0000ff;\"><strong>4 de diciembre<\/strong><\/span><\/td>\n<td align=\"center\" valign=\"middle\"><span style=\"color: #000000;\">Adultos<\/span><\/td>\n<td align=\"center\" valign=\"middle\">Fecha a establecer en los primeros d\u00edas de octubre<\/td>\n<td align=\"center\" valign=\"middle\"><span style=\"color: #0000ff;\"><strong>22\/10\/2026<\/strong><\/span><\/td>\n<\/tr>\n<\/tbody>\n<\/table>\n<p style=\"text-align: center;\"><span style=\"color: #000000;\"><strong>Los ex\u00e1menes son exclusivamente presenciales<\/strong><\/span><\/p>\n<p>La <strong>fecha de cierre<\/strong> de las inscripciones es <strong>definida por la Universidad\u00a0 y, por ende, es improrrogable<\/strong>.<\/p>\n<p><strong>Despu\u00e9s de la fecha establecida como t\u00e9rmino para las inscripciones <span style=\"text-decoration: underline;\">no se podr\u00e1n aceptar nuevas inscripciones.<\/span><\/strong><\/p>\n<p><strong>No podemos aceptar inscripciones hasta que no aparezca publicada la fecha de apertura de inscripciones en este link y la tabla de conversi\u00f3n de euros a pesos.<\/strong><\/p>\n<p><strong>Lugar:<\/strong> Istituto Italiano di Cultura, M.T. de Alvear 1119 3\u00b0 piso &#8211; Buenos Aires<br \/>\n<strong>Horario:<\/strong>\u00a0lunes, mi\u00e9rcoles y jueves de 9.30 a 13.30 y de 14.30 a 16.30 hs.<\/p>\n<p><strong>LA INSCRIPCI\u00d3N PUEDE HACERSE PERFECTAMENTE POR MAIL, SIN TENER QUE VENIR AL INSTITUTO.<\/strong><\/p>\n<div>\n<table class=\"table\" border=\"7\" align=\"center\">\n<tbody>\n<tr>\n<td style=\"text-align: center;\"><strong>IMPORTANTE: <a href=\"https:\/\/iicbuenosaires.esteri.it\/wp-content\/uploads\/2026\/01\/INSTRUCCIONES-PARA-LA-INSCRIPCION-EXAMENES-CILS2026.docx\"><span style=\"color: #000000;\">Descargue aqu\u00ed las instrucciones para la inscripci\u00f3n al examen<\/span><\/a><\/strong><strong><br \/>\n<\/strong><\/td>\n<\/tr>\n<\/tbody>\n<\/table>\n<\/div>\n<div style=\"text-align: center;\"><\/div>\n<div style=\"text-align: center;\"><a href=\"https:\/\/iicbuenosaires.esteri.it\/wp-content\/uploads\/2026\/01\/proposta-di-adesione-CILS-ADULTI-giugno2026.doc\"><strong>FORMULARIO DE INSCRIPCI\u00d3N AL EXAMEN CILS DEL 16 DE JUNIO DE 2026<\/strong><\/a><\/div>\n<p>&nbsp;<\/p>\n<p><strong><span style=\"text-decoration: underline;\">Para completar la inscripci\u00f3n<\/span>, <\/strong>el interesado deber\u00e1 enviar al mail <strong><a href=\"mailto:amm.iicbuenosaires@esteri.it\">amm.iicbuenosaires@esteri.it<\/a> <u>con copia a<\/u> <a href=\"mailto:buenosaires.certificazioni@esteri.it\">buenosaires.certificazioni@esteri.it<\/a> la siguiente documentaci\u00f3n:<\/strong><\/p>\n<p>a) el <strong><a href=\"https:\/\/iicbuenosaires.esteri.it\/wp-content\/uploads\/2026\/01\/proposta-di-adesione-CILS-ADULTI-giugno2026.doc\">formulario de inscripci\u00f3n<\/a> completado con todos sus datos y firmado<\/strong>. El<strong> email deber\u00e1 ser escrito en letra de imprenta<\/strong>. Deber\u00e1 tambien <strong>marcar con una cruz el nivel al que se inscribe<\/strong> para evitar errores. Descarga <strong><a href=\"https:\/\/iicbuenosaires.esteri.it\/wp-content\/uploads\/2026\/01\/INSTRUCCIONES-PARA-LA-INSCRIPCION-EXAMENES-CILS2026.docx\">aqu\u00ed la solicitud de inscripci\u00f3n a los ex\u00e1menes CILS de esta sesi\u00f3n<\/a><\/strong>; Adem\u00e1s, es MUY IMPORTANTE que consignen en la ficha si ya realizaron con anterioridad alg\u00fan examen CILS, aunque no lo hayan aprobado, ya que la Universidad otorga un \u00fanico n\u00famero de matr\u00edcula a cada candidato;<\/p>\n<p>b) el <span style=\"color: #008000;\"><strong><span style=\"color: #ff0000;\">escaneo<\/span><\/strong><\/span><strong> del DNI,frente y retro. <\/strong>En el caso de extranjeros no residentes en Argentina, un <strong>documento de identidad que cuente con foto y cuya antig\u00fcedad no tenga m\u00e1s de diez a\u00f1os.<\/strong> En lo que respecta a la participaci\u00f3n de adolescentes pueden anotarse en los niveles regulares atendiendo a que los documentos deben tener una foto actualizada. <strong>NO<\/strong> podemos aceptar documentos con fotos infantiles<\/p>\n<p><strong>ATENCI\u00d3N: tanto el documento de identidad como el formulario de inscripci\u00f3n deben ser escaneado y no fotografiados<\/strong>;<\/p>\n<p>c) el <strong>comprobante de pago de la tasa<\/strong> de examen en pesos correspondiente al nivel seleccionado. Encontrar\u00e1 <strong>todos los detalles sobre las modalidades de pago y las tasas de examen en el <span style=\"color: #000000;\">documento \u00ab<a href=\"https:\/\/iicbuenosaires.esteri.it\/wp-content\/uploads\/2026\/01\/INSTRUCCIONES-PARA-LA-INSCRIPCION-EXAMENES-CILS2026.docx\">Instrucciones para la inscripci\u00f3n no presencial a los ex\u00e1menes CILS<\/a><\/span>\u00ab.<\/strong><\/p>\n<p><strong>Luego de que hayamos recibido su mail con toda la documentaci\u00f3n<\/strong>, le responderemos en breve confirmando que hemos recibido su inscripci\u00f3n y le enviaremos un documento con indicaciones espec\u00edficas para el d\u00eda del examen y ciertas normas que es preciso respetar ese d\u00eda.<\/p>\n<p style=\"text-align: center;\"><span style=\"text-decoration: underline;\"><strong>IMPORTANTE<\/strong><\/span><\/p>\n<table class=\"table\" border=\"4\" align=\"center\">\n<tbody>\n<tr>\n<td><strong>Para la sesi\u00f3n de examen CILS del 4 de diciembre recibimos inscripciones a casillas de correo que no eran las indicadas en este sitio web ni en el documento \u201cInstrucciones para la inscripci\u00f3n no presencial a los ex\u00e1menes CILS\u201d, de modo que <strong><span style=\"text-decoration: underline;\">no nos hacemos responsables de inscripciones enviadas a casillas de correo diferentes<\/span> a <a href=\"mailto:buenosaires.certificazioni@esteri.it\">buenosaires.certificazioni@esteri.it<\/a>. Las personas efectivamente inscriptas al examen recibieron un mail nuestro de confirmaci\u00f3n y un documento con informaci\u00f3n pertinente al desarrollo del examen.<\/strong><\/strong><\/td>\n<\/tr>\n<\/tbody>\n<\/table>\n<div><\/div>\n<div>\n<h6><strong>\u00a0En el caso de dudas sobre los ex\u00e1menes de certificaci\u00f3n escribir a <a href=\"mailto:buenosaires.certificazioni@esteri.it\"><b>buenosaires.certificazioni@esteri.it<\/b><\/a><\/strong><\/h6>\n<\/div>\n<div>\n<table class=\"table\" border=\"7\" align=\"center\">\n<tbody>\n<tr>\n<td>\n<p style=\"text-align: center;\">Se recuerda que <strong style=\"font-family: inherit; font-size: inherit;\"><span style=\"text-decoration: underline;\">el nivel B1<\/span> es<\/strong><span style=\"font-family: inherit; font-size: inherit;\">\u00a0<\/span><strong style=\"font-family: inherit; font-size: inherit;\">el nivel <span style=\"text-decoration: underline;\">requerido<\/span> por la ley italiana<span style=\"text-decoration: underline;\"> para tramitar la ciudadan\u00eda italiana por matrimonio con ciudadana\/o italiana\/o<\/span><\/strong><span style=\"font-family: inherit; font-size: inherit;\">.\u00a0<\/span><\/p>\n<p>El art\u00edculo 9. 1 de la Ley 91\/1992, modificada por el Decreto Legislativo 113\/2018 y posteriormente por la Ley 132\/2018 establece que \u00abla concesi\u00f3n de la ciudadan\u00eda italiana, de conformidad con los art\u00edculos 5 y 9, est\u00e1 supeditada a la posesi\u00f3n por parte del interesado de un conocimiento adecuado de la lengua italiana <strong>no inferior al nivel B1 del Marco Com\u00fan Europeo de Referencia para las Lenguas<\/strong>\u00bb<\/td>\n<\/tr>\n<\/tbody>\n<\/table>\n<\/div>\n<div><\/div>\n<div>\n<div><\/div>\n<div>\n<table class=\"table\" style=\"height: 89px;\" border=\"7\" width=\"600\" align=\"center\">\n<tbody>\n<tr>\n<td>\n<p style=\"text-align: center;\"><strong>Solo en las sesiones de diciembre de cada a\u00f1o ser\u00e1 posible inscribirse para rendir los niveles CILS A2 y C2<\/strong><strong>.<\/strong><strong><br \/>\n<\/strong><\/p>\n<\/td>\n<\/tr>\n<\/tbody>\n<\/table>\n<\/div>\n<div><\/div>\n<\/div>\n<p>&nbsp;<\/p>\n<p><strong>TASAS DE EXAMEN EN EURO<\/strong><\/p>\n<article id=\"articolo_centro\" class=\"col-md-15 col-sm-15 padding_articolo item-page\" role=\"main\" aria-label=\"articolo\">\n<div>\n<div>\n<table width=\"727\">\n<tbody>\n<tr>\n<td><strong>NIVEL<\/strong><\/td>\n<td><strong>TASA SEG\u00daN EL NIVEL<\/strong><\/td>\n<td width=\"263\"><strong>CUOTA PROPORCIONAL POR CADA HABILIDAD QUE SE DEBE RECUPERAR<\/strong><\/td>\n<\/tr>\n<tr>\n<td><strong>A2<\/strong><\/td>\n<td style=\"text-align: center;\"><strong>\u20ac\u00a040<\/strong><\/td>\n<td style=\"text-align: center;\" width=\"263\"><strong>\u20ac 13<\/strong><\/td>\n<\/tr>\n<tr>\n<td><strong>CILS 1 &#8211; B1<\/strong><\/td>\n<td style=\"text-align: center;\"><strong>\u20ac 60<\/strong><\/td>\n<td style=\"text-align: center;\" width=\"263\"><strong>\u20ac 20<\/strong><\/td>\n<\/tr>\n<tr>\n<td><strong>CILS DUE \u2013 B2<\/strong><\/td>\n<td style=\"text-align: center;\"><strong>\u20ac 70<\/strong><\/td>\n<td style=\"text-align: center;\" width=\"263\"><strong>\u20ac 23<\/strong><\/td>\n<\/tr>\n<tr>\n<td><strong>CILS TRE \u2013 C1<\/strong><\/td>\n<td style=\"text-align: center;\"><strong>\u20ac 80<\/strong><\/td>\n<td style=\"text-align: center;\" width=\"263\"><strong>\u20ac 25<\/strong><\/td>\n<\/tr>\n<tr>\n<td><strong>CILS QUATTRO _ C2<\/strong><\/td>\n<td style=\"text-align: center;\"><strong>\u20ac 90<\/strong><\/td>\n<td style=\"text-align: center;\" width=\"263\"><strong>\u20ac 28<\/strong><\/td>\n<\/tr>\n<\/tbody>\n<\/table>\n<\/div>\n<p><span style=\"color: #008000;\"><strong><span style=\"color: #000000;\">TASAS DE INSCRIPCI\u00d3N EN<\/span> <span style=\"color: #ff0000;\"><span style=\"color: #000000;\">PESOS<\/span> \u00a0 Aqu\u00ed <\/span><\/strong><\/span>podr\u00e1s descargar un<strong><span style=\"color: #000000;\"> documento con las tasas de examen en pesos<\/span> (Disponible solamente cuando est\u00e1 abierta la inscripci\u00f3n).\u00a0<\/strong><\/p>\n<p><strong><a href=\"https:\/\/cils.unistrasi.it\/1\/89\/202\/Sessione_giugno_2017.htm\">Descargue gratis modelos de examen CILS ofrecidos por el Centro CILS<\/a> \u00a0<\/strong><span style=\"color: #000000;\"><strong>Atenci\u00f3n: el link pertenece a la Universit\u00e0 di Siena. Nosotros no disponemos de ese material de examen.<\/strong><\/span><\/p>\n<p>Es muy \u00fatil aprovechar estas pruebas para orientarte en la elecci\u00f3n del nivel de examen y para autoevaluar tu nivel de competencia en italiano. El Centro CILS pone a tu disposici\u00f3n los <a href=\"https:\/\/cils.unistrasi.it\/1\/89\/202\/Sessione_giugno_2017.htm\"><strong>ex\u00e1menes aut\u00e9nticos de la sesi\u00f3n de junio de 2017,<\/strong><\/a> con todas las herramientas \u00fatiles para estudiantes y profesores, incluidas las claves de soluci\u00f3n, los criterios de evaluaci\u00f3n y las hojas electr\u00f3nicas para transcribir las respuestas.<\/p>\n<p>Aqu\u00ed podr\u00e1 encontrar la informaci\u00f3n (solo en italiano) sobre los <a href=\"https:\/\/iicbuenosaires.esteri.it\/wp-content\/uploads\/2025\/04\/Procedure-valutazione.pdf\"><strong>criterios de evaluaci\u00f3n<\/strong> y\u00a0 la <strong>atribuci\u00f3n de puntaje<\/strong>. <\/a><\/p>\n<p>Podr\u00e1 encontrar otras informaciones sobre el examen CILS en el <a href=\"https:\/\/cils.unistrasi.it\/1\/98\/Esami_CILS.htm\"><strong>link del Centro CILS<\/strong>.<\/a><br \/>\n*************************************************************************************************************************<\/p>\n<p><span style=\"color: #000000;\"><strong><span style=\"text-decoration: underline;\">Los RESULTADOS DE LOS EXAMENES<\/span>\u00a0 estar\u00e1n disponibles 3 meses despu\u00e9s\u00a0 de la fecha del examen<\/strong><\/span><strong>. <\/strong><br \/>\nHaga click en este <a href=\"https:\/\/online.unistrasi.it\/riscils.asp\"><strong>link<\/strong><\/a> <strong>para ver los resultado<\/strong>s. Los resultados no se comunican por tel\u00e9fono al centro CILS y mucho menos en el lugar donde se realiz\u00f3 el examen porque, por razones de privacidad, los centros de examen ya no reciben listas de resultados.<\/p>\n<p><strong>Si no ve su resultado despu\u00e9s de haber introducido correctamente su n\u00famero de matr\u00edcula y su fecha de nacimiento, significa que su examen a\u00fan no ha sido calificado.<\/strong><\/p>\n<p>PARA EL RETIRO DE CERTIFICADOS, LOS CANDIDATOS DEBEN DIRIGIRSE A LOS CENTROS DONDE REALIZARON EL EXAMEN<\/p>\n<p><strong>ENV\u00cdO DE CERTIFICADOS<\/strong><br \/>\nUna vez finalizados los procedimientos de evaluaci\u00f3n en el Centro CILS, se expiden los certificados a las personas que han superado todas las pruebas. Los certificados se env\u00edan a los lugares donde los candidatos realizaron el examen aproximadamente 6\/7 meses despu\u00e9s de la fecha del examen.<\/p>\n<p><strong>IMPORTANTE:<\/strong> Les aseguramos que<strong>\u00a0el mismo d\u00eda en que nosotros recibimos el sobre con los certificados,<\/strong> <strong>enviamos un mail<\/strong> <strong>a todos los participantes<\/strong> de esa sesi\u00f3n <strong>para que sepan que pueden venir a buscarlo<\/strong>. Por la ley europea de la privacy, las sedes de examen no tienen acceso a los resultados y no reciben las listas con el nombre de las personas que han aprobado los ex\u00e1menes. \u00a0Cada persona sabe si le corresponde o no venir a retirarlo.<\/p>\n<p><strong>ESTOS CERTIFICADOS NO TIENEN FECHA DE VENCIMIENTO<\/strong>.<\/p>\n<p><strong>*************************************************************************************************************************************************<\/strong><\/p>\n<p><strong><span style=\"text-decoration: underline; color: #008000;\">Cursos de entrenamiento para rendir el examen CILS en nuestro Instituto <span style=\"color: #000000; text-decoration: underline;\"><span style=\"text-decoration: underline;\">(Participar de estos cursos NO es condici\u00f3n excluyente para anotarse a los ex\u00e1menes CILS)<\/span>:<\/span><\/span><br \/>\n<\/strong>El Istituto impartir\u00e1 cursos de entrenamiento para afrontar con mayor facilidad los ex\u00e1menes CILS. Estos cursos se proponen familiarizar a los estudiantes con dichos ex\u00e1menes y desarrollar las habilidades necesarias para su superaci\u00f3n pero <strong>no ense\u00f1an la lengua<\/strong>.<\/p>\n<p>Nuestro Instituto ofrece para aprender italiano <strong>diferentes cursos<\/strong> que var\u00edan la carga horaria semanal de 3-6 o 9 horas y con una rica diversidad de horarios, en modalidad presencial y online. Podr\u00e1 encontrar nuestra oferta de cursos en el siguiente link: <a href=\"https:\/\/iicbuenosaires.esteri.it\/es\/lingua-e-cultura\/i-corsi-di-lingua\/cursos-regulares-intensivos-y-superintensivos-de-italiano\/\"><strong>Cursos de italiano y calendario<\/strong><\/a>.<\/p>\n<p><a href=\"https:\/\/iicbuenosaires.esteri.it\/es\/lingua-e-cultura\/i-corsi-di-lingua\/nuestros-cursos-de-preparacion-a-los-examenes-cils\/\"><strong><span style=\"text-decoration: underline; color: #008000;\">ACCEDA A LA OFERTA DE CURSOS DE PREPARACI\u00d3N PARA ESTA PR\u00d3XIMA SESI\u00d3N<\/span><\/strong><\/a><br \/>\n<strong>Informes: corsilingua.iicbuenosaires@esteri.it<\/strong><\/p>\n<p><span class=\"titoloCategoria\"><strong>Equiparaci\u00f3n de las certificaciones de italiano seg\u00fan el Cuadro Com\u00fan Europeo de Referencia:<\/strong> <\/span><\/p>\n<table class=\"tableRed table\" style=\"height: 279px;\" border=\"1\" width=\"710\" cellspacing=\"0\" cellpadding=\"0\" align=\"center\">\n<tbody>\n<tr>\n<th class=\"titolorosso\" width=\"100\"><\/th>\n<td class=\"titolorosso\">Universit\u00e0 per Stranieri di Perugia<\/td>\n<td class=\"titolorosso\" width=\"100\">Universit\u00e0 per Stranieri di Siena<\/td>\n<td class=\"titolorosso\" width=\"100\">Universit\u00e0 degli Studi di Roma Tre<\/td>\n<td class=\"titolorosso\" width=\"100\">Dante Alighieri<\/td>\n<\/tr>\n<tr>\n<td class=\"tableRed\" width=\"100\"><span class=\"titoloRosso\">LIVELLO C2<br \/>\nMaestr\u00eda o Dominio operativo extenso<\/span><\/td>\n<td class=\"tableRed\" width=\"100\">CELI 5<\/td>\n<td class=\"tableRed\" width=\"100\">CILS Quattro-C2<\/td>\n<td class=\"tableRed\" width=\"100\">IT<\/td>\n<td class=\"tableRed\" width=\"100\">PLIDA C2<\/td>\n<\/tr>\n<tr>\n<td class=\"tableRed\" width=\"100\"><span class=\"titoloRosso\">LIVELLO C1<br \/>\nDominio operativo eficaz<br \/>\n<\/span><\/td>\n<td class=\"tableRed\" style=\"text-align: left;\" align=\"center\" valign=\"middle\">CELI 4<\/td>\n<td class=\"tableRed\" width=\"100\">CILS Tre-C1<\/td>\n<td class=\"tableRed\" width=\"100\">&#8212;&#8212;<\/td>\n<td class=\"tableRed\" width=\"100\">\u00a0PLIDA C1<\/td>\n<\/tr>\n<tr>\n<td class=\"tableRed\" width=\"100\"><span class=\"titoloRosso\">LIVELLO B2<br \/>\n<\/span><span class=\"titoloRosso\">Intermedio o Dominio operativo limitado<br \/>\n<\/span><\/td>\n<td class=\"tableRed\" width=\"100\">CELI3<\/td>\n<td class=\"tableRed\" width=\"100\">CILS Due B2<\/td>\n<td class=\"tableRed\" width=\"100\">&#8212;&#8212;<\/td>\n<td class=\"tableRed\" width=\"100\">PLIDA\u00a0B2<\/td>\n<\/tr>\n<tr>\n<td class=\"tableRed\" width=\"100\"><span class=\"titoloRosso\">LIVELLO B1<br \/>\n<\/span>Umbral o Intermedio b\u00e1sico<\/td>\n<td class=\"tableRed\" width=\"100\">CELI2<\/td>\n<td class=\"tableRed\" width=\"100\">CILS Uno B1<\/td>\n<td class=\"tableRed\" width=\"100\">ele.IT<\/td>\n<td class=\"tableRed\" width=\"100\">PLIDA B1<\/td>\n<\/tr>\n<tr>\n<td width=\"100\">LIVELLO A2<br \/>\nPlataforma<\/td>\n<td class=\"tableRed\" width=\"100\">CELI1<\/td>\n<td class=\"tableRed\" width=\"100\">CILS A2<\/td>\n<td class=\"tableRed\" width=\"100\">&#8212;&#8212;<\/td>\n<td class=\"tableRed\" width=\"100\">PLIDA\u00a0A2<\/td>\n<\/tr>\n<tr>\n<td width=\"100\">LIVELLO A1<br \/>\nAcceso o Dominio formulario<\/td>\n<td class=\"tableRed\" width=\"100\">CELI1<\/td>\n<td class=\"tableRed\" width=\"100\">CILS A1<\/td>\n<td class=\"tableRed\" width=\"100\">&#8212;&#8212;<\/td>\n<td class=\"tableRed\" width=\"100\">PLIDA A1<\/td>\n<\/tr>\n<\/tbody>\n<\/table>\n<p>&nbsp;<\/p>\n<p><strong>Consulta aqu\u00ed el cuadro comparativo de las <a href=\"https:\/\/iicbuenosaires.esteri.it\/wp-content\/uploads\/2023\/10\/Tabla_de_equivalencias_CRL.pdf\">certificaciones de la mayor parte de las lenguas europeas<\/a><\/strong><\/p>\n<p>&nbsp;<\/p>\n<\/div>\n<hr \/>\n<\/article>\n<aside id=\"articolo_dx\" class=\"col-md-4 col-sm-4 col-xs-24\" role=\"complementary\" aria-label=\"approfondimenti\"><\/aside>\n<p>&nbsp;<\/p>\n<p>&nbsp;<\/p>\n","protected":false},"excerpt":{"rendered":"Certificaci\u00f3n internacional de conocimiento del italiano como L2 Proxima sesi\u00f3n: 16 de junio de 2026 Las Certificaciones de Italiano son t\u00edtulos que declaran el nivel de competencia comunicativa en italiano como lengua extranjera. Los destinatarios son todos los ciudadanos extranjeros, los ciudadanos italianos residentes en el exterior (descendientes de emigrados italianos) y los inmigrados extranjeros [&hellip;]","protected":false},"author":1,"featured_media":15156,"parent":68,"menu_order":4,"comment_status":"closed","ping_status":"closed","template":"","meta":{"footnotes":""},"class_list":["post-70","page","type-page","status-publish","has-post-thumbnail","hentry"],"_links":{"self":[{"href":"https:\/\/iicbuenosaires.esteri.it\/es\/wp-json\/wp\/v2\/pages\/70","targetHints":{"allow":["GET"]}}],"collection":[{"href":"https:\/\/iicbuenosaires.esteri.it\/es\/wp-json\/wp\/v2\/pages"}],"about":[{"href":"https:\/\/iicbuenosaires.esteri.it\/es\/wp-json\/wp\/v2\/types\/page"}],"author":[{"embeddable":true,"href":"https:\/\/iicbuenosaires.esteri.it\/es\/wp-json\/wp\/v2\/users\/1"}],"replies":[{"embeddable":true,"href":"https:\/\/iicbuenosaires.esteri.it\/es\/wp-json\/wp\/v2\/comments?post=70"}],"version-history":[{"count":6,"href":"https:\/\/iicbuenosaires.esteri.it\/es\/wp-json\/wp\/v2\/pages\/70\/revisions"}],"predecessor-version":[{"id":22157,"href":"https:\/\/iicbuenosaires.esteri.it\/es\/wp-json\/wp\/v2\/pages\/70\/revisions\/22157"}],"up":[{"embeddable":true,"href":"https:\/\/iicbuenosaires.esteri.it\/es\/wp-json\/wp\/v2\/pages\/68"}],"wp:featuredmedia":[{"embeddable":true,"href":"https:\/\/iicbuenosaires.esteri.it\/es\/wp-json\/wp\/v2\/media\/15156"}],"wp:attachment":[{"href":"https:\/\/iicbuenosaires.esteri.it\/es\/wp-json\/wp\/v2\/media?parent=70"}],"curies":[{"name":"wp","href":"https:\/\/api.w.org\/{rel}","templated":true}]}}