{"id":76,"date":"2023-04-03T20:55:21","date_gmt":"2023-04-03T18:55:21","guid":{"rendered":"https:\/\/iicbuenosaires.esteri.it\/chi-siamo\/contatti\/"},"modified":"2026-01-22T20:31:37","modified_gmt":"2026-01-22T19:31:37","slug":"contatti","status":"publish","type":"page","link":"https:\/\/iicbuenosaires.esteri.it\/es\/chi-siamo\/contatti\/","title":{"rendered":"Contactos"},"content":{"rendered":"<div>\n<p><span class=\"titoloCategoria\">Istituto Italiano di Cultura di Buenos Aires<\/span><br \/>\nM.T. de Alvear 1119 \u2013 3\u00ba piano<br \/>\n(1058) Capital Federal<br \/>\nTel. +\u00a054\u00a011\u00a05252-6800<br \/>\n<a href=\"mailto:iicbuenosaires@esteri.it\">iicbuenosaires@esteri.it<\/a><\/p>\n<p><strong>Mail CURSOS de ITALIANO<\/strong>: <a href=\"mailto:corsilingua.iicbuenosaires@esteri.it\">corsilingua.iicbuenosaires@esteri.it<\/a><\/p>\n<p><span class=\"titoloCategoria\"><strong>Horario de apertura al p\u00fablico:<\/strong><\/span><\/p>\n<p>Lunes a Jueves: 9.00 &#8211; 16.30<\/p>\n<p>Viernes:\u00a0 9.00 &#8211; 14.00<\/p>\n<p><strong>Calendario de feriados 2026:<\/strong><\/p>\n<p>Jueves 01\/01 A\u00f1o Nuevo<\/p>\n<p>Viernes 03\/04 Viernes Santo<\/p>\n<p>Lunes 06\/04<em> Luned\u00ec dell\u2019Angelo<\/em><\/p>\n<p>S\u00e1bado 25\/04 <em>Festa della Liberazione<\/em><\/p>\n<p>Viernes 01\/05 D\u00eda del Trabajador<\/p>\n<p>Lunes 25\/05 D\u00eda de la Revoluci\u00f3n de Mayo<\/p>\n<p>Martes 02\/06 <em>Festa della Repubblica<\/em><\/p>\n<p>Jueves 09\/07 D\u00eda de la Independencia<\/p>\n<p>Domingo 04\/10 <em>San Francesco<\/em><\/p>\n<p>Lunes 12\/10 D\u00eda del Respeto a la Diversidad Cultural<\/p>\n<p>Viernes 25\/12 Navidad<\/p>\n<p>S\u00e1bado 26\/12 <em>Santo Stefano<\/em><\/p>\n<article role=\"main\" aria-label=\"articolo\"><em><strong>Propuestas y solicitudes<\/strong><\/em><br \/>\n<em>Las propuestas culturales pueden enviarse a la direcci\u00f3n\u00a0<a href=\"mailto:iicbuenosaires@esteri.it\">iicbuenosaires@esteri.it<\/a>.<\/em><br \/>\n<em>En caso de estar interesados, nos pondremos en contacto con ustedes. Dado el elevado n\u00famero de propuestas que recibimos a diario, solo podremos responder a aquellas que puedan ser tenidas en cuenta.<\/em><\/article>\n<article role=\"main\" aria-label=\"articolo\"><em><strong>No se evaluar\u00e1n<\/strong> las propuestas enviadas a otras direcciones de correo electr\u00f3nico, por correo postal, presentadas por tel\u00e9fono o en persona.<\/em><\/article>\n<article role=\"main\" aria-label=\"articolo\"><\/article>\n<article role=\"main\" aria-label=\"articolo\"><em>No se devolver\u00e1n libros, CD ni otro material enviado que no hubiera sido solicitado por el Instituto.<\/em><\/article>\n<article role=\"main\" aria-label=\"articolo\"><\/article>\n<article role=\"main\" aria-label=\"articolo\"><em>Para m\u00e1s informaci\u00f3n sobre la pol\u00edtica de tratamiento de datos personales de las propuestas culturales, consulte la secci\u00f3n correspondiente de la p\u00e1gina sobre<\/em>\u00a0<a href=\"https:\/\/iicbuenosaires.esteri.it\/es\/amministrazione-trasparente\/\">https:\/\/iicbuenosaires.esteri.it\/it\/amministrazione-trasparente\/<\/a>\u00a0<\/article>\n<\/div>\n<article role=\"main\" aria-label=\"articolo\"><\/article>\n<article role=\"main\" aria-label=\"articolo\"><\/article>\n<hr \/>\n","protected":false},"excerpt":{"rendered":"Istituto Italiano di Cultura di Buenos Aires M.T. de Alvear 1119 \u2013 3\u00ba piano (1058) Capital Federal Tel. +\u00a054\u00a011\u00a05252-6800 iicbuenosaires@esteri.it Mail CURSOS de ITALIANO: corsilingua.iicbuenosaires@esteri.it Horario de apertura al p\u00fablico: Lunes a Jueves: 9.00 &#8211; 16.30 Viernes:\u00a0 9.00 &#8211; 14.00 Calendario de feriados 2026: Jueves 01\/01 A\u00f1o Nuevo Viernes 03\/04 Viernes Santo Lunes 06\/04 Luned\u00ec [&hellip;]","protected":false},"author":1,"featured_media":0,"parent":65,"menu_order":4,"comment_status":"closed","ping_status":"closed","template":"","meta":{"footnotes":""},"class_list":["post-76","page","type-page","status-publish","hentry"],"_links":{"self":[{"href":"https:\/\/iicbuenosaires.esteri.it\/es\/wp-json\/wp\/v2\/pages\/76","targetHints":{"allow":["GET"]}}],"collection":[{"href":"https:\/\/iicbuenosaires.esteri.it\/es\/wp-json\/wp\/v2\/pages"}],"about":[{"href":"https:\/\/iicbuenosaires.esteri.it\/es\/wp-json\/wp\/v2\/types\/page"}],"author":[{"embeddable":true,"href":"https:\/\/iicbuenosaires.esteri.it\/es\/wp-json\/wp\/v2\/users\/1"}],"replies":[{"embeddable":true,"href":"https:\/\/iicbuenosaires.esteri.it\/es\/wp-json\/wp\/v2\/comments?post=76"}],"version-history":[{"count":6,"href":"https:\/\/iicbuenosaires.esteri.it\/es\/wp-json\/wp\/v2\/pages\/76\/revisions"}],"predecessor-version":[{"id":20969,"href":"https:\/\/iicbuenosaires.esteri.it\/es\/wp-json\/wp\/v2\/pages\/76\/revisions\/20969"}],"up":[{"embeddable":true,"href":"https:\/\/iicbuenosaires.esteri.it\/es\/wp-json\/wp\/v2\/pages\/65"}],"wp:attachment":[{"href":"https:\/\/iicbuenosaires.esteri.it\/es\/wp-json\/wp\/v2\/media?parent=76"}],"curies":[{"name":"wp","href":"https:\/\/api.w.org\/{rel}","templated":true}]}}