{"id":17112,"date":"2025-07-14T22:29:45","date_gmt":"2025-07-14T20:29:45","guid":{"rendered":"https:\/\/iicbuenosaires.esteri.it\/?page_id=17112"},"modified":"2026-03-02T18:44:36","modified_gmt":"2026-03-02T17:44:36","slug":"domande-frequenti-sui-nostri-corsi","status":"publish","type":"page","link":"https:\/\/iicbuenosaires.esteri.it\/it\/lingua-e-cultura\/i-corsi-di-lingua\/domande-frequenti-sui-nostri-corsi\/","title":{"rendered":"Domande frequenti sui nostri corsi"},"content":{"rendered":"<p><strong>DOMANDE FREQUENTI<\/strong><\/p>\n<ul>\n<li><strong>Quali sono i prezzi dei corsi?<\/strong><\/li>\n<\/ul>\n<p><a href=\"https:\/\/iicbuenosaires.esteri.it\/wp-content\/uploads\/2026\/01\/COSTO-CORSI-ESTIVIa.doc\">Prezzi dei corsi estivi<\/a><\/p>\n<ul>\n<li><strong>Quali sono le modalit\u00e0 di pagamento?<\/strong><\/li>\n<\/ul>\n<p>Bonifico, deposito bancario e contanti<br \/>\nScarica qui le <a href=\"https:\/\/iicbuenosaires.esteri.it\/wp-content\/uploads\/2024\/02\/Datos-para-transferencia-bancaria.doc\">coordinate bancarie.<\/a><\/p>\n<ul>\n<li><strong>Che corso si deve frequentare per effettuare l\u2019esame B1 necessario per la richiesta della cittadinanza per matrimonio?<\/strong><\/li>\n<\/ul>\n<p>\u00c8 necessario raggiungere e completare i primi 6 livelli di 45 ore della nostra offerta didattica attraverso la modalit\u00e0 regolare o intensiva; il tempo necessario, partendo dal primo livello, varia da uno a tre anni in base alla modalit\u00e0 scelta. Si deve quindi sostenere l\u2019esame per l\u2019ottenimento della certificazione internazionale. Questo Istituto Italiano di Cultura \u00e8 Sede di esame della certificazione dell\u2019Universit\u00e0 per Stranieri di Siena (CILS B1).<\/p>\n<ul>\n<li><strong>Ho gi\u00e0 studiato italiano ma non conosco il mio livello, a quale corso mi iscrivo?<\/strong><\/li>\n<\/ul>\n<p>Se hai frequentato e completato un corso di lingua presso il nostro Istituto\u00a0nel 2025, il passaggio al livello successivo per il quadrimestre marzo-giugno 2026 non prevede nessun test di iscrizione. Negli altri casi \u00e8 previsto un test di livello gratuito.<\/p>\n<p><span style=\"color: #000000;\"><strong><a style=\"color: #000000;\" href=\"https:\/\/iicbuenosaires.esteri.it\/wp-content\/uploads\/2024\/11\/TEST-DI-LIVELLO.pdf\">Scarica qui il TEST DI LIVELLO<\/a><\/strong><\/span> ed invialo con le risposte alla mail <a href=\"mailto:corsilingua.iicbuenosaires@esteri.it\">corsilingua.iicbuenosaires@esteri.it<\/a> mettendo come <strong>oggetto TEST DI LIVELLO<\/strong> per ricevere poi il livello dei nostri corsi al quale devi iscriverti. Questo Test non ha il valore di test di livello in assoluto. Si tratta solo di una prova per sapere come integrarti al nostro piano di studi.<\/p>\n<ul>\n<li><strong>Come completo l\u2019iscrizione?<\/strong><\/li>\n<\/ul>\n<p>Per completare l\u2019iscrizione, una volta effettuato il test di livello (nei casi previsti nel punto precedente),<\/p>\n<p><strong>Per completare l\u2019iscrizione, una volta effettuato il test di livello (nei casi previsti nel punto precedente), \u00e8 necessario completare il modulo di iscrizione e presentarlo alla Segreteria, a mano o inviando una mail a\u00a0<\/strong><a href=\"mailto:corsilingua.iicbuenosaires@esteri.it\">corsilingua.iicbuenosaires@esteri.it<\/a><\/p>\n<p>Modulo di iscrizione per i <a href=\"http:\/\/v\">corsi super intensivi di febbraio<\/a>.<\/p>\n<p>Modulo di iscrizione per i <a href=\"https:\/\/iicbuenosaires.esteri.it\/wp-content\/uploads\/2025\/12\/Scheda-discrizione-CORSI-SUPERINTENSIVOS-_FEBRERO-2025.doc\">corsi tematici e di conversazione di febbraio<\/a>.<\/p>\n<p>L\u2019alunno si considerer\u00e0 inscritto solo dopo aver inviato la copia del bonifico o del deposito alla mail <a href=\"mailto:corsilingua.iicbuenosaires@esteri.it\">corsilingua.iicbuenosaires@esteri.it<\/a><\/p>\n<ul>\n<li><strong>Dove si svolgono i corsi in modalit\u00e0 presenziale?<\/strong><\/li>\n<\/ul>\n<p>I corsi si svolgono presso le nostre aule situate al quinto piano del Palazzo Italia in Marcelo T. de Alvear 1149, Barrio de Recoleta, CABA. Vedi <a href=\"https:\/\/www.google.com\/maps\/place\/Istituto+Italiano+di+Cultura\/@-34.5967342,-58.3830948,17z\/data=!3m1!4b1!4m6!3m5!1s0x95bccab7f5b181d1:0xa31a05c4d6d1b81e!8m2!3d-34.5967342!4d-58.3830948!16s%2Fg%2F1tfzt2yc?entry=ttu\"><u>l\u2019ubicazione della nostra Sede<\/u><\/a><\/p>\n<ul>\n<li><strong>Dove si trova la Segreteria dei Corsi e quando \u00e8 aperta?<\/strong><\/li>\n<\/ul>\n<p>La Segreteria dei Corsi \u00e8 ubicata nel Palazzo Italia, in Marcelo T. de Alvear 1149, Barrio de Recoleta, CABA.<\/p>\n<p><strong>ORARI DELLA SEGRETERIA DEI CORSI<\/strong><\/p>\n<p><strong>Dal 2 al 5 marzo<\/strong> l\u2019orario della Segreteria dei corsi sar\u00e0:<br \/>\ndal luned\u00ec al gioved\u00ec: 9.30 \u2013 13.30 e 14.00 \u2013 18.00<br \/>\nvenerd\u00ec: 9.30 \u2013 13.30<\/p>\n<p><strong>Dal 9 marzo in poi<\/strong>, l\u2019orario sar\u00e0:<br \/>\ndal luned\u00ec al gioved\u00ec: 9.00 \u2013 13.30 e 14.00 \u2013 20.00<br \/>\nvenerd\u00ec: 9.00 \u2013 13.30<\/p>\n<ul>\n<li>\u00a0<strong>E se ho domande specifiche sui corsi? A chi posso rivolgermi?<\/strong><\/li>\n<\/ul>\n<p>Alla mail <a href=\"mailto:corsilingua.iicbuenosaires@esteri.it\">corsilingua.iicbuenosaires@esteri.it<\/a> (per qualsiasi tipo di domanda) oppure al <strong>WhatsApp esclusivo<\/strong> per domande sulle caratteristiche dei corsi, sui prezzi e sul libro \u201cVolentieri\u201d.<\/p>\n<p>ATTENZIONE: L&#8217;iscrizione e le ricevute di pagamento devono essere inviate alla segreteria, come spiegato sopra, e non a questo whatsapp.<\/p>\n<p>Numero WhatsApp ESCLUSIVO per domande sui corsi: <span style=\"color: #0000ff;\">1130335322<\/span><\/p>\n<ul>\n<li><strong>Come studente dell\u2019IIC, \u00bfposso accedere a benefici per studiare in Italia?<\/strong><\/li>\n<\/ul>\n<p style=\"text-align: left;\">S\u00ec, conosci i benefici esclusivi <strong><a href=\"https:\/\/iicbuenosaires.esteri.it\/it\/lingua-e-cultura\/borse-di-studio\/borse-di-studio-per-gli-studenti-delliic\/\">QUI.<\/a><\/strong><\/p>\n","protected":false},"excerpt":{"rendered":"DOMANDE FREQUENTI Quali sono i prezzi dei corsi? Prezzi dei corsi estivi Quali sono le modalit\u00e0 di pagamento? Bonifico, deposito bancario e contanti Scarica qui le coordinate bancarie. Che corso si deve frequentare per effettuare l\u2019esame B1 necessario per la richiesta della cittadinanza per matrimonio? \u00c8 necessario raggiungere e completare i primi 6 livelli di [&hellip;]","protected":false},"author":3,"featured_media":0,"parent":42,"menu_order":4,"comment_status":"closed","ping_status":"closed","template":"","meta":{"footnotes":""},"class_list":["post-17112","page","type-page","status-publish","hentry"],"_links":{"self":[{"href":"https:\/\/iicbuenosaires.esteri.it\/it\/wp-json\/wp\/v2\/pages\/17112","targetHints":{"allow":["GET"]}}],"collection":[{"href":"https:\/\/iicbuenosaires.esteri.it\/it\/wp-json\/wp\/v2\/pages"}],"about":[{"href":"https:\/\/iicbuenosaires.esteri.it\/it\/wp-json\/wp\/v2\/types\/page"}],"author":[{"embeddable":true,"href":"https:\/\/iicbuenosaires.esteri.it\/it\/wp-json\/wp\/v2\/users\/3"}],"replies":[{"embeddable":true,"href":"https:\/\/iicbuenosaires.esteri.it\/it\/wp-json\/wp\/v2\/comments?post=17112"}],"version-history":[{"count":8,"href":"https:\/\/iicbuenosaires.esteri.it\/it\/wp-json\/wp\/v2\/pages\/17112\/revisions"}],"predecessor-version":[{"id":21811,"href":"https:\/\/iicbuenosaires.esteri.it\/it\/wp-json\/wp\/v2\/pages\/17112\/revisions\/21811"}],"up":[{"embeddable":true,"href":"https:\/\/iicbuenosaires.esteri.it\/it\/wp-json\/wp\/v2\/pages\/42"}],"wp:attachment":[{"href":"https:\/\/iicbuenosaires.esteri.it\/it\/wp-json\/wp\/v2\/media?parent=17112"}],"curies":[{"name":"wp","href":"https:\/\/api.w.org\/{rel}","templated":true}]}}