{"id":3331,"date":"2023-09-28T22:30:07","date_gmt":"2023-09-28T20:30:07","guid":{"rendered":"https:\/\/iicbuenosaires.esteri.it\/?page_id=3331"},"modified":"2026-01-22T20:23:36","modified_gmt":"2026-01-22T19:23:36","slug":"come-contattarci","status":"publish","type":"page","link":"https:\/\/iicbuenosaires.esteri.it\/it\/chi-siamo\/la-sede\/come-contattarci\/","title":{"rendered":"Come Contattarci"},"content":{"rendered":"<article id=\"articolo_centro\" class=\"col-md-19 col-sm-19 padding_articolo item-page\" role=\"main\" aria-label=\"articolo\"><span class=\"titoloCategoria\">Istituto Italiano di Cultura di Buenos Aires<\/span><br \/>\nM.T. de Alvear 1119 \u2013 3\u00ba piano<br \/>\n(1058) Capital Federal<br \/>\nTel. +\u00a054\u00a011\u00a05252-6800<br \/>\n<a href=\"mailto:iicbuenosaires@esteri.it\">iicbuenosaires@esteri.it<span style=\"text-decoration: underline;\"> \u00a0<\/span><\/a><\/article>\n<article role=\"main\" aria-label=\"articolo\"><\/article>\n<p><strong>Mail CORSI d&#8217;ITALIANO<\/strong>: <a href=\"mailto:corsilingua.iicbuenosaires@esteri.it\">corsilingua.iicbuenosaires@esteri.it<\/a><\/p>\n<p><span class=\"titoloCategoria\"><strong>Orario di apertura al pubblico:<\/strong><br \/>\n<\/span>Lunedi a Gioved\u00ec: 9.00 &#8211; 16.30<br \/>\nVenerdi:\u00a0 9.00 &#8211; 14.00<\/p>\n<p><span class=\"titoloCategoria\"><strong>Calendario delle festivit\u00e0 2026:<\/strong><\/span><\/p>\n<p>01\/01 Capodanno<\/p>\n<p>18\/04 Venerd\u00ec Santo<\/p>\n<p>21\/04 Luned\u00ec dell\u2019Angelo<\/p>\n<p>25\/04 Festa della Liberazione<\/p>\n<p>01\/05 Festa del Lavoro<\/p>\n<p>25\/05 Proclama della Libert\u00e0 (D\u00eda de la Revoluci\u00f3n de Mayo)<\/p>\n<p>02\/06 Festa della Repubblica<\/p>\n<p>09\/07 Dichiarazione di Indipendenza (D\u00eda de la Independencia)<\/p>\n<p>04\/10\u00a0San Francesco<\/p>\n<p>10\/10 Giorno del Rispetto della Diversit\u00e0 (D\u00eda del Respeto a la Diversidad)<\/p>\n<p>25\/12 Natale<\/p>\n<p>26\/12 Santo Stefano<\/p>\n<div><span style=\"font-family: Aptos,sans-serif; font-size: medium;\"><span lang=\"it\"><b><i>Proposte e richieste<\/i><\/b><\/span><\/span><\/div>\n<div><span style=\"font-family: Aptos,sans-serif; font-size: medium;\"><span lang=\"it\"><i>Le proposte culturali possono essere inviate all\u2019indirizzo\u00a0<\/i><\/span><a href=\"mailto:iicbuenosaires@esteri.it\" target=\"_blank\" rel=\"noopener noreferrer\"><i><span lang=\"it\">iicbuenosaires@esteri.it<\/span><\/i><\/a><\/span><\/div>\n<div><span style=\"font-family: Aptos,sans-serif; font-size: medium;\"><span lang=\"it\"><i>In caso di interesse, avremo cura di ricontattarvi per gli approfondimenti necessari. Dato l\u2019altissimo numero di proposte ricevute quotidianamente, sar\u00e0\u00a0possibile rispondere soltanto alle proposte che potranno essere prese in considerazione.<\/i><\/span><\/span><\/div>\n<div><span style=\"font-family: Aptos,sans-serif; font-size: medium;\"><span lang=\"it\"><i><strong>Non saranno valutate<\/strong> le proposte inviate ad altri indirizzi mail, per posta cartacea, presentate per telefono o di persona. <\/i><\/span><\/span><\/div>\n<div><span style=\"font-family: Aptos,sans-serif; font-size: medium;\"><span lang=\"it\"><i>Non potranno essere restituiti libri, CD o altro materiale inviato in assenza di una richiesta da parte dell\u2019Istituto.<\/i><\/span><\/span><\/div>\n<div><\/div>\n<div><span style=\"font-family: Aptos,sans-serif; font-size: medium;\"><span lang=\"it\"><i>Per approfondimenti sulla politica di trattamento dei dati personali delle proposte culturali, si rinvia alla sezione apposita della pagina sulle\u00a0<\/i><\/span><a href=\"https:\/\/iicbuenosaires.esteri.it\/it\/amministrazione-trasparente\/\" target=\"_blank\" rel=\"noopener noreferrer\"><i><span lang=\"it\">https:\/\/iicbuenosaires.esteri.it\/it\/amministrazione-trasparente\/<\/span><\/i><\/a><span lang=\"it\"><i>.<\/i><\/span><\/span><\/div>\n<div><\/div>\n<div><\/div>\n","protected":false},"excerpt":{"rendered":"Istituto Italiano di Cultura di Buenos Aires M.T. de Alvear 1119 \u2013 3\u00ba piano (1058) Capital Federal Tel. +\u00a054\u00a011\u00a05252-6800 iicbuenosaires@esteri.it \u00a0 Mail CORSI d&#8217;ITALIANO: corsilingua.iicbuenosaires@esteri.it Orario di apertura al pubblico: Lunedi a Gioved\u00ec: 9.00 &#8211; 16.30 Venerdi:\u00a0 9.00 &#8211; 14.00 Calendario delle festivit\u00e0 2026: 01\/01 Capodanno 18\/04 Venerd\u00ec Santo 21\/04 Luned\u00ec dell\u2019Angelo 25\/04 Festa della [&hellip;]","protected":false},"author":3,"featured_media":0,"parent":40,"menu_order":1,"comment_status":"closed","ping_status":"closed","template":"","meta":{"footnotes":""},"class_list":["post-3331","page","type-page","status-publish","hentry"],"_links":{"self":[{"href":"https:\/\/iicbuenosaires.esteri.it\/it\/wp-json\/wp\/v2\/pages\/3331","targetHints":{"allow":["GET"]}}],"collection":[{"href":"https:\/\/iicbuenosaires.esteri.it\/it\/wp-json\/wp\/v2\/pages"}],"about":[{"href":"https:\/\/iicbuenosaires.esteri.it\/it\/wp-json\/wp\/v2\/types\/page"}],"author":[{"embeddable":true,"href":"https:\/\/iicbuenosaires.esteri.it\/it\/wp-json\/wp\/v2\/users\/3"}],"replies":[{"embeddable":true,"href":"https:\/\/iicbuenosaires.esteri.it\/it\/wp-json\/wp\/v2\/comments?post=3331"}],"version-history":[{"count":8,"href":"https:\/\/iicbuenosaires.esteri.it\/it\/wp-json\/wp\/v2\/pages\/3331\/revisions"}],"predecessor-version":[{"id":20955,"href":"https:\/\/iicbuenosaires.esteri.it\/it\/wp-json\/wp\/v2\/pages\/3331\/revisions\/20955"}],"up":[{"embeddable":true,"href":"https:\/\/iicbuenosaires.esteri.it\/it\/wp-json\/wp\/v2\/pages\/40"}],"wp:attachment":[{"href":"https:\/\/iicbuenosaires.esteri.it\/it\/wp-json\/wp\/v2\/media?parent=3331"}],"curies":[{"name":"wp","href":"https:\/\/api.w.org\/{rel}","templated":true}]}}