{"id":3443,"date":"2023-10-06T00:11:01","date_gmt":"2023-10-05T22:11:01","guid":{"rendered":"https:\/\/iicbuenosaires.esteri.it\/?page_id=3443"},"modified":"2026-01-07T17:06:26","modified_gmt":"2026-01-07T16:06:26","slug":"diventare-soci","status":"publish","type":"page","link":"https:\/\/iicbuenosaires.esteri.it\/it\/chi-siamo\/la-sede\/diventare-soci\/","title":{"rendered":"Diventare soci"},"content":{"rendered":"<p style=\"text-align: center;\"><img loading=\"lazy\" decoding=\"async\" class=\"size-medium wp-image-14230 img-fluid aligncenter\" src=\"https:\/\/iicbuenosaires.esteri.it\/wp-content\/uploads\/2025\/02\/soci-eventi-300x200.jpg\" alt=\"soci eventi\" width=\"300\" height=\"200\" srcset=\"https:\/\/iicbuenosaires.esteri.it\/wp-content\/uploads\/2025\/02\/soci-eventi-300x200.jpg 300w, https:\/\/iicbuenosaires.esteri.it\/wp-content\/uploads\/2025\/02\/soci-eventi-1024x682.jpg 1024w, https:\/\/iicbuenosaires.esteri.it\/wp-content\/uploads\/2025\/02\/soci-eventi-768x511.jpg 768w, https:\/\/iicbuenosaires.esteri.it\/wp-content\/uploads\/2025\/02\/soci-eventi.jpg 1425w\" sizes=\"auto, (max-width: 300px) 100vw, 300px\" \/><\/p>\n<p><strong>Come diventare soci<\/strong><\/p>\n<p>I nostri soci hanno accesso al prestito domiciliario dei libri della <a href=\"https:\/\/iicbuenosaires.esteri.it\/it\/lingua-e-cultura\/biblioteca\/\">Biblioteca &#8220;Benedetto Croce&#8221;<\/a> ricca di numerose e varie collane di libri che vanno dall\u2019arte alla letteratura, dalla musica alla linguistica, dalla scienza alla saggistica ed hanno anche diritto di accesso alla nuova <a href=\"https:\/\/iicbuenosaires.medialibrary.it\/media\/ricerca.aspx\">Biblioteca digitale Mlol<\/a> aggiornata con le ultime novit\u00e0 editoriali italiane. Essi hanno l&#8217;accesso esclusivo al corso di lettura in italiano della <em>Divina commedia, <\/em>copartecipano gratuitamente alle attivit\u00e0 organizzate dall&#8217;Istituto presso la propria sede e possono ottenere sconti e\/o biglietti di ingresso gratuiti per partecipare agli eventi organizzati fuori dalla sede dell&#8217;Istituto, in collaborazione con altre istituzioni. I soci dell&#8217;Istituto hanno priorit\u00e0 di accesso nel caso ci fosse un numero limitato di posti disponibili.<\/p>\n<p>Le categorie di soci dell&#8217;Istituto sono:<\/p>\n<p><span style=\"text-decoration: underline;\"><strong>Quote per l&#8217;anno 2026<\/strong><\/span><\/p>\n<p><strong>Socio ordinario<\/strong>:\u00a0 <span style=\"text-decoration: underline;\"><strong>$90.000<\/strong><\/span><\/p>\n<p><strong>Pensionati e Studenti a lauree universitarie presso le universit\u00e0 pubbliche nazionali<\/strong>:\u00a0<span style=\"text-decoration: underline;\"><strong> $ 75.000<\/strong><\/span> (devono presentare la documentazione a dimostrazione del tale stato).<\/p>\n<p><strong>Studenti e professori dei nostri corsi<\/strong>: <strong>GRATIS<\/strong> <strong>durante la durata del corso<\/strong>, con condizioni particolari definite nella<a href=\"http:\/\/NO ENTREGAR LOS FORMULARIOS EN LA SEDE DE LOS CURSOS\"> scheda d&#8217;iscrizione<\/a><span style=\"color: #ff0000;\"><strong>*<\/strong><\/span>. Gli interessati dovranno richiedere espressamente questo beneficio <span style=\"color: #000000;\">PERSONALMENTE<\/span> presso l&#8217;Istituto (luned\u00ec, marted\u00ec, mercoled\u00ec e gioved\u00ec dalle 9.30 alle 16.30) <strong>oppure per posta<\/strong> alla mail <a href=\"mailto:bibl.iicbuenosaires@esteri.it\">bibl.iicbuenosaires@esteri.it <\/a><\/p>\n<p><strong>Socio sostenitore:\u00a0\u00a0 <\/strong><strong>Quota per l&#8217;anno 2026<\/strong>: da definire<br \/>\nIl socio sostenitore, oltre ai benefici sopra enumerati, verr\u00e0 menzionato come tale sul nostro sito web e nel materiale in cui l&#8217;IIC ringrazia i propri collaboratori. Possono anche concordarsi altre forme di collaborazione.<\/p>\n<p>Le ditte interessate a sostenere le attivit\u00e0 dell&#8217;Istituto potranno contattarci tramite il seguente indirizzo email <a href=\"mailto:amministrazione.iicbuenosaires@esteri.it\">amministrazione.iicbuenosaires@esteri.it<\/a>\u00a0 allo scopo di stabilire il contratto di collaborazione. <strong>QUESTA MAIL DEVE ESSERE UTILIZZATA SOLO DAGLI ENTI O LE PERSONE INTERESSATE A COLLABORARE COME SOCI SOSTENITORI<\/strong><\/p>\n<p><strong>Durata dell&#8217;Associazione:<\/strong><br \/>\nLa tassa di iscrizione vale per un anno, dalla data di associazione alla stessa data dell&#8217;anno successivo. IMPORTANTE<\/p>\n<table class=\"table\" border=\"5\" align=\"center\">\n<tbody>\n<tr>\n<td>\n<p style=\"text-align: center;\"><strong>Non \u00e8 necessario recarsi in Istituto per diventare soci<\/strong><\/p>\n<p style=\"text-align: center;\"><a href=\"https:\/\/iicbuenosaires.esteri.it\/wp-content\/uploads\/2026\/01\/iscrizione_per_soci_2026.doc\"><span style=\"color: #ff0000;\"><strong><span style=\"color: #0000ff;\">SCARICA QUI IL MODULO<\/span><\/strong><\/span><span style=\"color: #0000ff;\"><strong> DI ISCRIZIONE<\/strong><\/span><\/a><\/p>\n<p>In questo modulo troverete tutte le informazioni necessarie per completare la vostra associazione, come per esempio i dati del conto bancario dell&#8217;IIC.<\/td>\n<\/tr>\n<\/tbody>\n<\/table>\n<p>&nbsp;<\/p>\n<p>*<span style=\"text-decoration: underline;\"><strong>Gli studenti e i professori dei nostri corsi<\/strong><\/span> che intendono beneficiare dell&#8217; <span style=\"text-decoration: underline;\">accesso gratuito alle nostre biblioteche<\/span> (biblioteca digitale e biblioteca cartacea)\u00a0sono pregati di <span style=\"text-decoration: underline;\">farne specifica richiesta compilando la<\/span> <a href=\"http:\/\/NO ENTREGAR LOS FORMULARIOS EN LA SEDE DE LOS CURSOS\"><strong><span style=\"text-decoration: underline;\"><span style=\"color: #0000ff; text-decoration: underline;\">scheda d&#8217;iscrizione<\/span><\/span> <\/strong><\/a>creata a questo fine ed allegando ad essa il <strong>documento d&#8217;identit\u00e0<\/strong> completo (fronte e retro).<\/p>\n<p>L&#8217;associazione \u00e8 valida durante il periodo di svolgimento del corso.<\/p>\n<p>Solo si potr\u00e0 prendere in prestito un libro fisico alla volta per un massimo di 15 giorni. Essendo <strong>i libri della nostra Biblioteca patrimonio dello Stato Italiano<\/strong>, solo \u00e8 possibile darli in prestito versando una <strong>cauzione in contanti (dietro rilascio di una ricevuta<\/strong>). Detta somma sar\u00e0 restituita all&#8217;interessato in contraccambio del libro e della ricevuta della cauzione rilasciatale in precedenza.<\/p>\n<p><strong>IMPORTANTE<\/strong>: Regolamento Unione Europea sul <strong>trattamento dei dati personali<\/strong> <strong>N.679\/2016<\/strong>. <a href=\"https:\/\/iicbuenosaires.esteri.it\/wp-content\/uploads\/2024\/07\/Trattamento-dati-personali-UE_R0679-IT_TXT.pdf\"><span style=\"color: #0000ff;\">Scarica qui il Regolamento in italiano<\/span><\/a>.<\/p>\n","protected":false},"excerpt":{"rendered":"Come diventare soci I nostri soci hanno accesso al prestito domiciliario dei libri della Biblioteca &#8220;Benedetto Croce&#8221; ricca di numerose e varie collane di libri che vanno dall\u2019arte alla letteratura, dalla musica alla linguistica, dalla scienza alla saggistica ed hanno anche diritto di accesso alla nuova Biblioteca digitale Mlol aggiornata con le ultime novit\u00e0 editoriali [&hellip;]","protected":false},"author":3,"featured_media":0,"parent":40,"menu_order":0,"comment_status":"closed","ping_status":"closed","template":"","meta":{"footnotes":""},"class_list":["post-3443","page","type-page","status-publish","hentry"],"_links":{"self":[{"href":"https:\/\/iicbuenosaires.esteri.it\/it\/wp-json\/wp\/v2\/pages\/3443","targetHints":{"allow":["GET"]}}],"collection":[{"href":"https:\/\/iicbuenosaires.esteri.it\/it\/wp-json\/wp\/v2\/pages"}],"about":[{"href":"https:\/\/iicbuenosaires.esteri.it\/it\/wp-json\/wp\/v2\/types\/page"}],"author":[{"embeddable":true,"href":"https:\/\/iicbuenosaires.esteri.it\/it\/wp-json\/wp\/v2\/users\/3"}],"replies":[{"embeddable":true,"href":"https:\/\/iicbuenosaires.esteri.it\/it\/wp-json\/wp\/v2\/comments?post=3443"}],"version-history":[{"count":8,"href":"https:\/\/iicbuenosaires.esteri.it\/it\/wp-json\/wp\/v2\/pages\/3443\/revisions"}],"predecessor-version":[{"id":20697,"href":"https:\/\/iicbuenosaires.esteri.it\/it\/wp-json\/wp\/v2\/pages\/3443\/revisions\/20697"}],"up":[{"embeddable":true,"href":"https:\/\/iicbuenosaires.esteri.it\/it\/wp-json\/wp\/v2\/pages\/40"}],"wp:attachment":[{"href":"https:\/\/iicbuenosaires.esteri.it\/it\/wp-json\/wp\/v2\/media?parent=3443"}],"curies":[{"name":"wp","href":"https:\/\/api.w.org\/{rel}","templated":true}]}}