{"id":44,"date":"2023-04-03T20:56:11","date_gmt":"2023-04-03T18:56:11","guid":{"rendered":"https:\/\/iicbuenosaires.esteri.it\/?page_id=44"},"modified":"2026-03-23T19:39:08","modified_gmt":"2026-03-23T18:39:08","slug":"certificazioni","status":"publish","type":"page","link":"https:\/\/iicbuenosaires.esteri.it\/it\/lingua-e-cultura\/certificazioni\/","title":{"rendered":"Certificazioni"},"content":{"rendered":"<table class=\"table\" style=\"height: 91px;\" border=\"7\" width=\"503\" align=\"center\">\n<tbody>\n<tr>\n<td style=\"text-align: center;\"><strong>Prossima sessione d&#8217;esame:<span style=\"color: #0000ff;\"><strong> 16 giugno 2026<\/strong><\/span><\/strong><\/td>\n<\/tr>\n<\/tbody>\n<\/table>\n<p>&nbsp;<\/p>\n<p><strong><span class=\"titoloCategoria\">Certificazione d\u2019italiano come lingua straniera<\/span><\/strong><br \/>\nI Certificati di Italiano sono\u00a0titoli che dichiarano il grado di competenza comunicativa in italiano come lingua straniera. I destinatari sono tutti i cittadini stranieri, i cittadini italiani residenti all\u2019estero (discendenti di emigrati italiani) e gli immigrati stranieri in Italia.<\/p>\n<p>Per sostenere le prove non \u00e8 necessario possedere titoli di studio particolari.<\/p>\n<p>Per la somministrazione delle prove all\u2019estero tramite gli Istituti Italiani di Cultura, <strong>il Ministero degli Affari Esteri e della Cooperazione Internazionale ha stipulato convenzioni con le seguenti Istituzioni<\/strong>:<br \/>\n<a href=\"https:\/\/www.unistrapg.it\/node\/3278\"><span class=\"titoloNotizia\"><span style=\"color: #000000;\">Universit\u00e0 per Stranieri di Perugia<\/span><\/span><\/a><span style=\"color: #000000;\"><span class=\"titoloNotizia\">\u00a0 <\/span><strong>(CELI \u2013 CIC) <\/strong><\/span><br \/>\n<span style=\"color: #000000;\"><a style=\"color: #000000;\" href=\"http:\/\/cils.unistrasi.it\/\" target=\"_blank\" rel=\"noopener\">Universit\u00e0 per Stranieri di Siena<strong>\u00a0<\/strong><\/a><strong>(CILS)<\/strong><\/span><br \/>\n<span style=\"color: #000000;\"><a style=\"color: #000000;\" href=\"http:\/\/www.certificazioneitaliano.uniroma3.it\/\" target=\"_blank\" rel=\"noopener\">Universit\u00e0 degli Studi Roma Tre<\/a><\/span><strong><span style=\"color: #000000;\">\u00a0(IT &#8211; ele.IT)<\/span><br \/>\n<\/strong><\/p>\n<p>&nbsp;<\/p>\n<p style=\"text-align: left;\"><strong class=\"titoloRosso\">L&#8217;Istituto Italiano di Cultura di Buenos Aires \u00e8 sede ogni anno degli esami CILS (Universit\u00e0 per Stranieri di Siena)<\/strong><\/p>\n<p><img loading=\"lazy\" decoding=\"async\" class=\"img-fluid aligncenter wp-image-15156\" src=\"https:\/\/iicbuenosaires.esteri.it\/wp-content\/uploads\/2025\/03\/alumnos-realizando-examen-1024x683-1.webp\" alt=\"\" width=\"434\" height=\"289\" srcset=\"https:\/\/iicbuenosaires.esteri.it\/wp-content\/uploads\/2025\/03\/alumnos-realizando-examen-1024x683-1.webp 1024w, https:\/\/iicbuenosaires.esteri.it\/wp-content\/uploads\/2025\/03\/alumnos-realizando-examen-1024x683-1-300x200.webp 300w, https:\/\/iicbuenosaires.esteri.it\/wp-content\/uploads\/2025\/03\/alumnos-realizando-examen-1024x683-1-768x512.webp 768w\" sizes=\"auto, (max-width: 434px) 100vw, 434px\" \/><\/p>\n<hr \/>\n<h6 style=\"text-align: center;\">Dato che ci sono molte informazioni relative agli esami CILS, vi chiediamo di leggerle attentamente<\/h6>\n<p style=\"text-align: center;\"><span style=\"text-decoration: underline;\"><strong>SESSIONI DI ESAME CILS 2026<\/strong><\/span><\/p>\n<table class=\"table\" border=\"4\" frame=\"box\" rules=\"all\" align=\"center\">\n<tbody>\n<tr>\n<td align=\"center\"><strong>Data esame<\/strong><\/td>\n<td align=\"center\"><strong>Destinatari<\/strong><\/td>\n<td align=\"center\"><strong>Apertura iscrizioni<\/strong><\/td>\n<td align=\"center\"><strong>Termine iscrizioni<\/strong><\/td>\n<\/tr>\n<tr>\n<td align=\"center\"><span style=\"color: #0000ff;\"><strong>16 giugno<\/strong><\/span><\/td>\n<td align=\"center\"><span style=\"color: #000000;\">Adulti<\/span><\/td>\n<td align=\"center\"><strong>Data da stabilire (met\u00e0 aprile circa)<\/strong><\/td>\n<td align=\"center\"><strong>06\/05\/2026<\/strong><\/td>\n<\/tr>\n<tr>\n<td align=\"center\"><span style=\"color: #0000ff;\"><strong>4 dicembre<\/strong><\/span><\/td>\n<td align=\"center\">Adulti<\/td>\n<td align=\"center\">Data da stabilire nei primi giorni di ottobre<\/td>\n<td align=\"center\"><strong>22\/10\/2026<\/strong><\/td>\n<\/tr>\n<\/tbody>\n<\/table>\n<p>La <strong>data di termine<\/strong> delle iscrizioni <strong>\u00e8 fissata dall&#8217;Universit\u00e0, e perci\u00f2 \u00e8 improrogabile<\/strong>.<\/p>\n<p><strong>Dopo la data stabilita come termine per le iscrizioni non si accetteranno nuove immatricolazioni.<\/strong><\/p>\n<p>L&#8217;ISCRIZIONE PU\u00d2 ESSERE EFFETTUATA PER E-MAIL, MA <strong><u>PRIMA<\/u><\/strong> DI PROCEDERE A FARLO VI PREGHIAMO DI <strong>VERIFICARE CHE LE ISCRIZIONI SIANO EFFETTIVAMENTE APERTE e siano pubblicate su questa pagina sia la data di apertura delle iscrizioni\u00a0 sia la tabella di conversione da euro a pesos<\/strong><\/p>\n<p><strong>Luogo<\/strong>: Istituto Italiano di Cultura, M.T. de Alvear 1119 3\u00b0 piano \u2013 Buenos Aires<br \/>\n<strong>Orario<\/strong>: luned\u00ec, mercoled\u00ec e gioved\u00ec dalle 9.30 alle 13.30 e dalle 14.30 alle 16.30.<\/p>\n<div>\n<table class=\"table\" border=\"7\" align=\"center\">\n<tbody>\n<tr>\n<td><strong>IMPORTANTE: <a href=\"https:\/\/iicbuenosaires.esteri.it\/wp-content\/uploads\/2026\/01\/INSTRUCCIONES-PARA-LA-INSCRIPCION-EXAMENES-CILS2026.docx\">Scarichi qui le istruzioni per l&#8217;iscrizione all&#8217;esame<\/a><\/strong><strong><br \/>\n<\/strong><\/td>\n<\/tr>\n<\/tbody>\n<\/table>\n<\/div>\n<div><\/div>\n<p><strong>Per iscriversi all&#8217;esame, l&#8217;interessato dovr\u00e0 inviare\u00a0 ESCLUSIVAMENTE alla mail <a href=\"amm.iicbuenosaires@esteri.it\">amm.iicbuenosaires@esteri.it<\/a> <u>con copia a<\/u> <a href=\"mailto:buenosaires.certificazioni@esteri.it\">buenosaires.certificazioni@esteri.it <\/a>la seguente documentazione:<\/strong><\/p>\n<p>&#8211; La <a href=\"https:\/\/iicbuenosaires.esteri.it\/wp-content\/uploads\/2026\/01\/proposta-di-adesione-CILS-ADULTI-giugno2026.doc\"><strong>scansione del formulario d&#8217;iscrizione<\/strong><\/a> con tutti i dati, scritto in <strong>stampatello o completato in tutte le sue parti con il PC.\u00a0<\/strong> Il vostro indirizzo mail deve essere assolutamente leggibile perch\u00e9 \u00e8 l&#8217;unico modo che abbiamo per contattarvi. Dovete segnalare con una croce il livello al quale vi state iscrivendo. <strong>NON ACCETTEREMO FOTOGRAFIE DEL FORMULARIO D&#8217;ISCRIZIONE;<\/strong><br \/>\n&#8211; allegare la <strong>scansione del documento d&#8217;identit\u00e0 fronte e retro. NON ACCETTEREMO FOTOGRAFIE DEL DOCUMENTO. <\/strong>Nel caso di <strong>stranieri non residenti in Argentina<\/strong>, un documento di identit\u00e0 con foto rilasciato da non pi\u00f9 di dieci anni. La nostra sede <strong>non offre livelli per adolescenti<\/strong>, ma questi possono iscriversi ai livelli normali con l&#8217;autorizzazione dei genitori. NON possiamo accettare documenti con foto di bambini, pertanto accetteremo solo iscrizioni se <strong>il documento dell&#8217;adolescente ha una foto aggiornata<\/strong>;<br \/>\n&#8211; Pagare la tassa di esame con <strong>bonifico, deposito bancario o contanti<\/strong> (Trova l&#8217;informazione completa nel documento &#8220;<strong>Instrucciones para la inscripci\u00f3n no presencial a los ex\u00e1menes CILS<\/strong>&#8220;);<\/p>\n<p><strong>Dopo aver ricevuto la sua e-mail con tutta la documentazione<\/strong>, le risponderemo al pi\u00f9 presto confermando la ricezione della sua iscrizione e le invieremo un documento con indicazioni specifiche per il giorno dell&#8217;esame e con alcune regole da rispettare il giorno dell&#8217;esame<\/p>\n<p style=\"text-align: center;\"><strong>IMPORTANTE<\/strong><\/p>\n<table class=\"table\" border=\"4\" align=\"center\">\n<tbody>\n<tr>\n<td><strong>Sono pervenute iscrizioni alla prossima sessione d&#8217;esame CILS del 4 dicembre a indirizzi e-mail diversi da quelli indicati su questo sito web e nel documento \u201cIstruzioni per l&#8217;iscrizione a distanza agli esami CILS\u201d, pertanto non ci assumiamo alcuna responsabilit\u00e0 per le iscrizioni inviate a indirizzi e-mail diversi da buenosaires.certificazioni@esteri.it. Le persone effettivamente iscritte all&#8217;esame hanno ricevuto una nostra e-mail di conferma e un documento con le informazioni relative allo svolgimento dell&#8217;esame.<\/strong><\/td>\n<\/tr>\n<\/tbody>\n<\/table>\n<div><\/div>\n<div><\/div>\n<div><strong>Chi avesse bisogno di ulteriori informazioni, pu\u00f2 scrivere a <a href=\"mailto:buenosaires.certificazioni@esteri.it\">buenosaires.certificazioni@esteri.it<\/a><\/strong><\/div>\n<div><\/div>\n<div><\/div>\n<table class=\"table\" border=\"7\" align=\"center\">\n<tbody>\n<tr>\n<td>\n<p style=\"text-decoration: underline;\">Si ricorda che il <strong>livello B1<\/strong> \u00e8 il livello <strong>richiesto dalla legge italiana<\/strong> <span style=\"text-decoration: underline;\">per <strong>richiedere la cittadinanza italiana per matrimonio<\/strong><\/span> con cittadino\/a italiano\/a.<\/p>\n<p>L&#8217;articolo 9. 1 della Legge 91\/1992, come modificato dal D.Lgs. 113\/2018 e successivamente dalla Legge 132\/2018 prevede che \u201cla concessione della cittadinanza italiana, ai sensi degli articoli 5 e 9, \u00e8 subordinata al conseguimento da parte dell\u2019interessato di un\u2019<strong>adeguata conoscenza della lingua italiana non inferiore al livello B1 del Quadro comune europeo di riferimento per la conoscenza delle lingue\u201d.<\/strong><\/td>\n<\/tr>\n<\/tbody>\n<\/table>\n<p>&nbsp;<\/p>\n<table class=\"table\" border=\"7\" align=\"center\">\n<tbody>\n<tr>\n<td><strong>\u00a0 \u00a0Solo nella sessione di dicembre di ogni anno sar\u00e0 possibile iscriversi agli esami CILS dei livelli A2 e C2.<\/strong><strong><br \/>\n<\/strong><\/td>\n<\/tr>\n<\/tbody>\n<\/table>\n<p>&nbsp;<\/p>\n<p><strong>TASSE DI ISCRIZIONE AGLI ESAMI CILS IN EURO<\/strong><\/p>\n<table width=\"727\">\n<tbody>\n<tr>\n<td><strong>LIVELLO<\/strong><\/td>\n<td><strong>TASSA SECONDO LIVELLO<\/strong><\/td>\n<td width=\"263\"><strong>QUOTA PER OGNI ABILIT\u00c0<\/strong><br \/>\n<strong>DA RECUPERARE<\/strong><\/td>\n<\/tr>\n<tr>\n<td><strong>A2<\/strong><\/td>\n<td style=\"text-align: center;\"><strong>&#8211;<\/strong><\/td>\n<td style=\"text-align: center;\" width=\"263\"><strong>&#8211;<\/strong><\/td>\n<\/tr>\n<tr>\n<td><strong>CILS UNO \u2013 B1<\/strong><\/td>\n<td style=\"text-align: center;\"><strong>\u20ac 60<\/strong><\/td>\n<td style=\"text-align: center;\" width=\"263\"><strong>\u20ac 20<\/strong><\/td>\n<\/tr>\n<tr>\n<td><strong>CILS DUE \u2013 B2<\/strong><\/td>\n<td style=\"text-align: center;\"><strong>\u20ac 70<\/strong><\/td>\n<td style=\"text-align: center;\" width=\"263\"><strong>\u20ac 23<\/strong><\/td>\n<\/tr>\n<tr>\n<td><strong>CILS TRE \u2013 C1<\/strong><\/td>\n<td style=\"text-align: center;\"><strong>\u20ac 80<\/strong><\/td>\n<td style=\"text-align: center;\" width=\"263\"><strong>\u20ac 25<\/strong><\/td>\n<\/tr>\n<tr>\n<td><strong>CILS QUATTRO _ C2<\/strong><\/td>\n<td style=\"text-align: center;\"><strong>&#8211;<\/strong><\/td>\n<td style=\"text-align: center;\" width=\"263\"><strong>&#8211;<\/strong><\/td>\n<\/tr>\n<\/tbody>\n<\/table>\n<p>&nbsp;<\/p>\n<div>\n<table class=\"table\" border=\"7\" align=\"center\">\n<tbody>\n<tr>\n<td><strong>\u00a0<a href=\"https:\/\/iicbuenosaires.esteri.it\/wp-content\/uploads\/2026\/01\/INSTRUCCIONES-PARA-LA-INSCRIPCION-EXAMENES-CILS2026.docx\">Scarica qui le istruzioni per completare l&#8217;iscrizione agli esami CILS<\/a><br \/>\n<\/strong><\/td>\n<\/tr>\n<\/tbody>\n<\/table>\n<\/div>\n<p style=\"text-align: center;\"><a href=\"https:\/\/iicbuenosaires.esteri.it\/wp-content\/uploads\/2026\/01\/proposta-di-adesione-CILS-ADULTI-giugno2026.doc\"><strong>DOMANDA DI PARTECIPAZIONE ALL&#8217;ESAME CILS DEL 16 GIUGNO 2026<\/strong><\/a><\/p>\n<p>Puoi trovare anche<strong><span style=\"color: #ff0000;\"><span style=\"color: #3366ff;\">\u00a0qui il documento con le tasse in pesos<\/span> <span style=\"color: #000000;\">(Solo disponibile quando le iscrizioni sono aperte)<\/span><\/span><\/strong><\/p>\n<p><strong>Scarica gratuitamente un <a href=\"https:\/\/cils.unistrasi.it\/1\/89\/202\/Sessione_giugno_2017.htm\">modello di esame offerto dall&#8217;Universit\u00e0 per Stranieri di Siena Attenzione<\/a>: il link appartiene all&#8217;Universit\u00e0 di Siena. Noi non disponiamo di modelli di esame<\/strong><\/p>\n<p>\u00c8 molto utile approfittare di queste prove per orientarvi nella scelta del livello di esame e autovalutare il vostro livello di competenza in italiano. Il Centro CILS mette a vostra disposizione le <a href=\"https:\/\/cils.unistrasi.it\/1\/89\/202\/Sessione_giugno_2017.htm\"><strong>prove d&#8217; esame autentiche della sessione di giugno 2017<\/strong><\/a>, complete di tutti gli strumenti utili per gli studenti e per gli insegnanti, tra cui le chiavi di soluzione, i criteri di valutazione e i fogli elettronici per la trascrizione delle risposte.<\/p>\n<p>Trova qui le indicazioni delle <a href=\"https:\/\/iicbuenosaires.esteri.it\/wp-content\/uploads\/2025\/01\/Procedure-valutazione.pdf\">procedure di valutazione, i criteri della valutazione e dell&#8217;attribuzione dei punteggi<\/a>.<\/p>\n<p>Per ulteriori informazioni sugli esami CILS <strong>presso la nostra sede<\/strong> puoi scrivere alla seguente mail: <a href=\"mailto:alicia.mannucci@esteri.it\">alicia.mannucci@esteri.it<\/a><\/p>\n<p><span style=\"text-decoration: underline;\"><strong>Vi preghiamo di non indirizzare le vostre domande sugli esami CILS a nessun altro indirizzo mail<br \/>\n<\/strong><\/span><\/p>\n<p>*************************************************************************************************************************<\/p>\n<p><span style=\"text-decoration: underline; color: #000000;\"><strong>I RISULTATI DEGLI ESAMI <\/strong><\/span><strong> saranno disponibili dopo 3 mesi.\u00a0<\/strong><strong>Non si eseguono correzioni anticipate.\u00a0<\/strong><br \/>\nClicca questo\u00a0<a href=\"https:\/\/online.unistrasi.it\/riscils.asp\"><strong>link<\/strong><\/a><strong>\u00a0<\/strong>per visualizzare i risultati<strong>. <\/strong>Non vengono comunicati i risultati su richiesta telefonica al Centro CILS e tanto meno alla sede dove si \u00e8 svolto l&#8217;esame perch\u00e9, per motivi di privacy, i centri di esame non ricevono le liste dei risultati.<strong><br \/>\n<\/strong><\/p>\n<p><strong>NB Se non visualizzate il vostro risultato <\/strong>dopo aver inserito correttamente il vostro numero di matricola e la vostra data di nascita <strong>significa che ancora il vostro esame non \u00e8 stato valutato. <\/strong><strong><br \/>\n<\/strong><\/p>\n<p><strong>PER IL RITIRO DEI CERTIFICATI I CANDIDATI DEVONO RIVOLGERSI ALLE SEDI IN CUI HANNO SOSTENUTO L&#8217;ESAME.<\/strong><\/p>\n<p>&nbsp;<\/p>\n<p><span style=\"text-decoration: underline; color: #000000;\"><strong>RILASCIO DEI CERTIFICATI<\/strong><\/span><br \/>\nTerminate le procedure di valutazione il Centro CILS rilascia i certificati alle persone che hanno superato tutte le prove.<\/p>\n<p><strong>I certificati sono inviati alle sedi dove i candidati hanno sostenuto l&#8217;esame circa 6\/7 mesi dopo la data dell&#8217;esame.<\/strong><\/p>\n<p><strong>Non appena ricevuta la busta con i certificati, questo Istituto invia una mail a tutti i partecipanti alla sessione in questione affinch\u00e9 sappiano che possono venire a ritirarli. Purtroppo, \u00a0dobbiamo inviare questa mail a tutte le persone che si sono iscritte per sostenere l&#8217;esame dato che, per motivi di privacy, i centri di esame non ricevono le liste dei risultati.<\/strong><\/p>\n<p><strong>**************************************************************************************************************************************************************************<\/strong><\/p>\n<p><strong><span style=\"text-decoration: underline; color: #008000;\">Corsi di preparazione agli esami CILS nel nostro Istituto: <\/span><\/strong><\/p>\n<p><strong><span style=\"color: #000000;\">ATTENZIONE: La frequenza di questi corsi NON \u00e8 un requisito obbligatorio per iscriversi agli esami CILS<\/span><br \/>\n<\/strong>L&#8217;Istituto organizza corsi di allenamento per affrontare con maggior sicurezza gli esami CILS. Questi corsi hanno lo scopo di familiarizzare gli studenti con gli esami e di sviluppare le competenze necessarie per superarli ma <strong>non insegnano la lingua<\/strong>. Il <span style=\"color: #000000;\"><strong>nostro Istituto <\/strong><\/span>ha una offerta varia di <span style=\"color: #000000;\"><strong>corsi per imparare l&#8217;italiano<\/strong><\/span> che pu\u00f2 essere visionata al seguente link: <a href=\"https:\/\/iicbuenosaires.esteri.it\/es\/lingua-e-cultura\/i-corsi-di-lingua\/cursos-regulares-intensivos-y-superintensivos-de-italiano\/\"><strong>Corsi di italiano e calendario<\/strong><\/a><\/p>\n<p><a href=\"https:\/\/iicbuenosaires.esteri.it\/it\/lingua-e-cultura\/i-corsi-di-lingua\/i-nostri-corsi-di-preparazione-agli-esami-cils\/\"><strong><span style=\"text-decoration: underline; color: #008000;\">TROVA QUI L&#8217;INFORMAZIONE COMPLETA SUI CORSI DI PREPARAZIONE AGLI ESAMI CILS<\/span><\/strong><\/a><\/p>\n<p><strong><span style=\"color: #000000;\">Informazioni relative ai corsi di preparazione agli esami CILS<\/span>: <a href=\"mailto:corsilingua.iicbuenosaires@esteri.it\">corsilingua.iicbuenosaires@esteri.it<\/a><\/strong><\/p>\n<p>QUESTO <strong>INDIRIZZO <span style=\"color: #000000;\">MAIL CORRISPONDE ALLA SEGRETERIA DEI NOSTRI CORSI<\/span><\/strong><span style=\"color: #000000;\">. <\/span><span style=\"text-decoration: underline;\"><strong>Non rivolgersi a questa mail per altri motivi<\/strong><\/span>.<\/p>\n<p><strong><span style=\"text-decoration: underline;\"><span class=\"titoloCategoria\"><em>Equivalenza delle certificazioni della lingua italiana con il Quadro Comune Europeo di Riferimento<\/em><\/span><\/span><em>:<\/em>\u00a0<\/strong><\/p>\n<table class=\"tableRed table\" style=\"height: 400px;\" border=\"1\" width=\"706\" cellspacing=\"0\" cellpadding=\"0\">\n<tbody>\n<tr>\n<th class=\"titolorosso\" width=\"100\"><\/th>\n<td>Universit\u00e0 per Stranieri di Perugia<\/td>\n<td class=\"titolorosso\" width=\"100\">Universit\u00e0 per Stranieri di<br \/>\nSiena<\/td>\n<td class=\"titolorosso\" width=\"100\">Universit\u00e0 degli Studi di Roma Tre<\/td>\n<td class=\"titolorosso\" width=\"100\">Dante Alighieri<\/td>\n<\/tr>\n<tr>\n<td class=\"tableRed\" width=\"100\"><span class=\"titoloRosso\">LIVELLO C2<br \/>\nPadronanza<\/span><\/td>\n<td width=\"100\">CELI 5<\/td>\n<td class=\"tableRed\" width=\"100\">CILS Quattro-C2<\/td>\n<td class=\"tableRed\" width=\"100\">IT<\/td>\n<td class=\"tableRed\" width=\"100\">PLIDA C2<\/td>\n<\/tr>\n<tr>\n<td class=\"tableRed\" width=\"100\"><span class=\"titoloRosso\">LIVELLO C1<br \/>\nEfficacia<\/span><\/td>\n<td class=\"tableRed\" width=\"100\">CELI 4<\/td>\n<td class=\"tableRed\" width=\"100\">CILS Tre-C1<\/td>\n<td class=\"tableRed\" width=\"100\">&#8212;&#8212;<\/td>\n<td class=\"tableRed\" width=\"100\">PLIDA C1<\/td>\n<\/tr>\n<tr>\n<td class=\"tableRed\" width=\"100\"><span class=\"titoloRosso\">LIVELLO B2<br \/>\n<\/span><span class=\"titoloRosso\">Progresso<br \/>\n<\/span><\/td>\n<td class=\"tableRed\" width=\"100\">CELI3<\/td>\n<td class=\"tableRed\" width=\"100\">CILS Due B2<\/td>\n<td class=\"tableRed\" width=\"100\">&#8212;&#8212;<\/td>\n<td class=\"tableRed\" width=\"100\">PLIDA\u00a0B2<\/td>\n<\/tr>\n<tr>\n<td class=\"tableRed\" width=\"100\"><span class=\"titoloRosso\">LIVELLO B1<br \/>\nSoglia<\/span><\/td>\n<td class=\"tableRed\" width=\"100\">CELI2<\/td>\n<td class=\"tableRed\" width=\"100\">CILS Uno B1<\/td>\n<td class=\"tableRed\" width=\"100\">ele.IT<\/td>\n<td class=\"tableRed\" width=\"100\">PLIDA B1<\/td>\n<\/tr>\n<tr>\n<td class=\"tableRed\" width=\"100\"><span class=\"titoloRosso\">LIVELLO A2<br \/>\nSopravvivenza<\/span><\/td>\n<td class=\"tableRed\" width=\"100\">CELI1<\/td>\n<td class=\"tableRed\" width=\"100\">CILS A2<\/td>\n<td class=\"tableRed\" width=\"100\">&#8212;&#8212;<\/td>\n<td class=\"tableRed\" width=\"100\">PLIDA\u00a0A2<\/td>\n<\/tr>\n<tr>\n<td class=\"tableRed\" width=\"100\"><span class=\"titoloRosso\">LIVELLO A1<br \/>\nContatto<\/span><\/td>\n<td class=\"tableRed\" width=\"100\">CELI1<\/td>\n<td class=\"tableRed\" width=\"100\">CILS A1<\/td>\n<td class=\"tableRed\" width=\"100\">&#8212;&#8212;<\/td>\n<td class=\"tableRed\" width=\"100\">PLIDA A1<\/td>\n<\/tr>\n<\/tbody>\n<\/table>\n<p>&nbsp;<\/p>\n<p><strong>Vedi il quadro comparativo delle <a href=\"https:\/\/iicbuenosaires.esteri.it\/wp-content\/uploads\/2023\/10\/Tabla_de_equivalencias_CRL.pdf\">certificazioni per la maggior parte delle lingue europee<\/a><\/strong><\/p>\n","protected":false},"excerpt":{"rendered":"Prossima sessione d&#8217;esame: 16 giugno 2026 &nbsp; Certificazione d\u2019italiano come lingua straniera I Certificati di Italiano sono\u00a0titoli che dichiarano il grado di competenza comunicativa in italiano come lingua straniera. I destinatari sono tutti i cittadini stranieri, i cittadini italiani residenti all\u2019estero (discendenti di emigrati italiani) e gli immigrati stranieri in Italia. Per sostenere le prove [&hellip;]","protected":false},"author":1,"featured_media":15156,"parent":16,"menu_order":4,"comment_status":"closed","ping_status":"closed","template":"","meta":{"footnotes":""},"class_list":["post-44","page","type-page","status-publish","has-post-thumbnail","hentry"],"_links":{"self":[{"href":"https:\/\/iicbuenosaires.esteri.it\/it\/wp-json\/wp\/v2\/pages\/44","targetHints":{"allow":["GET"]}}],"collection":[{"href":"https:\/\/iicbuenosaires.esteri.it\/it\/wp-json\/wp\/v2\/pages"}],"about":[{"href":"https:\/\/iicbuenosaires.esteri.it\/it\/wp-json\/wp\/v2\/types\/page"}],"author":[{"embeddable":true,"href":"https:\/\/iicbuenosaires.esteri.it\/it\/wp-json\/wp\/v2\/users\/1"}],"replies":[{"embeddable":true,"href":"https:\/\/iicbuenosaires.esteri.it\/it\/wp-json\/wp\/v2\/comments?post=44"}],"version-history":[{"count":7,"href":"https:\/\/iicbuenosaires.esteri.it\/it\/wp-json\/wp\/v2\/pages\/44\/revisions"}],"predecessor-version":[{"id":22160,"href":"https:\/\/iicbuenosaires.esteri.it\/it\/wp-json\/wp\/v2\/pages\/44\/revisions\/22160"}],"up":[{"embeddable":true,"href":"https:\/\/iicbuenosaires.esteri.it\/it\/wp-json\/wp\/v2\/pages\/16"}],"wp:featuredmedia":[{"embeddable":true,"href":"https:\/\/iicbuenosaires.esteri.it\/it\/wp-json\/wp\/v2\/media\/15156"}],"wp:attachment":[{"href":"https:\/\/iicbuenosaires.esteri.it\/it\/wp-json\/wp\/v2\/media?parent=44"}],"curies":[{"name":"wp","href":"https:\/\/api.w.org\/{rel}","templated":true}]}}