{"id":4833,"date":"2024-01-25T20:33:03","date_gmt":"2024-01-25T19:33:03","guid":{"rendered":"https:\/\/iicbuenosaires.esteri.it\/?page_id=4833"},"modified":"2026-03-27T17:33:27","modified_gmt":"2026-03-27T16:33:27","slug":"corsi-di-cultura","status":"publish","type":"page","link":"https:\/\/iicbuenosaires.esteri.it\/it\/lingua-e-cultura\/i-corsi-di-lingua\/corsi-di-cultura\/","title":{"rendered":"Club di lettura, corsi tematici e di conversazione"},"content":{"rendered":"<p style=\"text-align: center;\"><strong>L\u2019istituto Italiano di cultura presenta il suo nuovo Club di Lettura<\/strong><\/p>\n<p style=\"text-align: center;\"><img loading=\"lazy\" decoding=\"async\" class=\"img-fluid alignnone wp-image-22216 size-large\" src=\"https:\/\/iicbuenosaires.esteri.it\/wp-content\/uploads\/2026\/03\/club-di-lettura-1024x576.png\" alt=\"\" width=\"640\" height=\"360\" srcset=\"https:\/\/iicbuenosaires.esteri.it\/wp-content\/uploads\/2026\/03\/club-di-lettura-1024x576.png 1024w, https:\/\/iicbuenosaires.esteri.it\/wp-content\/uploads\/2026\/03\/club-di-lettura-300x169.png 300w, https:\/\/iicbuenosaires.esteri.it\/wp-content\/uploads\/2026\/03\/club-di-lettura-768x432.png 768w, https:\/\/iicbuenosaires.esteri.it\/wp-content\/uploads\/2026\/03\/club-di-lettura.png 1366w\" sizes=\"auto, (max-width: 640px) 100vw, 640px\" \/><\/p>\n<p>A partire dal <strong>14 aprile, due percorsi letterari trimestrali<\/strong> che invitano ad esplorare diversi momenti, voci e problematiche della tradizione letterario italiana.<\/p>\n<p><strong>1.Percorsi di lettura tra due rive \u2013 modalit\u00e1 in presenza<\/strong><\/p>\n<p style=\"text-align: center;\"><img loading=\"lazy\" decoding=\"async\" class=\"img-fluid alignnone wp-image-22217 size-medium\" src=\"https:\/\/iicbuenosaires.esteri.it\/wp-content\/uploads\/2026\/03\/4-240x300.png\" alt=\"\" width=\"240\" height=\"300\" srcset=\"https:\/\/iicbuenosaires.esteri.it\/wp-content\/uploads\/2026\/03\/4-240x300.png 240w, https:\/\/iicbuenosaires.esteri.it\/wp-content\/uploads\/2026\/03\/4-819x1024.png 819w, https:\/\/iicbuenosaires.esteri.it\/wp-content\/uploads\/2026\/03\/4-768x960.png 768w, https:\/\/iicbuenosaires.esteri.it\/wp-content\/uploads\/2026\/03\/4.png 1080w\" sizes=\"auto, (max-width: 240px) 100vw, 240px\" \/><\/p>\n<p>Un percorso che mette in dialogo autori e punti di vista tra Italia e Argentina, con testi di <strong>Donatella di Pietrantonio<\/strong> e <strong>Adri\u00e1n Bravi<\/strong>, a carico di <strong>Paula Gim\u00e9nez<\/strong>.<\/p>\n<p>Le classi si svilupperanno in <strong>maniera presenziale<\/strong>, i <strong>marted\u00ec dalle ore 18.00 alle 20.00, nella sede dei corsi dell\u2019istituto<\/strong><strong>: <\/strong><strong>\u00a0Marcelo T. de Alvear 1149, 5\u00b0 piso. <\/strong><\/p>\n<p>Data di inizio:<strong> 14 aprile<\/strong><\/p>\n<p><strong>Valore totale del corso<\/strong>: 280.000 pesos. Il corso si apre con un <strong>minimo di 8 iscritti<\/strong>.<\/p>\n<p><strong>2.Uno, Nessuno, Centomila \u2013 Luigi Pirandello \u2013 modalit\u00e0 online<\/strong><\/p>\n<p style=\"text-align: center;\"><img loading=\"lazy\" decoding=\"async\" class=\"alignnone size-medium wp-image-22222 img-fluid\" src=\"https:\/\/iicbuenosaires.esteri.it\/wp-content\/uploads\/2026\/03\/5-240x300.png\" alt=\"\" width=\"240\" height=\"300\" srcset=\"https:\/\/iicbuenosaires.esteri.it\/wp-content\/uploads\/2026\/03\/5-240x300.png 240w, https:\/\/iicbuenosaires.esteri.it\/wp-content\/uploads\/2026\/03\/5-819x1024.png 819w, https:\/\/iicbuenosaires.esteri.it\/wp-content\/uploads\/2026\/03\/5-768x960.png 768w, https:\/\/iicbuenosaires.esteri.it\/wp-content\/uploads\/2026\/03\/5.png 1080w\" sizes=\"auto, (max-width: 240px) 100vw, 240px\" \/><\/p>\n<p>Un seminario dedicato a una delle opere fondamentali del XX secolo italiano, coordinato da <strong>Guillermo Piro<\/strong>, che propone un&#8217;analisi approfondita del testo originale.<\/p>\n<p>Si terr\u00e0 in <strong>modalit\u00e0 online<\/strong>, ogni <strong>gioved\u00ec dalle 18:00 alle 19:30<\/strong>.<\/p>\n<p><strong>Durata<\/strong>: 9 incontri.<\/p>\n<p>Data di inizio: <strong>16 aprile<\/strong>.<\/p>\n<p><strong>Costo totale del corso<\/strong>: 180.000 pesos. Il corso si terr\u00e0 con un <strong>minimo di 8 iscritti<\/strong>.<\/p>\n<p><strong>Per partecipare \u00e8 consigliato un livello intermedio (B1).<\/strong><\/p>\n<p><strong>Per informazioni e iscrizioni<\/strong> potete recarvi presso la nostra sede corsi <strong>in Marcelo T. de Alvear 1149, 5\u00b0 piano<\/strong>, oppure scrivere all&#8217;indirizzo e-mail <a href=\"mailto:corsilingua.iicbuenosaires@esteri.it\"><strong>corsilingua.iicbuenosaires@esteri.it<\/strong><\/a><\/p>\n<hr \/>\n<p style=\"text-align: center;\"><strong>ISCRIZIONI APERTE AI NUOVI CORSI TEMATICI \u00a0E DI CONVERSAZIONE DEL I QUADRIMESTRE 2026<\/strong><\/p>\n<h5 style=\"text-align: center;\"><img loading=\"lazy\" decoding=\"async\" class=\"alignnone size-medium wp-image-20856 img-fluid\" src=\"https:\/\/iicbuenosaires.esteri.it\/wp-content\/uploads\/2026\/01\/2026.CORSI_.GRAFICA-GENERALE-TEMATICI-280x300.png\" alt=\"\" width=\"280\" height=\"300\" srcset=\"https:\/\/iicbuenosaires.esteri.it\/wp-content\/uploads\/2026\/01\/2026.CORSI_.GRAFICA-GENERALE-TEMATICI-280x300.png 280w, https:\/\/iicbuenosaires.esteri.it\/wp-content\/uploads\/2026\/01\/2026.CORSI_.GRAFICA-GENERALE-TEMATICI-956x1024.png 956w, https:\/\/iicbuenosaires.esteri.it\/wp-content\/uploads\/2026\/01\/2026.CORSI_.GRAFICA-GENERALE-TEMATICI-768x823.png 768w, https:\/\/iicbuenosaires.esteri.it\/wp-content\/uploads\/2026\/01\/2026.CORSI_.GRAFICA-GENERALE-TEMATICI.png 1654w\" sizes=\"auto, (max-width: 280px) 100vw, 280px\" \/><\/h5>\n<p><strong><u>Corsi tematici<\/u><\/strong><br \/>\n<strong>A partire dal 10 marzo <\/strong>inizieranno i nuovi corsi tematici del 2026, disegnati per offrire agli studenti un contatto pi\u00f9 profondo e cosciente della lingua e della cultura italiana.<\/p>\n<p>&nbsp;<\/p>\n<p><strong>\u2297<\/strong><strong> Attualit\u00e0 italiana<\/strong><\/p>\n<p>Il corso propone di esplorare vari aspetti dell\u2019Italia attuale, attraverso la lettura di vari quotidiani quali La Repubblica, La Stampa, Il Corriere della sera e di settimanali come l\u2019Espresso, L\u2019Internazionale, nonch\u00e9 la visione di documentari o estratti di trasmissioni televisive.<\/p>\n<p>L\u2019obiettivo \u00e8 quello di creare una discussione, sotto forma di tavola rotonda, attorno ad un fatto dell\u2019attualit\u00e0 politica, culturale, sociale, economica dell\u2019Italia di oggi.<br \/>\nOgni settimana l\u2019insegnante fornir\u00e0 degli articoli su un dato argomento relativo all\u2019attualit\u00e0 italiana che sar\u00e0 analizzato, discusso, commentato la volta successiva.<\/p>\n<p>L\u2019insegnante guider\u00e0 gli studenti nella comprensione scritta (o orale se si tratta di materiale audio) e veglier\u00e0 alla correttezza grammaticale e lessicale nella loro espressione orale.<\/p>\n<p><strong>Giorni e orari: <\/strong>dal 12 marzo al 25 giugno, tutti i gioved\u00ec dalle 15.30 alle 17.30<strong><br \/>\nDurata:\u00a0<\/strong>30 ore<strong><br \/>\nModalit\u00e1:\u00a0<\/strong>In presenza<strong><br \/>\nLivello richiesto: <\/strong>A partire dal A2<strong><br \/>\nDocente: <\/strong>Fraioli Elvio<\/p>\n<p>&nbsp;<\/p>\n<p><strong>\u2297<\/strong><strong>\u00a0La Letteratura Italiana nella (e per la) Televisione Italiana<\/strong><\/p>\n<p>Le opere letterarie sono infinita fonte di ispirazione non solo per il cinema, ma anche per la televisione ed in generale per tutti i media audiovisivi.<\/p>\n<p>Specialmente nei suoi primi decenni, la televisione italiana ebbe una forte connotazione didattica, che sfrutt\u00f2 in maniera molto effettiva, riuscendo ad avvicinare il pubblico pi\u00f9 distante dalla vita culturale (all\u2019inizio con importanti fasce di analfabetismo ed uso quasi esclusivo di \u201cdialetti\u201d).<\/p>\n<p>Si inizier\u00e1 con una breve storia della televisione italiana, del suo rapporto con la letteratura e del linguaggio usato per raggiungere il suo obiettivo primordiale;\u00a0 poi si passer\u00e0 al confronto fra materiale letterario e la sua \u201cversione\u201d in immagini e si discuter\u00e1 di quanto visto e letto.<\/p>\n<p>Verranno prediletti materiali brevi per garantire a tutti di vedere un filmato e leggere la sua originale versione scritte alla quale \u00e9 ispirato; i \u201cclassici\u201d comunque non verranno trascurati, ma si cercher\u00e0 di dare spazio anche a pubblicazioni recenti.<\/p>\n<p><strong>Giorni e orari:\u00a0<\/strong>dal 10 marzo al 23 giugno, tutti i marted\u00ec delle 18:00 alle 20:00<strong><br \/>\nDurata:\u00a0<\/strong>30 ore<strong><br \/>\nModalit\u00e0: <\/strong>In presenza<strong><br \/>\nLivello suggerito:\u00a0<\/strong>A partire dal B1<strong><br \/>\nDocente: <\/strong>Paola Ferranti<\/p>\n<p>&nbsp;<\/p>\n<p><strong>\u2297<\/strong> <strong>La Penisola Italica Tra Rinascimento E Barocco<\/strong><\/p>\n<p>La Penisola Italica nel XV e XVI secolo ha vissuto un\u2019evoluzione storica e artistica affascinante; il corso offre di esplorare inizialmente l&#8217;eredit\u00e0 della &#8220;triade solare&#8221;: Leonardo da Vinci, Michelangelo Buonarroti e Raffaello Sanzio, maestri che hanno rivoluzionato la pittura, la scultura e l&#8217;architettura con il loro genio innovativo.<\/p>\n<p>Ci sposteremo poi a Venezia, citt\u00e0 unica, dove verr\u00e0 analizzata la sua interpretazione rinascimentale attraverso le opere di Giorgione e Tiziano, artisti che con la loro tecnica pittorica hanno influenzato generazioni future.<\/p>\n<p>Nel contesto storico delle Guerre d&#8217;Italia, si tratter\u00e0 l&#8217;architettura di Andrea Palladio, con le sue ville venete, simbolo di eleganza classica e integrazione con la natura. Infine, si concluder\u00e0 con Tintoretto e Paolo Veronese che, con la loro drammaticit\u00e0 e opulenza, rappresentano il preludio dell&#8217;epoca barocca.<\/p>\n<p><strong>Giorni e orari:\u00a0<\/strong>dal 13 marzo al 3 luglio, tutti i venerd\u00ec dalle 17:00 alle 19:00<br \/>\n<strong>Durata:\u00a0<\/strong>30 ore<strong><br \/>\nModalit\u00e0: <\/strong>Online<strong><br \/>\nLivello richiesto:\u00a0<\/strong>A partire dall\u2019A2<strong><br \/>\nDocente: <\/strong>Marina Giacometti<\/p>\n<p>&nbsp;<\/p>\n<p><strong>\u2297 <\/strong><strong>Laboratorio di scrittura creativa<\/strong><\/p>\n<p>Uno spazio per praticare la lingua attraverso la scrittura, a partire da testi ispiratori e piccoli frammenti autobiografici: una fotografia di famiglia, un paesaggio dell&#8217;infanzia, un ricordo lontano, un aneddoto curioso. Ogni incontro sar\u00e0 dedicato a esercizi guidati in gruppo, momenti di lettura e condivisione, e proposte di scrittura da completare a casa con correzione individuale da parte dell&#8217;insegnante. Non \u00e8 necessario avere esperienza nella scrittura creativa, serve solo la voglia di mettersi in gioco in italiano.<\/p>\n<p><strong>Giorni e Orari:\u00a0<\/strong>dal 13 de marzo al 3 luglio, tutti i venerd\u00ec dalle dalle 18:00 alle 20:00<br \/>\n<strong>Durata:\u00a0<\/strong>30 ore<strong><br \/>\nModalit\u00e0: <\/strong>Online<strong><br \/>\nLivello richiesto:\u00a0<\/strong>A partire dall\u2019 A2<strong><br \/>\nDocente: <\/strong>Paula Santamaria<\/p>\n<p style=\"text-align: center;\"><img loading=\"lazy\" decoding=\"async\" class=\"img-fluid alignnone wp-image-21362 size-full\" src=\"https:\/\/iicbuenosaires.esteri.it\/wp-content\/uploads\/2026\/02\/2026.Nuovo-flyer-costo-corsi-tematici.png\" alt=\"\" width=\"851\" height=\"315\" srcset=\"https:\/\/iicbuenosaires.esteri.it\/wp-content\/uploads\/2026\/02\/2026.Nuovo-flyer-costo-corsi-tematici.png 851w, https:\/\/iicbuenosaires.esteri.it\/wp-content\/uploads\/2026\/02\/2026.Nuovo-flyer-costo-corsi-tematici-300x111.png 300w, https:\/\/iicbuenosaires.esteri.it\/wp-content\/uploads\/2026\/02\/2026.Nuovo-flyer-costo-corsi-tematici-768x284.png 768w\" sizes=\"auto, (max-width: 851px) 100vw, 851px\" \/><\/p>\n<p><strong>\u2297 <\/strong><strong>Conversazioni sull\u2019arte e la cultura italiana<\/strong><\/p>\n<p>L\u2019Italia rappresenta il centro di una storia artistica e culturale che irradia la sua potenza verso tutto il mondo.<br \/>\nLa letteratura, la scultura, la musica, il teatro, il fumetto, il cinema\u2026<br \/>\nQuesta caratteristica che fa dell\u2019Italia il nucleo della tradizione occidentale ci fornisce l&#8217;opportunit\u00e0 di aprire uno spazio di incontro per far s\u00ec che gli studenti del livello avanzato della lingua italiana mettano in dialogo i loro punti di vista.<br \/>\nPertanto, tutti i tesori dell\u2019arte e la cultura saranno le basi di un\u2019attivit\u00e0 di perfezionamento delle competenze della lingua nelle sue quattro dimensioni, cio\u00e8 il parlato, l\u2019ascolto, la scrittura e la lettura.<\/p>\n<p>La proposta delle \u201cconversazioni sull&#8217;arte e la cultura italiana\u201d verr\u00e0 svolta in due quadrimestri, in cui un argomento sar\u00e0 affrontato ogni mese in lezioni settimanali di due ore. L\u2019idea non \u00e8 limitarsi a lavorare su un corpus rigido, bens\u00ec sfruttare la proposta cosicch\u00e9 gli studenti possano introdurre qualche autore, opera oppure qualsiasi argomento che abbia un collegamento con quello di cui si sta parlando.<\/p>\n<p><strong>Giorni e orari: <\/strong>Mercoled\u00ec 18.30 a 20.30<\/p>\n<p><strong>Durata: <\/strong>Due quadrimestri<\/p>\n<p><strong>Modalit\u00e0: <\/strong>Presenziale<\/p>\n<p><strong>Livello suggerito: <\/strong>Avanzato<\/p>\n<p><strong>Docente: <\/strong>Elvio Fraioli<\/p>\n<p>&nbsp;<\/p>\n<p><span style=\"text-decoration: underline;\"><strong>Corsi di Conversazione<\/strong><\/span><\/p>\n<p>A partire dal 9 Marzo fino al 5 Luglio si terranno i nuovi corsi di conversazione. I corsi sono offerti sia in modalit\u00e0 presenziale che online e vanno dal livello intermedio al livello avanzato.<\/p>\n<p>&nbsp;<\/p>\n<p><strong>\u2297 <\/strong><strong>CORSO DI CONVERSAZIONE INTERMEDIA<\/strong> (13\/03 AL 13\/07)<\/p>\n<p>Gioved\u00ec dalle 11.00 alle 13.00\u00a0\u00a0\u00a0\u00a0\u00a0\u00a0\u00a0 IN PRESENZA<\/p>\n<p>&nbsp;<\/p>\n<p><strong>\u2297 <\/strong><strong>CORSO DI CONVERSAZIONE INTERMEDIA<\/strong> (09\/03 al 22\/06)<\/p>\n<p>Luned\u00ec dalle 18.30 alle 20.30\u00a0\u00a0\u00a0\u00a0\u00a0\u00a0\u00a0\u00a0\u00a0\u00a0\u00a0\u00a0\u00a0 ON LINE<\/p>\n<p>&nbsp;<\/p>\n<p><strong>\u2297 <\/strong><strong>CORSO DI CONVERSAZIONE AVANZATA<\/strong> (13\/03 al 03\/07)<\/p>\n<p>Gioved\u00ec dalle 18.30 alle 20.30\u00a0\u00a0\u00a0\u00a0\u00a0\u00a0 IN\u00a0 PRESENZA<\/p>\n<p>&nbsp;<\/p>\n<p><a href=\"https:\/\/iicbuenosaires.esteri.it\/wp-content\/uploads\/2026\/02\/COSTO-CORSI-1-CUATRIMESTRE-con-sconti.doc\">Costo dei corsi<\/a><\/p>\n<p><a href=\"https:\/\/iicbuenosaires.esteri.it\/wp-content\/uploads\/2026\/02\/Scheda-discrizione-CORSI-TEMATICI-1.doc\">Scarica qui<\/a> la tua scheda d\u2019iscrizione ai cosi tematici e di conversazione<\/p>\n<p><strong>Metodi di pagamento<\/strong>:\u00a0Bonifico bancario, deposito bancario o contanti.<\/p>\n<p><strong>PER ISCRIVERSI:<\/strong><\/p>\n<ul>\n<li>SCARICARE il modulo<strong>\u00a0<a href=\"https:\/\/iicbuenosaires.esteri.it\/wp-content\/uploads\/2026\/02\/Scheda-discrizione-CORSI-TEMATICI-1.doc\">in allegato a questo link<\/a> <\/strong>e COMPILARLO x NUOVO<\/li>\n<li>Per pagamento tramite bonifico o deposito bancario: INVIARE LA PROVA DI DEPOSITO O BONIFICO insieme al\u00a0<a href=\"https:\/\/iicbuenosaires.esteri.it\/wp-content\/uploads\/2026\/02\/Scheda-discrizione-CORSI-TEMATICI-1.doc\">MODULO COMPILATO<\/a>\u00a0a <a href=\"mailto:Corsilingua.iicbuenosaires@esteri.it\">corsilingua.iicbuenosaires@esteri.it<\/a><\/li>\n<li>Per pagamento in contanti: presentarsi al 5\u00b0 piano dell\u2019Istituto portando con s\u00e9 anche il modulo compilato.<\/li>\n<\/ul>\n<p><strong>ORARI DELLA SEGRETERIA DEI CORSI<\/strong><\/p>\n<p><strong>Dal 2 al 5 marzo<\/strong> l\u2019orario della Segreteria dei corsi sar\u00e0:<br \/>\ndal luned\u00ec al gioved\u00ec: 9.30 \u2013 13.30 e 14.00 \u2013 18.00<br \/>\nvenerd\u00ec: 9.30 \u2013 13.30<\/p>\n<p><strong>Dal 9 marzo in poi<\/strong>, l\u2019orario sar\u00e0:<br \/>\ndal luned\u00ec al gioved\u00ec: 9.00 \u2013 13.30 e 14.00 \u2013 20.00<br \/>\nvenerd\u00ec: 9.00 \u2013 13.30<\/p>\n<p>&nbsp;<\/p>\n","protected":false},"excerpt":{"rendered":"L\u2019istituto Italiano di cultura presenta il suo nuovo Club di Lettura A partire dal 14 aprile, due percorsi letterari trimestrali che invitano ad esplorare diversi momenti, voci e problematiche della tradizione letterario italiana. 1.Percorsi di lettura tra due rive \u2013 modalit\u00e1 in presenza Un percorso che mette in dialogo autori e punti di vista tra [&hellip;]","protected":false},"author":3,"featured_media":0,"parent":42,"menu_order":2,"comment_status":"closed","ping_status":"closed","template":"","meta":{"footnotes":""},"class_list":["post-4833","page","type-page","status-publish","hentry"],"_links":{"self":[{"href":"https:\/\/iicbuenosaires.esteri.it\/it\/wp-json\/wp\/v2\/pages\/4833","targetHints":{"allow":["GET"]}}],"collection":[{"href":"https:\/\/iicbuenosaires.esteri.it\/it\/wp-json\/wp\/v2\/pages"}],"about":[{"href":"https:\/\/iicbuenosaires.esteri.it\/it\/wp-json\/wp\/v2\/types\/page"}],"author":[{"embeddable":true,"href":"https:\/\/iicbuenosaires.esteri.it\/it\/wp-json\/wp\/v2\/users\/3"}],"replies":[{"embeddable":true,"href":"https:\/\/iicbuenosaires.esteri.it\/it\/wp-json\/wp\/v2\/comments?post=4833"}],"version-history":[{"count":12,"href":"https:\/\/iicbuenosaires.esteri.it\/it\/wp-json\/wp\/v2\/pages\/4833\/revisions"}],"predecessor-version":[{"id":22248,"href":"https:\/\/iicbuenosaires.esteri.it\/it\/wp-json\/wp\/v2\/pages\/4833\/revisions\/22248"}],"up":[{"embeddable":true,"href":"https:\/\/iicbuenosaires.esteri.it\/it\/wp-json\/wp\/v2\/pages\/42"}],"wp:attachment":[{"href":"https:\/\/iicbuenosaires.esteri.it\/it\/wp-json\/wp\/v2\/media?parent=4833"}],"curies":[{"name":"wp","href":"https:\/\/api.w.org\/{rel}","templated":true}]}}